
{"id":9,"date":"2023-03-16T08:29:51","date_gmt":"2023-03-16T08:29:51","guid":{"rendered":"http:\/\/dev2.iibanks.com\/eastafrica\/?page_id=9"},"modified":"2025-09-16T09:59:38","modified_gmt":"2025-09-16T09:59:38","slug":"leadership","status":"publish","type":"page","link":"https:\/\/dev2.iibanks.com\/eastafrica\/who-we-are\/leadership\/","title":{"rendered":"Leadership"},"content":{"rendered":"<section class=\"wpb-content-wrapper\"><p>[vc_section full_width=&#8221;stretch_row_content&#8221; el_class=&#8221;image-banner-with-text&#8221; css=&#8221;.vc_custom_1664516163430{padding-top: 0px !important;padding-bottom: 0px !important;}&#8221;][vc_row tm_bgimagefixed=&#8221;&#8221; full_width=&#8221;stretch_row_content_no_spaces&#8221;][vc_column][vc_row_inner][vc_column_inner css=&#8221;.vc_custom_1659424244579{padding-left: 0px !important;}&#8221;][vc_single_image image=&#8221;268&#8243; img_size=&#8221;full&#8221; alignment=&#8221;center&#8221; css=&#8221;.vc_custom_1678970177504{margin-bottom: 0px !important;}&#8221;][\/vc_column_inner][\/vc_row_inner][\/vc_column][\/vc_row][\/vc_section][vc_section css=&#8221;.vc_custom_1735306438062{padding-top: 50px !important;padding-right: 15px !important;padding-bottom: 50px !important;padding-left: 15px !important;background-color: #1a2159 !important;}&#8221; el_class=&#8221;our-purpose-text-box greyroW ldrshpbluE&#8221;][vc_row tm_bgimagefixed=&#8221;&#8221;][vc_column][vc_row_inner][vc_column_inner][vc_custom_heading text=&#8221;Leadership&#8221; font_container=&#8221;tag:h3|font_size:36px|text_align:left|color:%23ffffff&#8221; use_theme_fonts=&#8221;yes&#8221;][vc_custom_heading text=&#8221;A team of professionals with extensive experience in international finance.&#8221; font_container=&#8221;tag:h3|font_size:36px|text_align:left|color:%23ffffff&#8221; use_theme_fonts=&#8221;yes&#8221;][\/vc_column_inner][\/vc_row_inner][\/vc_column][\/vc_row][\/vc_section][vc_section el_class=&#8221;font-size-36 chairman-cfo-box padding-23-21 custom-container-1301-width-three boX3 ldrshP eastafrica-leadershipTeam&#8221; css=&#8221;.vc_custom_1757945950744{margin-bottom: 0px !important;}&#8221;][vc_row tm_bgcolor=&#8221;white&#8221; tm_bgimagefixed=&#8221;&#8221; tm_zindex=&#8221;&#8221; css=&#8221;.vc_custom_1758009877959{padding-bottom: 30px !important;}&#8221;][vc_column][vc_column_text]<div id=\"leadershipTeam\">\n\t\t\t\t\t<!-- Featured Leadership Profile -->\n\t\t\t\t\t<div class=\"row featured-leadership\">\n\t\t\t\t\t\t\t<a href=\"https:\/\/dev2.iibanks.com\/eastafrica\/leadership\/papa-demba-diop\/\" class=\"featured-profile-link\">\n\t\t\t\t\t\t\t\t<div class=\"featured-info-column\">\n\t\t\t\t\t\t\t\t\t<div class=\"row\">\n\t\t\t\t\t\t\t\t\t\t<div class=\"col-md-4\">\n\t\t\t\t\t\t\t\t\t\t\t<img decoding=\"async\" class=\"img-fluid featured-image\" src=\"https:\/\/dev2.iibanks.com\/eastafrica\/wp-content\/uploads\/sites\/3\/2025\/03\/Papa-Dembe-369-x-369.jpg\" alt=\"Papa Demba DIOP\">\n\t\t\t\t\t\t\t\t\t\t<\/div>\n\t\t\t\t\t\t\t\t\t\t<div class=\"col-md-8 featured-content\">\n\t\t\t\t\t\t\t\t\t\t\t<div class=\"featured-details\">\n\t\t\t\t\t\t\t\t\t\t\t\t<h2 class=\"featured-name\">Papa Demba DIOP<\/h2>\n\t\t\t\t\t\t\t\t\t\t\t\t<p class=\"featured-designation\">CEO - iib East Africa<\/p>\n\t\t\t\t\t\t\t\t\t\t\t\t<div class=\"featured-bio\">\n\t\t\t\t\t\t\t\t\t\t\t\t\t<p>[vc_section el_class=&#8221;font-size-36 bio-content-box dina-haikal-page&#8221; css=&#8221;.vc_custom_1681122674357{padding-top: 0px !important;}&#8221;][vc_row][vc_column][vc_row_inner][vc_column_inner][vc_column_text el_class=&#8221;bio-content-box-width&#8221; css=&#8221;.vc_custom_1727788311446{margin-bottom: 0px !important;}&#8221;]Papa brings over 20 years of experience in retail, corporate and sovereign banking in Africa, France, and Eastern Europe. Papa Demba previously served as Executive Commercial and Marketing Director for Africa and French Territory Overseas at Soci\u00e9t\u00e9 G\u00e9n\u00e9rale Group covering 19 countries including Algeria, Morocco, [&hellip;]<\/p>\n\n\t\t\t\t\t\t\t\t\t\t\t\t<\/div>\n\t\t\t\t\t\t\t\t\t\t\t<\/div>\n\t\t\t\t\t\t\t\t\t\t<\/div>\n\t\t\t\t\t\t\t\t\t<\/div>\n\t\t\t\t\t\t\t\t<\/div>\n\t\t\t\t\t\t\t<\/a>\n\t\t\t\t\t<\/div><div class=\"row regular-leadership\">\n\t\t\t\t\t<a href=\"https:\/\/dev2.iibanks.com\/eastafrica\/leadership\/maruf-ahmed\/\" class=\"col-md-4 profile-col-eastafrica\">\n\t\t\t\t\t\t<div class=\"info_column_eastafrica\">\t\n\t\t\t\t\t\t\t<img decoding=\"async\" class=\"img-fluid\" src=\"https:\/\/dev2.iibanks.com\/eastafrica\/wp-content\/uploads\/sites\/3\/2023\/03\/Maruf-369x369-1.jpg\" alt=\"Maruf Ahmed\">\n\t\t\t\t\t\t\t<div class=\"leadership-bod-eastafrica\">\n\t\t\t\t\t\t\t\t<h4 class=\"tm-custom-heading \">Maruf Ahmed<\/h4>\n\t\t\t\t\t\t\t\t<p class=\"tm-custom-heading \">Director - iib East Africa<\/p>\n\t\t\t\t\t\t\t<\/div>\n\t\t\t\t\t\t<\/div>\n\t\t\t\t\t<\/a>\n\t\t\t\t\t<a href=\"https:\/\/dev2.iibanks.com\/eastafrica\/leadership\/aynalem-ababu\/\" class=\"col-md-4 profile-col-eastafrica\">\n\t\t\t\t\t\t<div class=\"info_column_eastafrica\">\t\n\t\t\t\t\t\t\t<img decoding=\"async\" class=\"img-fluid\" src=\"https:\/\/dev2.iibanks.com\/eastafrica\/wp-content\/uploads\/sites\/3\/2025\/03\/Aynalem-A.jpg\" alt=\"Aynalem Ababu\">\n\t\t\t\t\t\t\t<div class=\"leadership-bod-eastafrica\">\n\t\t\t\t\t\t\t\t<h4 class=\"tm-custom-heading \">Aynalem Ababu<\/h4>\n\t\t\t\t\t\t\t\t<p class=\"tm-custom-heading \">Chief Representative Officer - Ethiopia<\/p>\n\t\t\t\t\t\t\t<\/div>\n\t\t\t\t\t\t<\/div>\n\t\t\t\t\t<\/a>\n\t\t\t\t\t<a href=\"https:\/\/dev2.iibanks.com\/eastafrica\/leadership\/neima-omar\/\" class=\"col-md-4 profile-col-eastafrica\">\n\t\t\t\t\t\t<div class=\"info_column_eastafrica\">\t\n\t\t\t\t\t\t\t<img decoding=\"async\" class=\"img-fluid\" src=\"https:\/\/dev2.iibanks.com\/eastafrica\/wp-content\/uploads\/sites\/3\/2025\/03\/Neima-Omar-369-x-369.jpg\" alt=\"Neima Omar\">\n\t\t\t\t\t\t\t<div class=\"leadership-bod-eastafrica\">\n\t\t\t\t\t\t\t\t<h4 class=\"tm-custom-heading \">Neima Omar<\/h4>\n\t\t\t\t\t\t\t\t<p class=\"tm-custom-heading \">COO<\/p>\n\t\t\t\t\t\t\t<\/div>\n\t\t\t\t\t\t<\/div>\n\t\t\t\t\t<\/a>\n\t\t\t\t\t<a href=\"https:\/\/dev2.iibanks.com\/eastafrica\/leadership\/nasir-abdi\/\" class=\"col-md-4 profile-col-eastafrica\">\n\t\t\t\t\t\t<div class=\"info_column_eastafrica\">\t\n\t\t\t\t\t\t\t<img decoding=\"async\" class=\"img-fluid\" src=\"https:\/\/dev2.iibanks.com\/eastafrica\/wp-content\/uploads\/sites\/3\/2025\/03\/Nasir-Abdi-369-x-369.jpg\" alt=\"Nasir Abdi\">\n\t\t\t\t\t\t\t<div class=\"leadership-bod-eastafrica\">\n\t\t\t\t\t\t\t\t<h4 class=\"tm-custom-heading \">Nasir Abdi<\/h4>\n\t\t\t\t\t\t\t\t<p class=\"tm-custom-heading \">Client Coverage Manager<\/p>\n\t\t\t\t\t\t\t<\/div>\n\t\t\t\t\t\t<\/div>\n\t\t\t\t\t<\/a>\n\t\t\t\t\t<a href=\"https:\/\/dev2.iibanks.com\/eastafrica\/leadership\/saredo-abdillahi\/\" class=\"col-md-4 profile-col-eastafrica\">\n\t\t\t\t\t\t<div class=\"info_column_eastafrica\">\t\n\t\t\t\t\t\t\t<img decoding=\"async\" class=\"img-fluid\" src=\"https:\/\/dev2.iibanks.com\/eastafrica\/wp-content\/uploads\/sites\/3\/2025\/03\/Saredo-Abdillahi-369-x-369.jpg\" alt=\"Saredo Abdillahi\">\n\t\t\t\t\t\t\t<div class=\"leadership-bod-eastafrica\">\n\t\t\t\t\t\t\t\t<h4 class=\"tm-custom-heading \">Saredo Abdillahi<\/h4>\n\t\t\t\t\t\t\t\t<p class=\"tm-custom-heading \">Internal Audit Manager<\/p>\n\t\t\t\t\t\t\t<\/div>\n\t\t\t\t\t\t<\/div>\n\t\t\t\t\t<\/a>\n\t\t\t\t\t<a href=\"https:\/\/dev2.iibanks.com\/eastafrica\/leadership\/william-ningayo-karyom\/\" class=\"col-md-4 profile-col-eastafrica\">\n\t\t\t\t\t\t<div class=\"info_column_eastafrica\">\t\n\t\t\t\t\t\t\t<img decoding=\"async\" class=\"img-fluid\" src=\"https:\/\/dev2.iibanks.com\/eastafrica\/wp-content\/uploads\/sites\/3\/2025\/09\/William-Ningayo-369.jpg\" alt=\"William Ningayo Karyom\">\n\t\t\t\t\t\t\t<div class=\"leadership-bod-eastafrica\">\n\t\t\t\t\t\t\t\t<h4 class=\"tm-custom-heading \">William Ningayo Karyom<\/h4>\n\t\t\t\t\t\t\t\t<p class=\"tm-custom-heading \">Internal Controller \/ Auditor Manager<\/p>\n\t\t\t\t\t\t\t<\/div>\n\t\t\t\t\t\t<\/div>\n\t\t\t\t\t<\/a>\n\t\t\t\t\t<a href=\"https:\/\/dev2.iibanks.com\/eastafrica\/leadership\/linda-moufid\/\" class=\"col-md-4 profile-col-eastafrica\">\n\t\t\t\t\t\t<div class=\"info_column_eastafrica\">\t\n\t\t\t\t\t\t\t<img decoding=\"async\" class=\"img-fluid\" src=\"https:\/\/dev2.iibanks.com\/eastafrica\/wp-content\/uploads\/sites\/3\/2025\/03\/Linda-Moufid-369-x-369.jpg\" alt=\"Linda Moufid\">\n\t\t\t\t\t\t\t<div class=\"leadership-bod-eastafrica\">\n\t\t\t\t\t\t\t\t<h4 class=\"tm-custom-heading \">Linda Moufid<\/h4>\n\t\t\t\t\t\t\t\t<p class=\"tm-custom-heading \">Recovery Manager<\/p>\n\t\t\t\t\t\t\t<\/div>\n\t\t\t\t\t\t<\/div>\n\t\t\t\t\t<\/a>\n\t\t\t\t\t<a href=\"https:\/\/dev2.iibanks.com\/eastafrica\/leadership\/stanli-felix\/\" class=\"col-md-4 profile-col-eastafrica\">\n\t\t\t\t\t\t<div class=\"info_column_eastafrica\">\t\n\t\t\t\t\t\t\t<img decoding=\"async\" class=\"img-fluid\" src=\"https:\/\/dev2.iibanks.com\/eastafrica\/wp-content\/uploads\/sites\/3\/2025\/03\/Stanli-Felix-369-x-369.jpg\" alt=\"Stanli Felix\">\n\t\t\t\t\t\t\t<div class=\"leadership-bod-eastafrica\">\n\t\t\t\t\t\t\t\t<h4 class=\"tm-custom-heading \">Stanli Felix<\/h4>\n\t\t\t\t\t\t\t\t<p class=\"tm-custom-heading \">IT Manager<\/p>\n\t\t\t\t\t\t\t<\/div>\n\t\t\t\t\t\t<\/div>\n\t\t\t\t\t<\/a>\n\t\t\t\t\t<a href=\"https:\/\/dev2.iibanks.com\/eastafrica\/leadership\/hamda-ali\/\" class=\"col-md-4 profile-col-eastafrica\">\n\t\t\t\t\t\t<div class=\"info_column_eastafrica\">\t\n\t\t\t\t\t\t\t<img decoding=\"async\" class=\"img-fluid\" src=\"https:\/\/dev2.iibanks.com\/eastafrica\/wp-content\/uploads\/sites\/3\/2025\/03\/Hamda-Ali-369-x-369.jpg\" alt=\"Hamda Ali\">\n\t\t\t\t\t\t\t<div class=\"leadership-bod-eastafrica\">\n\t\t\t\t\t\t\t\t<h4 class=\"tm-custom-heading \">Hamda Ali<\/h4>\n\t\t\t\t\t\t\t\t<p class=\"tm-custom-heading \">Senior Relationship Manager<\/p>\n\t\t\t\t\t\t\t<\/div>\n\t\t\t\t\t\t<\/div>\n\t\t\t\t\t<\/a><\/div><\/div>[\/vc_column_text][\/vc_column][\/vc_row][\/vc_section][vc_section css=&#8221;.vc_custom_1735298378025{padding-top: 30px !important;}&#8221; el_class=&#8221;quoteroW&#8221;][vc_row][vc_column][vc_row_inner][vc_column_inner el_class=&#8221;transform-accelerate-text-box&#8221;][vc_column_text el_class=&#8221;font-size-36 font-size-18&#8243; css=&#8221;.vc_custom_1667282656499{margin-bottom: 0px !important;}&#8221;]<\/p>\n<h4>\u201cOur entrepreneurial spirit is driven by diverse perspectives and unique expertise.\u201d<\/h4>\n<p>Sohail Sultan, CEO[\/vc_column_text][\/vc_column_inner][\/vc_row_inner][\/vc_column][\/vc_row][\/vc_section][vc_section el_class=&#8221;post-content-box button-style-box custom-container-1299-width boX2&#8243; css=&#8221;.vc_custom_1683037910623{padding-top: 65px !important;}&#8221;][vc_row tm_bgimagefixed=&#8221;&#8221; break_in_responsive=&#8221;1200&#8243; el_class=&#8221;grey-content-box who-we-are-content-box&#8221;][vc_column width=&#8221;1\/2&#8243;][vc_row_inner css=&#8221;.vc_custom_1665387546485{padding-right: 17.5px !important;padding-left: 17.5px !important;}&#8221; tm_responsive_css=&#8221;45908895|colbreak_no||||||0||0|colbreak_no|||||||||colbreak_no||||||||||colbreak_no|||||||||&#8221;][vc_column_inner][vc_single_image image=&#8221;258&#8243; img_size=&#8221;full&#8221; alignment=&#8221;center&#8221; css=&#8221;.vc_custom_1678970380975{margin-bottom: 0px !important;}&#8221;][vc_column_text el_class=&#8221;custom-white-text-box&#8221; css=&#8221;.vc_custom_1669202825283{background-color: #efefef !important;}&#8221;]<\/p>\n<h4 class=\"tm-custom-heading \">Purpose and Values<\/h4>\n<p>Our positioning differentiates us, sustains us and motivates us. It is what we want people to associate with when they think of us.<\/p>\n<div class=\"custom-theme-button\"><a title=\"\" href=\"\/eastafrica\/who-we-are\/purpose-and-values\/\">Read More<\/a><\/div>\n<p>[\/vc_column_text][\/vc_column_inner][\/vc_row_inner][\/vc_column][vc_column width=&#8221;1\/2&#8243;][vc_row_inner css=&#8221;.vc_custom_1665387560516{padding-right: 17.5px !important;padding-left: 17.5px !important;}&#8221; tm_responsive_css=&#8221;16675962|colbreak_no||||||0||0|colbreak_no|||||||||colbreak_no||||||||||colbreak_no|||||||||&#8221;][vc_column_inner][vc_single_image image=&#8221;264&#8243; img_size=&#8221;full&#8221; alignment=&#8221;center&#8221; css=&#8221;.vc_custom_1678970388796{margin-bottom: 0px !important;}&#8221;][vc_column_text el_class=&#8221;custom-white-text-box&#8221; css=&#8221;.vc_custom_1667884180370{background-color: #efefef !important;}&#8221;]<\/p>\n<h4>Sustainability at iib<\/h4>\n<p>At iib, we proactively integrate our Sustainability goals into everything we do. Aligned with the UN SDGs, we understand that real and lasting change is brought about through collective effort.<\/p>\n<div class=\"custom-theme-button\"><a title=\"\" href=\"\/eastafrica\/sustainability\/\">Read More<\/a><\/div>\n<p>[\/vc_column_text][\/vc_column_inner][\/vc_row_inner][\/vc_column][\/vc_row][\/vc_section]<\/p>\n<\/section>","protected":false},"excerpt":{"rendered":"<p>[vc_section full_width=&#8221;stretch_row_content&#8221; el_class=&#8221;image-banner-with-text&#8221; css=&#8221;.vc_custom_1664516163430{padding-top: 0px !important;padding-bottom: 0px !important;}&#8221;][vc_row tm_bgimagefixed=&#8221;&#8221; full_width=&#8221;stretch_row_content_no_spaces&#8221;][vc_column][vc_row_inner][vc_column_inner css=&#8221;.vc_custom_1659424244579{padding-left: 0px !important;}&#8221;][vc_single_image image=&#8221;268&#8243; img_size=&#8221;full&#8221; alignment=&#8221;center&#8221; css=&#8221;.vc_custom_1678970177504{margin-bottom: 0px !important;}&#8221;][\/vc_column_inner][\/vc_row_inner][\/vc_column][\/vc_row][\/vc_section][vc_section css=&#8221;.vc_custom_1735306438062{padding-top: 50px !important;padding-right: 15px !important;padding-bottom: 50px !important;padding-left: 15px !important;background-color: #1a2159 !important;}&#8221; el_class=&#8221;our-purpose-text-box greyroW ldrshpbluE&#8221;][vc_row tm_bgimagefixed=&#8221;&#8221;][vc_column][vc_row_inner][vc_column_inner][vc_custom_heading text=&#8221;Leadership&#8221; font_container=&#8221;tag:h3|font_size:36px|text_align:left|color:%23ffffff&#8221; use_theme_fonts=&#8221;yes&#8221;][vc_custom_heading text=&#8221;A team of professionals with extensive experience in international finance.&#8221; font_container=&#8221;tag:h3|font_size:36px|text_align:left|color:%23ffffff&#8221; use_theme_fonts=&#8221;yes&#8221;][\/vc_column_inner][\/vc_row_inner][\/vc_column][\/vc_row][\/vc_section][vc_section el_class=&#8221;font-size-36 chairman-cfo-box padding-23-21 custom-container-1301-width-three boX3 ldrshP [&hellip;]<\/p>\n","protected":false},"author":1,"featured_media":0,"parent":5,"menu_order":0,"comment_status":"closed","ping_status":"closed","template":"","meta":[],"acf":[],"_links":{"self":[{"href":"https:\/\/dev2.iibanks.com\/eastafrica\/wp-json\/wp\/v2\/pages\/9"}],"collection":[{"href":"https:\/\/dev2.iibanks.com\/eastafrica\/wp-json\/wp\/v2\/pages"}],"about":[{"href":"https:\/\/dev2.iibanks.com\/eastafrica\/wp-json\/wp\/v2\/types\/page"}],"author":[{"embeddable":true,"href":"https:\/\/dev2.iibanks.com\/eastafrica\/wp-json\/wp\/v2\/users\/1"}],"replies":[{"embeddable":true,"href":"https:\/\/dev2.iibanks.com\/eastafrica\/wp-json\/wp\/v2\/comments?post=9"}],"version-history":[{"count":45,"href":"https:\/\/dev2.iibanks.com\/eastafrica\/wp-json\/wp\/v2\/pages\/9\/revisions"}],"predecessor-version":[{"id":11098,"href":"https:\/\/dev2.iibanks.com\/eastafrica\/wp-json\/wp\/v2\/pages\/9\/revisions\/11098"}],"up":[{"embeddable":true,"href":"https:\/\/dev2.iibanks.com\/eastafrica\/wp-json\/wp\/v2\/pages\/5"}],"wp:attachment":[{"href":"https:\/\/dev2.iibanks.com\/eastafrica\/wp-json\/wp\/v2\/media?parent=9"}],"curies":[{"name":"wp","href":"https:\/\/api.w.org\/{rel}","templated":true}]}}