
{"id":11025,"date":"2024-09-25T06:39:59","date_gmt":"2024-09-25T06:39:59","guid":{"rendered":"https:\/\/dev2.iibanks.com\/westafrica\/?page_id=11025"},"modified":"2025-08-25T11:45:00","modified_gmt":"2025-08-25T11:45:00","slug":"abra-uma-conta","status":"publish","type":"page","link":"https:\/\/dev2.iibanks.com\/westafrica\/pt\/particular-2\/abra-uma-conta\/","title":{"rendered":"Abra uma conta"},"content":{"rendered":"<section class=\"wpb-content-wrapper\"><p>[vc_section css=&#8221;.vc_custom_1755861545812{padding-top: 65px !important;background-image: url(http:\/\/dev2.iibanks.com\/caribbean\/wp-content\/uploads\/sites\/2\/2025\/08\/net.png?id=11195) !important;background-position: center !important;background-repeat: no-repeat !important;background-size: cover !important;}&#8221; el_class=&#8221;our-purpose-text-box applyroW absltE&#8221;][vc_row tm_bgimagefixed=&#8221;&#8221; break_in_responsive=&#8221;991&#8243; tm_zindex=&#8221;&#8221; equal_height=&#8221;yes&#8221; el_class=&#8221;font-size-24&#8243;][vc_column tm_col_bg_expand=&#8221;left&#8221; el_id=&#8221;requirement-box-bg-right&#8221;]<div id=\"ultimate-heading-664369e213b5b5a26\" class=\"uvc-heading ult-adjust-bottom-margin ultimate-heading-664369e213b5b5a26 uvc-6505 \" data-hspacer=\"no_spacer\"  data-halign=\"left\" style=\"text-align:left\"><div class=\"uvc-heading-spacer no_spacer\" style=\"top\"><\/div><div class=\"uvc-main-heading ult-responsive\"  data-ultimate-target='.uvc-heading.ultimate-heading-664369e213b5b5a26 h2'  data-responsive-json-new='{\"font-size\":\"desktop:62px;\",\"line-height\":\"\"}' ><h2 style=\"font-weight:normal;color:#312b6b;margin-bottom:20px;\">Abra uma conta com apenas alguns cliques<\/h2><\/div><\/div><div id=\"ultimate-heading-326869e213b5b5a52\" class=\"uvc-heading ult-adjust-bottom-margin ultimate-heading-326869e213b5b5a52 uvc-6895 \" data-hspacer=\"no_spacer\"  data-halign=\"left\" style=\"text-align:left\"><div class=\"uvc-heading-spacer no_spacer\" style=\"top\"><\/div><div class=\"uvc-main-heading ult-responsive\"  data-ultimate-target='.uvc-heading.ultimate-heading-326869e213b5b5a52 h2'  data-responsive-json-new='{\"font-size\":\"desktop:36px;\",\"line-height\":\"\"}' ><h2 style=\"font-weight:normal;color:#575757;margin-bottom:15px;\">\u00c9 r\u00e1pido e f\u00e1cil, e voc\u00ea pode fazer isso agora mesmo!<\/h2><\/div><\/div><div class=\" vc_custom_1755870386848 ubtn-ctn-left openbtN\"><a class=\"ubtn-link ult-adjust-bottom-margin ubtn-left ubtn-small openbtN\" href=\"https:\/\/cobcv.iibanks.com\/pt\/account-opening-online\" target=\"_blank\" rel=\"noopener\"><button type=\"button\" id=\"ubtn-4672\"  class=\"ubtn ult-adjust-bottom-margin ult-responsive ubtn-small ubtn-no-hover-bg  none  ubtn-left   tooltip-69e213b5b5a7b\"  data-hover=\"#ffffff\" data-border-color=\"#312b6b\" data-bg=\"#312b6b\" data-hover-bg=\"#312b6b\" data-border-hover=\"#312b6b\" data-shadow-hover=\"\" data-shadow-click=\"none\" data-shadow=\"\" data-shd-shadow=\"\"  data-ultimate-target='#ubtn-4672'  data-responsive-json-new='{\"font-size\":\"desktop:18px;\",\"line-height\":\"\"}'  style=\"font-weight:normal;border-radius:5px;border-width:1px;border-color:#312b6b;border-style:solid;background: #312b6b;color: #ffffff;\"><span class=\"ubtn-hover\" style=\"background-color:#312b6b\"><\/span><span class=\"ubtn-data ubtn-text \" >Abrir uma conta<\/span><\/button><\/a><\/div>[\/vc_column][\/vc_row][\/vc_section][vc_section css=&#8221;.vc_custom_1755860056840{padding-top: 65px !important;padding-bottom: 65px !important;background-image: url(http:\/\/dev2.iibanks.com\/caribbean\/wp-content\/uploads\/sites\/2\/2025\/08\/net.png?id=11195) !important;background-position: center !important;background-repeat: no-repeat !important;background-size: cover !important;}&#8221; el_class=&#8221;our-purpose-text-box applyroW absltE&#8221;][vc_row tm_bgimagefixed=&#8221;&#8221; break_in_responsive=&#8221;991&#8243; tm_zindex=&#8221;&#8221; equal_height=&#8221;yes&#8221; el_class=&#8221;font-size-24&#8243;][vc_column tm_col_bg_expand=&#8221;left&#8221; width=&#8221;1\/2&#8243; css=&#8221;.vc_custom_1755861058514{padding-top: 0px !important;padding-right: 17.5px !important;background-color: #eeeeee !important;}&#8221; el_id=&#8221;requirement-box-bg-right&#8221;][vc_row_inner break_in_responsive=&#8221;1200&#8243; css=&#8221;.vc_custom_1667366560047{padding-right: 17.5px !important;}&#8221; tm_responsive_css=&#8221;33209346|colbreak_no||||||0|||colbreak_no|||||||||colbreak_no||||||||||colbreak_no|||||||||&#8221;][vc_column_inner el_class=&#8221;Who-Can-Apply-iib&#8221;]<div id=\"ultimate-heading-990969e213b5b5ab6\" class=\"uvc-heading ult-adjust-bottom-margin ultimate-heading-990969e213b5b5ab6 uvc-6346 \" data-hspacer=\"no_spacer\"  data-halign=\"left\" style=\"text-align:left\"><div class=\"uvc-heading-spacer no_spacer\" style=\"top\"><\/div><div class=\"uvc-main-heading ult-responsive\"  data-ultimate-target='.uvc-heading.ultimate-heading-990969e213b5b5ab6 h2'  data-responsive-json-new='{\"font-size\":\"\",\"line-height\":\"\"}' ><h2 style=\"font-weight:normal;margin-bottom:20px;\">Quem pode se inscrever?<\/h2><\/div><\/div>[vc_column_text el_class=&#8221;who-can-apply-border requirements-iib&#8221; css=&#8221;.vc_custom_1755869582400{margin-bottom: 0px !important;}&#8221;]18 anos ou mais<\/p>\n<p>n\u00e3o residentes em Cabo Verde[\/vc_column_text][\/vc_column_inner][\/vc_row_inner][\/vc_column][vc_column tm_col_bg_expand=&#8221;right&#8221; width=&#8221;1\/2&#8243; el_id=&#8221;requirement-box-bg-left&#8221; css=&#8221;.vc_custom_1755861066119{padding-top: 0px !important;background-color: #eeeeee !important;}&#8221;][vc_row_inner break_in_responsive=&#8221;1200&#8243; tm_zindex=&#8221;&#8221; css=&#8221;.vc_custom_1679994768742{padding-left: 17.5px !important;}&#8221;][vc_column_inner el_class=&#8221;Who-Can-Apply-iib&#8221; css=&#8221;.vc_custom_1667371214992{padding-left: 65px !important;}&#8221;]<div id=\"ultimate-heading-249969e213b5b5ac9\" class=\"uvc-heading ult-adjust-bottom-margin ultimate-heading-249969e213b5b5ac9 uvc-3168 \" data-hspacer=\"no_spacer\"  data-halign=\"left\" style=\"text-align:left\"><div class=\"uvc-heading-spacer no_spacer\" style=\"top\"><\/div><div class=\"uvc-main-heading ult-responsive\"  data-ultimate-target='.uvc-heading.ultimate-heading-249969e213b5b5ac9 h2'  data-responsive-json-new='{\"font-size\":\"\",\"line-height\":\"\"}' ><h2 style=\"font-weight:normal;\">Documentos necess\u00e1rios<\/h2><\/div><\/div><div id=\"ultimate-heading-743969e213b5b5add\" class=\"uvc-heading ult-adjust-bottom-margin ultimate-heading-743969e213b5b5add uvc-9611 \" data-hspacer=\"no_spacer\"  data-halign=\"left\" style=\"text-align:left\"><div class=\"uvc-heading-spacer no_spacer\" style=\"top\"><\/div><div class=\"uvc-main-heading ult-responsive\"  data-ultimate-target='.uvc-heading.ultimate-heading-743969e213b5b5add h2'  data-responsive-json-new='{\"font-size\":\"desktop:20px;\",\"line-height\":\"\"}' ><h2 style=\"font-weight:normal;margin-bottom:15px;\">(Formatos JPG, PNG ou PDF.)<\/h2><\/div><\/div>[vc_column_text el_class=&#8221;who-can-apply-border requirements-iib&#8221; css=&#8221;.vc_custom_1755870328032{margin-bottom: 0px !important;padding-bottom: 30px !important;}&#8221;]<\/p>\n<ul class=\"grid3uLpT\">\n<li>Declara\u00e7\u00e3o do TIN<\/li>\n<li>Dois tipos de documento de identifica\u00e7\u00e3o<\/li>\n<li>Comprovante de endere\u00e7o<\/li>\n<li>Comprovante de profiss\u00e3o<\/li>\n<\/ul>\n<p>[\/vc_column_text][\/vc_column_inner][\/vc_row_inner][\/vc_column][\/vc_row][\/vc_section][vc_section css=&#8221;.vc_custom_1735726412876{padding-top: 50px !important;padding-right: 15px !important;padding-bottom: 50px !important;padding-left: 15px !important;background-color: #1a2159 !important;}&#8221; el_class=&#8221;our-purpose-text-box blue_two_into_one&#8221;][vc_row tm_bgimagefixed=&#8221;&#8221;][vc_column][vc_row_inner][vc_column_inner width=&#8221;1\/4&#8243;][vc_column_text el_class=&#8221;white-text purpose-text-heading&#8221; css=&#8221;.vc_custom_1755869841447{margin-bottom: 30px !important;}&#8221;]Abra uma conta[\/vc_column_text][\/vc_column_inner][vc_column_inner width=&#8221;3\/4&#8243;][vc_column_text el_class=&#8221;white-text&#8221; css=&#8221;.vc_custom_1755869854928{margin-bottom: 0px !important;}&#8221;]Com o iib, voc\u00ea pode abrir uma conta onde quer que esteja. Oferecemos tr\u00eas moedas diferentes, incluindo CVE, USD e EUR.[\/vc_column_text][\/vc_column_inner][\/vc_row_inner][\/vc_column][\/vc_row][\/vc_section][vc_section content_placement=&#8221;middle&#8221; el_class=&#8221;plscntcT&#8221; css=&#8221;.vc_custom_1755861831880{padding-top: 65px !important;}&#8221;][vc_row tm_bgimagefixed=&#8221;&#8221; content_placement=&#8221;middle&#8221; el_id=&#8221;pic-with-text-box-right&#8221;][vc_column css=&#8221;.vc_custom_1667376019123{padding-right: 0px !important;padding-left: 0px !important;}&#8221;][vc_row_inner equal_height=&#8221;yes&#8221; content_placement=&#8221;middle&#8221; css=&#8221;.vc_custom_1755861977332{margin-bottom: 0px !important;padding-right: 0px !important;padding-left: 0px !important;background-color: #e6e6e6 !important;}&#8221; el_class=&#8221;alignitemcenteR&#8221;][vc_column_inner tm_zindex=&#8221;&#8221; width=&#8221;2\/3&#8243; css=&#8221;.vc_custom_1680252905860{margin-bottom: 0px !important;padding-top: 0px !important;padding-right: 0px !important;padding-left: 0px !important;}&#8221;][vc_single_image image=&#8221;12720&#8243; img_size=&#8221;full&#8221; css=&#8221;.vc_custom_1756122290420{margin-bottom: 0px !important;}&#8221;][\/vc_column_inner][vc_column_inner width=&#8221;1\/3&#8243; css=&#8221;.vc_custom_1755861823332{padding-left: 20px !important;}&#8221;]<div id=\"ultimate-heading-536169e213b5b5af1\" class=\"uvc-heading ult-adjust-bottom-margin ultimate-heading-536169e213b5b5af1 uvc-9797 \" data-hspacer=\"no_spacer\"  data-halign=\"left\" style=\"text-align:left\"><div class=\"uvc-heading-spacer no_spacer\" style=\"top\"><\/div><div class=\"uvc-main-heading ult-responsive\"  data-ultimate-target='.uvc-heading.ultimate-heading-536169e213b5b5af1 h2'  data-responsive-json-new='{\"font-size\":\"\",\"line-height\":\"\"}' ><h2 style=\"font-weight:normal;\">Obtenha um cart\u00e3o de d\u00e9bito iib com sua conta<\/h2><\/div><\/div><div id=\"ultimate-heading-853769e213b5b5b02\" class=\"uvc-heading ult-adjust-bottom-margin ultimate-heading-853769e213b5b5b02 uvc-5600 \" data-hspacer=\"no_spacer\"  data-halign=\"left\" style=\"text-align:left\"><div class=\"uvc-heading-spacer no_spacer\" style=\"top\"><\/div><div class=\"uvc-sub-heading ult-responsive\"  data-ultimate-target='.uvc-heading.ultimate-heading-853769e213b5b5b02 .uvc-sub-heading '  data-responsive-json-new='{\"font-size\":\"\",\"line-height\":\"\"}'  style=\"font-weight:normal;\"><\/p>\n<ul class=\"ul18fonT\">\n<li>Dispon\u00edvel a qualquer hora, em qualquer lugar<\/li>\n<li>Fa\u00e7a pagamentos de contas e transfer\u00eancias interbanc\u00e1rias<\/li>\n<li>Retire dinheiro em qualquer m\u00e1quina vinti4<\/li>\n<\/ul>\n<p><\/div><\/div>[\/vc_column_inner][\/vc_row_inner][\/vc_column][\/vc_row][\/vc_section][vc_section el_class=&#8221;font-size-36 get-in-touch-form-section&#8221; css=&#8221;.vc_custom_1755869172759{margin-bottom: 65px !important;}&#8221;][vc_row tm_bgimagefixed=&#8221;&#8221; css=&#8221;.vc_custom_1663321794609{padding-top: 30px !important;background-color: #efefef !important;}&#8221;][vc_column width=&#8221;1\/6&#8243;][\/vc_column][vc_column width=&#8221;2\/3&#8243;][vc_row_inner][vc_column_inner][vc_column_text]<\/p>\n<h4 style=\"text-align: center;\">Vamos entrar em contato com voc\u00ea<\/h4>\n<p>[\/vc_column_text][vc_column_text]\n<div class=\"wpcf7 no-js\" id=\"wpcf7-f11059-o1\" lang=\"en-US\" dir=\"ltr\">\n<div class=\"screen-reader-response\"><p role=\"status\" aria-live=\"polite\" aria-atomic=\"true\"><\/p> <ul><\/ul><\/div>\n<form action=\"\/westafrica\/wp-json\/wp\/v2\/pages\/11025#wpcf7-f11059-o1\" method=\"post\" class=\"wpcf7-form init\" aria-label=\"Contact form\" novalidate=\"novalidate\" data-status=\"init\">\n<div style=\"display: none;\">\n<input type=\"hidden\" name=\"_wpcf7\" value=\"11059\" \/>\n<input type=\"hidden\" name=\"_wpcf7_version\" value=\"5.7.6\" \/>\n<input type=\"hidden\" name=\"_wpcf7_locale\" value=\"en_US\" \/>\n<input type=\"hidden\" name=\"_wpcf7_unit_tag\" value=\"wpcf7-f11059-o1\" \/>\n<input type=\"hidden\" name=\"_wpcf7_container_post\" value=\"0\" \/>\n<input type=\"hidden\" name=\"_wpcf7_posted_data_hash\" value=\"\" \/>\n<input type=\"hidden\" name=\"_wpcf7cf_hidden_group_fields\" value=\"[]\" \/>\n<input type=\"hidden\" name=\"_wpcf7cf_hidden_groups\" value=\"[]\" \/>\n<input type=\"hidden\" name=\"_wpcf7cf_visible_groups\" value=\"[]\" \/>\n<input type=\"hidden\" name=\"_wpcf7cf_repeaters\" value=\"[]\" \/>\n<input type=\"hidden\" name=\"_wpcf7cf_steps\" value=\"{}\" \/>\n<input type=\"hidden\" name=\"_wpcf7cf_options\" value=\"{&quot;form_id&quot;:11059,&quot;conditions&quot;:[],&quot;settings&quot;:{&quot;animation&quot;:&quot;yes&quot;,&quot;animation_intime&quot;:200,&quot;animation_outtime&quot;:200,&quot;conditions_ui&quot;:&quot;normal&quot;,&quot;notice_dismissed&quot;:false,&quot;notice_dismissed_rollback-cf7-5.7.3&quot;:true}}\" \/>\n<input type=\"hidden\" name=\"_wpcf7_recaptcha_response\" value=\"\" \/>\n<\/div>\n<div class=\"select-box-form\">\n\t<div class=\"row\">\n\t\t<div class=\"col-md-12 col-12\">\n\t\t\t<div class=\"custom-select-box\">\n\t\t\t\t<p><span class=\"wpcf7-form-control-wrap\" data-name=\"text-491\"><input size=\"40\" class=\"wpcf7-form-control wpcf7-text wpcf7-validates-as-required\" aria-required=\"true\" aria-invalid=\"false\" placeholder=\"Nome\" value=\"\" type=\"text\" name=\"text-491\" \/><\/span>\n\t\t\t\t<\/p>\n\t\t\t<\/div>\n\t\t<\/div>\n\t\t<div class=\"col-md-12 col-12\">\n\t\t\t<div class=\"custom-select-box\">\n\t\t\t\t<p><span class=\"wpcf7-form-control-wrap intl_tel-701\"><input class=\"wpcf7-form-control wpcf7-intl-tel wpcf7-intl_tel wpcf7-validates-as-required numbersOnly\" aria-required=\"true\" aria-invalid=\"false\" placeholder=\"N.\u00ba de telefone\" value=\"\" type=\"tel\" name=\"intl_tel-701-cf7it-national\" \/><input name=\"intl_tel-701\" type=\"hidden\" class=\"wpcf7-intl-tel-full\" \/><input type=\"hidden\" name=\"intl_tel-701-cf7it-country-name\" class=\"wpcf7-intl-tel-country-name\" \/><input type=\"hidden\" name=\"intl_tel-701-cf7it-country-code\" class=\"wpcf7-intl-tel-country-code\" \/><input type=\"hidden\" name=\"intl_tel-701-cf7it-country-iso2\" class=\"wpcf7-intl-tel-country-iso2\" \/><\/span>\n\t\t\t\t<\/p>\n\t\t\t<\/div>\n\t\t<\/div>\n\t\t<div class=\"col-md-12 col-12\">\n\t\t\t<div class=\"custom-select-box\">\n\t\t\t\t<p><span class=\"wpcf7-form-control-wrap\" data-name=\"email-235\"><input size=\"40\" class=\"wpcf7-form-control wpcf7-text wpcf7-email wpcf7-validates-as-required wpcf7-validates-as-email\" aria-required=\"true\" aria-invalid=\"false\" placeholder=\"Email\" value=\"\" type=\"email\" name=\"email-235\" \/><\/span>\n\t\t\t\t<\/p>\n\t\t\t<\/div>\n\t\t<\/div>\n\t<\/div>\n\t<div class=\"form-submit-btn form-submit-absolute-button black-bg-btn\">\n\t\t<p><input class=\"wpcf7-form-control has-spinner wpcf7-submit\" type=\"submit\" value=\"Enviar\" \/>\n\t\t<\/p>\n\t<\/div>\n<\/div><div class=\"wpcf7-response-output\" aria-hidden=\"true\"><\/div>\n<\/form>\n<\/div>\n[\/vc_column_text][\/vc_column_inner][\/vc_row_inner][\/vc_column][vc_column width=&#8221;1\/6&#8243;][\/vc_column][\/vc_row][\/vc_section][vc_row tm_bgimagefixed=&#8221;&#8221; tm_zindex=&#8221;&#8221; css=&#8221;.vc_custom_1735727529534{padding-bottom: 65px !important;}&#8221; el_class=&#8221;kycpolicY&#8221;][vc_column][vc_column_text css=&#8221;.vc_custom_1755869938393{margin-bottom: 0px !important;}&#8221;]A iib segue pol\u00edticas rigorosas de KYC. As pessoas que acessam estas p\u00e1ginas devem se informar sobre quaisquer restri\u00e7\u00f5es relevantes e observ\u00e1-las. A iib reserva-se o direito de restringir o acesso aos seus produtos e servi\u00e7os, que podem n\u00e3o estar dispon\u00edveis para residentes de todos os pa\u00edses\/regi\u00f5es, devido \u00e0 pol\u00edtica da iib.[\/vc_column_text][\/vc_column][\/vc_row]<\/p>\n<\/section>","protected":false},"excerpt":{"rendered":"<p>[vc_section css=&#8221;.vc_custom_1755861545812{padding-top: 65px !important;background-image: url(http:\/\/dev2.iibanks.com\/caribbean\/wp-content\/uploads\/sites\/2\/2025\/08\/net.png?id=11195) !important;background-position: center !important;background-repeat: no-repeat !important;background-size: cover !important;}&#8221; el_class=&#8221;our-purpose-text-box applyroW absltE&#8221;][vc_row tm_bgimagefixed=&#8221;&#8221; break_in_responsive=&#8221;991&#8243; tm_zindex=&#8221;&#8221; equal_height=&#8221;yes&#8221; el_class=&#8221;font-size-24&#8243;][vc_column tm_col_bg_expand=&#8221;left&#8221; el_id=&#8221;requirement-box-bg-right&#8221;][\/vc_column][\/vc_row][\/vc_section][vc_section css=&#8221;.vc_custom_1755860056840{padding-top: 65px !important;padding-bottom: 65px !important;background-image: url(http:\/\/dev2.iibanks.com\/caribbean\/wp-content\/uploads\/sites\/2\/2025\/08\/net.png?id=11195) !important;background-position: center !important;background-repeat: no-repeat !important;background-size: cover !important;}&#8221; el_class=&#8221;our-purpose-text-box applyroW absltE&#8221;][vc_row tm_bgimagefixed=&#8221;&#8221; break_in_responsive=&#8221;991&#8243; tm_zindex=&#8221;&#8221; equal_height=&#8221;yes&#8221; el_class=&#8221;font-size-24&#8243;][vc_column tm_col_bg_expand=&#8221;left&#8221; width=&#8221;1\/2&#8243; css=&#8221;.vc_custom_1755861058514{padding-top: 0px !important;padding-right: 17.5px !important;background-color: #eeeeee !important;}&#8221; el_id=&#8221;requirement-box-bg-right&#8221;][vc_row_inner break_in_responsive=&#8221;1200&#8243; css=&#8221;.vc_custom_1667366560047{padding-right: [&hellip;]<\/p>\n","protected":false},"author":1,"featured_media":0,"parent":1437,"menu_order":0,"comment_status":"closed","ping_status":"closed","template":"","meta":[],"acf":[],"_links":{"self":[{"href":"https:\/\/dev2.iibanks.com\/westafrica\/wp-json\/wp\/v2\/pages\/11025"}],"collection":[{"href":"https:\/\/dev2.iibanks.com\/westafrica\/wp-json\/wp\/v2\/pages"}],"about":[{"href":"https:\/\/dev2.iibanks.com\/westafrica\/wp-json\/wp\/v2\/types\/page"}],"author":[{"embeddable":true,"href":"https:\/\/dev2.iibanks.com\/westafrica\/wp-json\/wp\/v2\/users\/1"}],"replies":[{"embeddable":true,"href":"https:\/\/dev2.iibanks.com\/westafrica\/wp-json\/wp\/v2\/comments?post=11025"}],"version-history":[{"count":20,"href":"https:\/\/dev2.iibanks.com\/westafrica\/wp-json\/wp\/v2\/pages\/11025\/revisions"}],"predecessor-version":[{"id":12723,"href":"https:\/\/dev2.iibanks.com\/westafrica\/wp-json\/wp\/v2\/pages\/11025\/revisions\/12723"}],"up":[{"embeddable":true,"href":"https:\/\/dev2.iibanks.com\/westafrica\/wp-json\/wp\/v2\/pages\/1437"}],"wp:attachment":[{"href":"https:\/\/dev2.iibanks.com\/westafrica\/wp-json\/wp\/v2\/media?parent=11025"}],"curies":[{"name":"wp","href":"https:\/\/api.w.org\/{rel}","templated":true}]}}