
{"id":12676,"date":"2025-08-22T15:28:52","date_gmt":"2025-08-22T15:28:52","guid":{"rendered":"https:\/\/dev2.iibanks.com\/westafrica\/?page_id=12676"},"modified":"2025-09-02T17:42:45","modified_gmt":"2025-09-02T17:42:45","slug":"pagamento-de-faturas","status":"publish","type":"page","link":"https:\/\/dev2.iibanks.com\/westafrica\/pt\/particular-2\/pagamento-de-faturas\/","title":{"rendered":"Pagamento de Faturas"},"content":{"rendered":"<section class=\"wpb-content-wrapper\"><p>[vc_section css=&#8221;.vc_custom_1756296649485{padding-top: 65px !important;padding-bottom: 65px !important;background-image: url(http:\/\/dev2.iibanks.com\/caribbean\/wp-content\/uploads\/sites\/2\/2025\/08\/net.png?id=11195) !important;background-position: center !important;background-repeat: no-repeat !important;background-size: cover !important;}&#8221; el_class=&#8221;our-purpose-text-box billfirstroW&#8221;][vc_row tm_bgimagefixed=&#8221;&#8221; break_in_responsive=&#8221;991&#8243; tm_zindex=&#8221;&#8221; equal_height=&#8221;yes&#8221; el_class=&#8221;font-size-24&#8243;][vc_column tm_col_bg_expand=&#8221;left&#8221; el_id=&#8221;requirement-box-bg-right&#8221;]<div id=\"ultimate-heading-232369e202b3d7ffa\" class=\"uvc-heading ult-adjust-bottom-margin ultimate-heading-232369e202b3d7ffa uvc-7311 \" data-hspacer=\"no_spacer\"  data-halign=\"left\" style=\"text-align:left\"><div class=\"uvc-heading-spacer no_spacer\" style=\"top\"><\/div><div class=\"uvc-main-heading ult-responsive\"  data-ultimate-target='.uvc-heading.ultimate-heading-232369e202b3d7ffa h2'  data-responsive-json-new='{\"font-size\":\"desktop:62px;\",\"line-height\":\"\"}' ><h2 style=\"font-weight:normal;color:#312b6b;margin-bottom:20px;\">Pagamento de Faturas<\/h2><\/div><\/div><div id=\"ultimate-heading-577169e202b3d8025\" class=\"uvc-heading ult-adjust-bottom-margin ultimate-heading-577169e202b3d8025 uvc-3511 \" data-hspacer=\"no_spacer\"  data-halign=\"left\" style=\"text-align:left\"><div class=\"uvc-heading-spacer no_spacer\" style=\"top\"><\/div><div class=\"uvc-main-heading ult-responsive\"  data-ultimate-target='.uvc-heading.ultimate-heading-577169e202b3d8025 h2'  data-responsive-json-new='{\"font-size\":\"desktop:36px;\",\"line-height\":\"\"}' ><h2 style=\"font-weight:normal;color:#575757;margin-bottom:15px;\">\u00c9 r\u00e1pido e f\u00e1cil, e voc\u00ea pode fazer isso agora mesmo!<\/h2><\/div><\/div><div class=\" vc_custom_1756834936039 ubtn-ctn-left openbtN\"><a class=\"ubtn-link ult-adjust-bottom-margin ubtn-left ubtn-small openbtN\" href=\"https:\/\/spay.cobcv.iibanks.com\/en\" target=\"_blank\" rel=\"noopener\"><button type=\"button\" id=\"ubtn-4278\"  class=\"ubtn ult-adjust-bottom-margin ult-responsive ubtn-small ubtn-no-hover-bg  none  ubtn-left   tooltip-69e202b3d804a\"  data-hover=\"#ffffff\" data-border-color=\"#312b6b\" data-bg=\"#312b6b\" data-hover-bg=\"#312b6b\" data-border-hover=\"#312b6b\" data-shadow-hover=\"\" data-shadow-click=\"none\" data-shadow=\"\" data-shd-shadow=\"\"  data-ultimate-target='#ubtn-4278'  data-responsive-json-new='{\"font-size\":\"desktop:18px;\",\"line-height\":\"\"}'  style=\"font-weight:normal;border-radius:5px;border-width:1px;border-color:#312b6b;border-style:solid;background: #312b6b;color: #ffffff;\"><span class=\"ubtn-hover\" style=\"background-color:#312b6b\"><\/span><span class=\"ubtn-data ubtn-text \" >Pagamento de Faturas<\/span><\/button><\/a><\/div>[\/vc_column][\/vc_row][\/vc_section][vc_section css=&#8221;.vc_custom_1756296664684{padding-top: 65px !important;padding-bottom: 65px !important;background-color: #1a2159 !important;}&#8221; el_class=&#8221;greyroW acounT billsecondroW&#8221;][vc_row][vc_column][vc_row_inner][vc_column_inner]<div id=\"ultimate-heading-831869e202b3d8084\" class=\"uvc-heading ult-adjust-bottom-margin ultimate-heading-831869e202b3d8084 uvc-6570 \" data-hspacer=\"no_spacer\"  data-halign=\"left\" style=\"text-align:left\"><div class=\"uvc-heading-spacer no_spacer\" style=\"top\"><\/div><div class=\"uvc-sub-heading ult-responsive\"  data-ultimate-target='.uvc-heading.ultimate-heading-831869e202b3d8084 .uvc-sub-heading '  data-responsive-json-new='{\"font-size\":\"desktop:36px;\",\"line-height\":\"desktop:44px;\"}'  style=\"font-weight:normal;color:#ffffff;\">Chega de filas. Chega de espera. Com o seu cart\u00e3o de d\u00e9bito iib Vinti4, agora voc\u00ea pode pagar suas contas instantaneamente, diretamente da sua conta iib. R\u00e1pido, seguro e sem complica\u00e7\u00f5es, este servi\u00e7o coloca a conveni\u00eancia ao seu alcance, esteja voc\u00ea em casa, no trabalho ou em tr\u00e2nsito.<\/div><\/div>[\/vc_column_inner][\/vc_row_inner][\/vc_column][\/vc_row][\/vc_section][vc_section css=&#8221;.vc_custom_1756296680620{padding-top: 65px !important;padding-bottom: 0px !important;}&#8221; el_class=&#8221;our-purpose-text-box applyroW absltE bgnonE billthirdroW&#8221;][vc_row tm_bgimagefixed=&#8221;&#8221; break_in_responsive=&#8221;1200&#8243; equal_height=&#8221;yes&#8221; el_class=&#8221;font-size-24&#8243;][vc_column tm_col_bg_expand=&#8221;left&#8221; width=&#8221;1\/2&#8243; css=&#8221;.vc_custom_1667370558252{padding-right: 17.5px !important;background-color: #eeeeee !important;}&#8221; el_id=&#8221;requirement-box-bg-right&#8221;][vc_row_inner break_in_responsive=&#8221;1200&#8243; css=&#8221;.vc_custom_1667366560047{padding-right: 17.5px !important;}&#8221; tm_responsive_css=&#8221;33209346|colbreak_no||||||0|||colbreak_no|||||||||colbreak_no||||||||||colbreak_no|||||||||&#8221;][vc_column_inner el_class=&#8221;Who-Can-Apply-iib&#8221;]<div id=\"ultimate-heading-635369e202b3d8099\" class=\"uvc-heading ult-adjust-bottom-margin ultimate-heading-635369e202b3d8099 uvc-5505 \" data-hspacer=\"no_spacer\"  data-halign=\"left\" style=\"text-align:left\"><div class=\"uvc-heading-spacer no_spacer\" style=\"top\"><\/div><div class=\"uvc-main-heading ult-responsive\"  data-ultimate-target='.uvc-heading.ultimate-heading-635369e202b3d8099 h2'  data-responsive-json-new='{\"font-size\":\"\",\"line-height\":\"\"}' ><h2 style=\"font-weight:normal;margin-bottom:20px;\">Crit\u00e9rios de elegibilidade<\/h2><\/div><\/div>[vc_column_text el_class=&#8221;who-can-apply-border requirements-iib&#8221;]Titulares de contas iib.<\/p>\n<p>Cart\u00e3o de d\u00e9bito vinti4 v\u00e1lido.<\/p>\n<p>Saldo dispon\u00edvel.[\/vc_column_text][\/vc_column_inner][\/vc_row_inner][\/vc_column][vc_column tm_col_bg_expand=&#8221;right&#8221; width=&#8221;1\/2&#8243; el_id=&#8221;requirement-box-bg-left&#8221; css=&#8221;.vc_custom_1667370600202{background-color: #eeeeee !important;}&#8221;][vc_row_inner break_in_responsive=&#8221;1200&#8243; css=&#8221;.vc_custom_1667369534893{padding-left: 17.5px !important;}&#8221; tm_responsive_css=&#8221;33209346|colbreak_no||||||0|||colbreak_no|||||||||colbreak_no||||||||||colbreak_no|||||||||&#8221;][vc_column_inner el_class=&#8221;Who-Can-Apply-iib&#8221; css=&#8221;.vc_custom_1667371214992{padding-left: 65px !important;}&#8221;]<div id=\"ultimate-heading-251969e202b3d80aa\" class=\"uvc-heading ult-adjust-bottom-margin ultimate-heading-251969e202b3d80aa uvc-2161 \" data-hspacer=\"no_spacer\"  data-halign=\"left\" style=\"text-align:left\"><div class=\"uvc-heading-spacer no_spacer\" style=\"top\"><\/div><div class=\"uvc-main-heading ult-responsive\"  data-ultimate-target='.uvc-heading.ultimate-heading-251969e202b3d80aa h2'  data-responsive-json-new='{\"font-size\":\"\",\"line-height\":\"\"}' ><h2 style=\"font-weight:normal;margin-bottom:20px;\">Voc\u00ea pode pagar:<\/h2><\/div><\/div>[vc_column_text el_class=&#8221;who-can-apply-border requirements-iib&#8221;]<\/p>\n<ul class=\"grid4uL pt\">\n<li>\u00c1gua<\/li>\n<li>Eletricidade<\/li>\n<li>Internet<\/li>\n<li>Televis\u00e3o por subscri\u00e7\u00e3o<\/li>\n<li>Impostos e taxas<\/li>\n<li>Telefone fixo e m\u00f3vel<\/li>\n<li>Outros servi\u00e7os aderentes<\/li>\n<\/ul>\n<p>[\/vc_column_text][\/vc_column_inner][\/vc_row_inner][\/vc_column][\/vc_row][vc_row tm_bgimagefixed=&#8221;&#8221; tm_zindex=&#8221;&#8221; css=&#8221;.vc_custom_1756297412752{padding-top: 65px !important;}&#8221; el_class=&#8221;billforthroW&#8221;][vc_column]<div id=\"ultimate-heading-837269e202b3d80be\" class=\"uvc-heading ult-adjust-bottom-margin ultimate-heading-837269e202b3d80be uvc-213 \" data-hspacer=\"no_spacer\"  data-halign=\"center\" style=\"text-align:center\"><div class=\"uvc-heading-spacer no_spacer\" style=\"top\"><\/div><div class=\"uvc-main-heading ult-responsive\"  data-ultimate-target='.uvc-heading.ultimate-heading-837269e202b3d80be h2'  data-responsive-json-new='{\"font-size\":\"desktop:36px;\",\"line-height\":\"desktop:44px;\"}' ><h2 style=\"font-weight:normal;margin-bottom:10px;\">Como Utilizar<\/h2><\/div><\/div>[vc_single_image image=&#8221;12738&#8243; img_size=&#8221;full&#8221; el_class=&#8221;desktopshapE&#8221;][vc_single_image image=&#8221;12737&#8243; img_size=&#8221;full&#8221; el_class=&#8221;mobileshapE&#8221;][\/vc_column][\/vc_row][\/vc_section][vc_section content_placement=&#8221;middle&#8221; el_class=&#8221;plscntcT billfifthroW&#8221;][vc_row tm_bgimagefixed=&#8221;&#8221; content_placement=&#8221;middle&#8221; el_id=&#8221;pic-with-text-box-right&#8221;][vc_column css=&#8221;.vc_custom_1667376019123{padding-right: 0px !important;padding-left: 0px !important;}&#8221;][vc_row_inner equal_height=&#8221;yes&#8221; content_placement=&#8221;middle&#8221; css=&#8221;.vc_custom_1755861977332{margin-bottom: 0px !important;padding-right: 0px !important;padding-left: 0px !important;background-color: #e6e6e6 !important;}&#8221; el_class=&#8221;alignitemcenteR&#8221;][vc_column_inner tm_zindex=&#8221;&#8221; width=&#8221;2\/3&#8243; css=&#8221;.vc_custom_1680252905860{margin-bottom: 0px !important;padding-top: 0px !important;padding-right: 0px !important;padding-left: 0px !important;}&#8221;][vc_single_image image=&#8221;12720&#8243; img_size=&#8221;full&#8221; css=&#8221;.vc_custom_1756122287890{margin-bottom: 0px !important;}&#8221;][\/vc_column_inner][vc_column_inner width=&#8221;1\/3&#8243; css=&#8221;.vc_custom_1755861823332{padding-left: 20px !important;}&#8221;]<div id=\"ultimate-heading-588569e202b3d80cf\" class=\"uvc-heading ult-adjust-bottom-margin ultimate-heading-588569e202b3d80cf uvc-8707 \" data-hspacer=\"no_spacer\"  data-halign=\"left\" style=\"text-align:left\"><div class=\"uvc-heading-spacer no_spacer\" style=\"top\"><\/div><div class=\"uvc-main-heading ult-responsive\"  data-ultimate-target='.uvc-heading.ultimate-heading-588569e202b3d80cf h2'  data-responsive-json-new='{\"font-size\":\"\",\"line-height\":\"\"}' ><h2 style=\"font-weight:normal;margin-bottom:25px;\">Pague suas contas com seu cart\u00e3o de d\u00e9bito iib.<\/h2><\/div><\/div><div id=\"ultimate-heading-726869e202b3d80e0\" class=\"uvc-heading ult-adjust-bottom-margin ultimate-heading-726869e202b3d80e0 uvc-2814 \" data-hspacer=\"no_spacer\"  data-halign=\"left\" style=\"text-align:left\"><div class=\"uvc-heading-spacer no_spacer\" style=\"top\"><\/div><div class=\"uvc-sub-heading ult-responsive\"  data-ultimate-target='.uvc-heading.ultimate-heading-726869e202b3d80e0 .uvc-sub-heading '  data-responsive-json-new='{\"font-size\":\"\",\"line-height\":\"\"}'  style=\"font-weight:normal;\"><\/p>\n<ul class=\"ul18fonT\">\n<li>Transa\u00e7\u00f5es seguras<\/li>\n<li>Pagamentos instant\u00e2neos<\/li>\n<li>Dispon\u00edvel 24 horas por dia, 7 dias por semana<\/li>\n<\/ul>\n<p><\/div><\/div>[\/vc_column_inner][\/vc_row_inner][\/vc_column][\/vc_row][\/vc_section]<\/p>\n<\/section>","protected":false},"excerpt":{"rendered":"<p>[vc_section css=&#8221;.vc_custom_1756296649485{padding-top: 65px !important;padding-bottom: 65px !important;background-image: url(http:\/\/dev2.iibanks.com\/caribbean\/wp-content\/uploads\/sites\/2\/2025\/08\/net.png?id=11195) !important;background-position: center !important;background-repeat: no-repeat !important;background-size: cover !important;}&#8221; el_class=&#8221;our-purpose-text-box billfirstroW&#8221;][vc_row tm_bgimagefixed=&#8221;&#8221; break_in_responsive=&#8221;991&#8243; tm_zindex=&#8221;&#8221; equal_height=&#8221;yes&#8221; el_class=&#8221;font-size-24&#8243;][vc_column tm_col_bg_expand=&#8221;left&#8221; el_id=&#8221;requirement-box-bg-right&#8221;][\/vc_column][\/vc_row][\/vc_section][vc_section css=&#8221;.vc_custom_1756296664684{padding-top: 65px !important;padding-bottom: 65px !important;background-color: #1a2159 !important;}&#8221; el_class=&#8221;greyroW acounT billsecondroW&#8221;][vc_row][vc_column][vc_row_inner][vc_column_inner][\/vc_column_inner][\/vc_row_inner][\/vc_column][\/vc_row][\/vc_section][vc_section css=&#8221;.vc_custom_1756296680620{padding-top: 65px !important;padding-bottom: 0px !important;}&#8221; el_class=&#8221;our-purpose-text-box applyroW absltE bgnonE billthirdroW&#8221;][vc_row tm_bgimagefixed=&#8221;&#8221; break_in_responsive=&#8221;1200&#8243; equal_height=&#8221;yes&#8221; el_class=&#8221;font-size-24&#8243;][vc_column tm_col_bg_expand=&#8221;left&#8221; width=&#8221;1\/2&#8243; css=&#8221;.vc_custom_1667370558252{padding-right: 17.5px !important;background-color: #eeeeee !important;}&#8221; el_id=&#8221;requirement-box-bg-right&#8221;][vc_row_inner [&hellip;]<\/p>\n","protected":false},"author":1,"featured_media":0,"parent":1437,"menu_order":0,"comment_status":"closed","ping_status":"closed","template":"","meta":[],"acf":[],"_links":{"self":[{"href":"https:\/\/dev2.iibanks.com\/westafrica\/wp-json\/wp\/v2\/pages\/12676"}],"collection":[{"href":"https:\/\/dev2.iibanks.com\/westafrica\/wp-json\/wp\/v2\/pages"}],"about":[{"href":"https:\/\/dev2.iibanks.com\/westafrica\/wp-json\/wp\/v2\/types\/page"}],"author":[{"embeddable":true,"href":"https:\/\/dev2.iibanks.com\/westafrica\/wp-json\/wp\/v2\/users\/1"}],"replies":[{"embeddable":true,"href":"https:\/\/dev2.iibanks.com\/westafrica\/wp-json\/wp\/v2\/comments?post=12676"}],"version-history":[{"count":13,"href":"https:\/\/dev2.iibanks.com\/westafrica\/wp-json\/wp\/v2\/pages\/12676\/revisions"}],"predecessor-version":[{"id":12752,"href":"https:\/\/dev2.iibanks.com\/westafrica\/wp-json\/wp\/v2\/pages\/12676\/revisions\/12752"}],"up":[{"embeddable":true,"href":"https:\/\/dev2.iibanks.com\/westafrica\/wp-json\/wp\/v2\/pages\/1437"}],"wp:attachment":[{"href":"https:\/\/dev2.iibanks.com\/westafrica\/wp-json\/wp\/v2\/media?parent=12676"}],"curies":[{"name":"wp","href":"https:\/\/api.w.org\/{rel}","templated":true}]}}