
{"id":1440,"date":"2023-04-10T07:45:12","date_gmt":"2023-04-10T07:45:12","guid":{"rendered":"https:\/\/dev2.iibanks.com\/westafrica\/?page_id=1440"},"modified":"2025-09-03T14:58:25","modified_gmt":"2025-09-03T14:58:25","slug":"imoveis","status":"publish","type":"page","link":"https:\/\/dev2.iibanks.com\/westafrica\/pt\/empresas\/imoveis\/","title":{"rendered":"Im\u00f3veis"},"content":{"rendered":"<section class=\"wpb-content-wrapper\"><p>[vc_section full_width=&#8221;stretch_row_content&#8221; el_class=&#8221;image-banner-with-text&#8221; css=&#8221;.vc_custom_1661774187895{padding-top: 0px !important;padding-bottom: 0px !important;}&#8221;][vc_row tm_bgimagefixed=&#8221;&#8221; full_width=&#8221;stretch_row_content_no_spaces&#8221;][vc_column][vc_row_inner][vc_column_inner css=&#8221;.vc_custom_1659424244579{padding-left: 0px !important;}&#8221;][vc_single_image image=&#8221;283&#8243; img_size=&#8221;full&#8221; alignment=&#8221;center&#8221; css=&#8221;.vc_custom_1678960148919{margin-bottom: 0px !important;}&#8221;][vc_column_text css=&#8221;.vc_custom_1680607689606{margin-bottom: 0px !important;padding-top: 15px !important;padding-bottom: 15px !important;background-color: rgba(10,10,10,0.35) !important;*background-color: rgb(10,10,10) !important;}&#8221; el_class=&#8221;white-text banner-heading banner-text-box&#8221;]Im\u00f3veis[\/vc_column_text][\/vc_column_inner][\/vc_row_inner][\/vc_column][\/vc_row][\/vc_section][vc_section el_class=&#8221;button-style-box custom-news-box custom-container-1299-width estateroW1&#8243; css=&#8221;.vc_custom_1738074782885{margin-top: 65px !important;margin-bottom: 65px !important;}&#8221;][vc_row tm_bgimagefixed=&#8221;&#8221; break_in_responsive=&#8221;1200&#8243;][vc_column][vc_row_inner css=&#8221;.vc_custom_1665403494582{padding-right: 17.5px !important;padding-left: 17.5px !important;}&#8221; tm_responsive_css=&#8221;28323157|colbreak_no||||||0||0|colbreak_no|||||||||colbreak_no||||||||||colbreak_no|||||||||&#8221;][vc_column_inner][vc_custom_heading text=&#8221;Navegue pelo nosso invent\u00e1rio dispon\u00edvel e adquira um im\u00f3vel a pre\u00e7o competitivo&#8221; font_container=&#8221;tag:h2|font_size:34|text_align:left|line_height:1&#8243; use_theme_fonts=&#8221;yes&#8221;][\/vc_column_inner][\/vc_row_inner][\/vc_column][\/vc_row][\/vc_section][vc_section el_class=&#8221;button-style-box custom-news-box custom-container-1299-width evntroW estateroW&#8221;][vc_row tm_bgimagefixed=&#8221;&#8221; break_in_responsive=&#8221;1200&#8243;][vc_column width=&#8221;1\/2&#8243;][vc_row_inner css=&#8221;.vc_custom_1675151382928{padding-right: 17.5px !important;padding-left: 17.5px !important;}&#8221; tm_responsive_css=&#8221;64716387|colbreak_no||||||0||0|colbreak_no|||||||||colbreak_no||||||||||colbreak_no|||||||||&#8221; el_id=&#8221;dev-test&#8221;][vc_column_inner][vc_images_carousel images=&#8221;840,841,842,843,844,845,846,847,848&#8243; img_size=&#8221;full&#8221; onclick=&#8221;link_no&#8221; hide_pagination_control=&#8221;yes&#8221; css=&#8221;.vc_custom_1680074947834{margin-bottom: 0px !important;}&#8221;][vc_column_text el_class=&#8221;real-estate-custom-box&#8221; css=&#8221;.vc_custom_1697101538240{margin-bottom: 65px !important;padding-top: 45px !important;padding-right: 50px !important;padding-bottom: 45px !important;padding-left: 50px !important;background-color: #efefef !important;}&#8221;]<\/p>\n<h4 class=\"tm-custom-heading \">Apartamento T3 &#8211; SAL<\/h4>\n<ul class=\"rooms-listing\">\n<li>Villa Verde | Canna<\/li>\n<li>10.750.000 CVE<br \/>\n97.492 \u20ac<\/li>\n<\/ul>\n<div class=\"custom-theme-button real-estate-theme-btn\"><a href=\"#\">Ler +<\/a><\/div>\n<div class=\"apartment-desc\">\n<ul>\n<li>\n<div class=\"apartment-one-desc-box\">\n<h4>Propriedades<\/h4>\n<p>\u00c1rea (m\u00b2): 152,37 m\u00b2<br \/>\nTipologia: T3<br \/>\nCasa(s) de Banho: 2<br \/>\nCondi\u00e7\u00e3o: Usado<\/p>\n<\/div>\n<\/li>\n<li>\n<div class=\"apartment-one-desc-box\">\n<h4>Descri\u00e7\u00e3o<\/h4>\n<p>Apartamento do tipo T3, situado no 2\u00ba Andar Esquerdo, composto por hall de entrada, 1 sala comum, 1 cozinha, 3 quartos, 2 casas de banho e 2 varandas.<\/p>\n<\/div>\n<\/li>\n<\/ul>\n<div class=\"apartment-one-desc-box\">\n<h4>Caracter\u00edsticas<\/h4>\n<p>Livre de \u00d3nus;<br \/>\nO im\u00f3vel situa-se no aldeamento tur\u00edstico Vila Verde, uma zona habitacional infraestruturada, com bons acessos, espa\u00e7os verdes e de lazer, piscinas, restaurantes e espa\u00e7os desportivos.<\/p>\n<\/div>\n<div class=\"contact-us-close-btn-box\">\n<div class=\"real-estate-contact-btn\"><a href=\"mailto:imovel@iibanks.cv\" rel=\"noopener\">Contacte-nos<\/a><\/div>\n<div class=\"real-estate-close-btn\">X<\/div>\n<\/div>\n<\/div>\n<p>[\/vc_column_text][\/vc_column_inner][\/vc_row_inner][\/vc_column][vc_column width=&#8221;1\/2&#8243;][vc_row_inner css=&#8221;.vc_custom_1665403494582{padding-right: 17.5px !important;padding-left: 17.5px !important;}&#8221; tm_responsive_css=&#8221;28323157|colbreak_no||||||0||0|colbreak_no|||||||||colbreak_no||||||||||colbreak_no|||||||||&#8221;][vc_column_inner][vc_images_carousel images=&#8221;10649,851,852,853,854,855,856,857,858&#8243; img_size=&#8221;full&#8221; onclick=&#8221;link_no&#8221; hide_pagination_control=&#8221;yes&#8221; css=&#8221;.vc_custom_1718105172871{margin-bottom: 0px !important;}&#8221;][vc_column_text el_class=&#8221;real-estate-custom-box&#8221; css=&#8221;.vc_custom_1697102183848{margin-bottom: 65px !important;padding-top: 45px !important;padding-right: 50px !important;padding-bottom: 45px !important;padding-left: 50px !important;background-color: #efefef !important;}&#8221;]<\/p>\n<h4 class=\"tm-custom-heading \">Apartamento T2 &#8211; SAL<\/h4>\n<ul class=\"rooms-listing\">\n<li>Villa Verde | Cactus<\/li>\n<li>7.802.062 CVE<br \/>\n70.757 \u20ac<\/li>\n<\/ul>\n<div class=\"custom-theme-button real-estate-theme-btn\"><a href=\"#\">Ler +<\/a><\/div>\n<div class=\"apartment-desc\">\n<ul>\n<li>\n<div class=\"apartment-one-desc-box\">\n<h4>Propriedades<\/h4>\n<p>\u00c1rea (m\u00b2): 125 m\u00b2<br \/>\nTipologia: T2<br \/>\nCasa(s) de Banho: 2<br \/>\nCondi\u00e7\u00e3o: Usado<\/p>\n<\/div>\n<\/li>\n<li>\n<div class=\"apartment-one-desc-box\">\n<h4>Descri\u00e7\u00e3o<\/h4>\n<p>Apartamento do tipo T2, situado no R\u00e9s do Ch\u00e3o Direito, composto por hall de entrada, 1 sala, 1 cozinha, 2 quartos, 2 casas de banho e 2 varandas.<\/p>\n<\/div>\n<\/li>\n<\/ul>\n<div class=\"apartment-one-desc-box\">\n<h4>Caracter\u00edsticas<\/h4>\n<p>Livre de \u00d3nus;<br \/>\nO im\u00f3vel situa-se no aldeamento tur\u00edstico Vila Verde, uma zona habitacional infraestruturada, com bons acessos, espa\u00e7os verdes e de lazer, piscinas, restaurantes e espa\u00e7os desportivos.<\/p>\n<\/div>\n<div class=\"contact-us-close-btn-box\">\n<div class=\"real-estate-contact-btn\"><a href=\"mailto:imovel@iibanks.cv\" rel=\"noopener\">Contacte-nos<\/a><\/div>\n<div class=\"real-estate-close-btn\">X<\/div>\n<\/div>\n<\/div>\n<p>[\/vc_column_text][\/vc_column_inner][\/vc_row_inner][\/vc_column][\/vc_row][vc_row tm_bgimagefixed=&#8221;&#8221; break_in_responsive=&#8221;1200&#8243;][vc_column width=&#8221;1\/2&#8243;][vc_row_inner css=&#8221;.vc_custom_1665403480032{padding-right: 17.5px !important;padding-left: 17.5px !important;}&#8221; tm_responsive_css=&#8221;64716387|colbreak_no||||||0||0|colbreak_no|||||||||colbreak_no||||||||||colbreak_no|||||||||&#8221;][vc_column_inner][vc_images_carousel images=&#8221;1972,1100,1101,1102,1103,1104,1105,1106,1107&#8243; img_size=&#8221;full&#8221; onclick=&#8221;link_no&#8221; hide_pagination_control=&#8221;yes&#8221; wrap=&#8221;yes&#8221; css=&#8221;.vc_custom_1689844302398{margin-bottom: 0px !important;}&#8221; el_class=&#8221;gallerybeforE&#8221;][vc_column_text el_class=&#8221;real-estate-custom-box&#8221; css=&#8221;.vc_custom_1697102691654{margin-bottom: 65px !important;padding-top: 45px !important;padding-right: 50px !important;padding-bottom: 45px !important;padding-left: 50px !important;background-color: #efefef !important;}&#8221;]<\/p>\n<h4 class=\"tm-custom-heading \">Vivenda T3 &#8211; SAL<\/h4>\n<ul class=\"rooms-listing\">\n<li>Paradise Beach Resort<\/li>\n<li>15.550.000 CVE<br \/>\n141.024 \u20ac<\/li>\n<\/ul>\n<div class=\"custom-theme-button real-estate-theme-btn\"><a href=\"#\">Ler +<\/a><\/div>\n<div class=\"apartment-desc\">\n<ul>\n<li>\n<div class=\"apartment-one-desc-box\">\n<h4>Propriedades<\/h4>\n<p>\u00c1rea (m\u00b2): 132,9 m\u00b2<br \/>\nTipologia: Duplex T3<br \/>\nCasa(s) de Banho: 3<br \/>\nCondi\u00e7\u00e3o: Novo<\/p>\n<\/div>\n<\/li>\n<li>\n<div class=\"apartment-one-desc-box\">\n<h4>Descri\u00e7\u00e3o<\/h4>\n<p>Vivenda A522 composta por 1 sala ampla com kitchenette, 3 quartos, 3 casas de banho e 2 varandas.<\/p>\n<\/div>\n<\/li>\n<\/ul>\n<div class=\"apartment-one-desc-box\">\n<h4>Caracter\u00edsticas<\/h4>\n<p>Livre de \u00d3nus;<br \/>\nO im\u00f3vel situa-se no aldeamento tur\u00edstico Paradise Village Beach Resort, uma zona habitacional infraestruturada, com espa\u00e7os verdes e de lazer, bons acessos e equipamentos sociais, nomeadamente, piscinas e restaurantes.<\/p>\n<\/div>\n<div class=\"contact-us-close-btn-box\">\n<div class=\"real-estate-contact-btn\"><a href=\"mailto:imovel@iibanks.cv\" target=\"_blank\" rel=\"noopener\">Contacte-nos<\/a><\/div>\n<div class=\"real-estate-close-btn\">X<\/div>\n<\/div>\n<\/div>\n<p>[\/vc_column_text][\/vc_column_inner][\/vc_row_inner][\/vc_column][vc_column width=&#8221;1\/2&#8243;][vc_row_inner css=&#8221;.vc_custom_1665403494582{padding-right: 17.5px !important;padding-left: 17.5px !important;}&#8221; tm_responsive_css=&#8221;28323157|colbreak_no||||||0||0|colbreak_no|||||||||colbreak_no||||||||||colbreak_no|||||||||&#8221;][vc_column_inner][vc_images_carousel images=&#8221;12753,1945,1946,1948,1952,1954,1944,1955,1947,1943,1953,1950,1949&#8243; img_size=&#8221;full&#8221; onclick=&#8221;link_no&#8221; hide_pagination_control=&#8221;yes&#8221; css=&#8221;.vc_custom_1756911491033{margin-bottom: 0px !important;}&#8221;][vc_column_text el_class=&#8221;real-estate-custom-box&#8221; css=&#8221;.vc_custom_1697102882664{margin-bottom: 65px !important;padding-top: 45px !important;padding-right: 50px !important;padding-bottom: 45px !important;padding-left: 50px !important;background-color: #efefef !important;}&#8221;]<\/p>\n<h4 class=\"tm-custom-heading \">Apartamentos T2 &#8211; SANTIAGO<\/h4>\n<ul class=\"rooms-listing\">\n<li>Pr\u00e9dio com 16 Ap. T2 | Achada Tom\u00e1s<\/li>\n<li>5.000.000 CVE<br \/>\n45.345 \u20ac<\/li>\n<\/ul>\n<div class=\"custom-theme-button real-estate-theme-btn\"><a href=\"#\">Ler +<\/a><\/div>\n<div class=\"apartment-desc\">\n<ul>\n<li>\n<div class=\"apartment-one-desc-box\" style=\"margin-bottom: 65px;\">\n<h4>Propriedades<\/h4>\n<p>Tipologia(s): Apartamentos T2<br \/>\nCasas de Banho: 1<br \/>\nCondi\u00e7\u00e3o: Novo<\/p>\n<\/div>\n<div class=\"apartment-one-desc-box\">\n<h4>Caracter\u00edsticas<\/h4>\n<p>Livre de \u00d3nus;<br \/>\nO im\u00f3vel situa-se em Achada Tom\u00e1s &#8211; Tarrafal.<\/p>\n<\/div>\n<\/li>\n<li>\n<div class=\"apartment-one-desc-box\">\n<h4>Descri\u00e7\u00e3o<\/h4>\n<p>Apartamentos do tipo T2, compostos por 1 sala comum, 1 cozinha equipada com arm\u00e1rios, placa de fog\u00e3o e exaustor, 2 quartos com roupeiros embutidos, corredor, 2 varandas, despensa individual no terra\u00e7o e terra\u00e7o.<\/p>\n<\/div>\n<\/li>\n<\/ul>\n<div class=\"contact-us-close-btn-box\">\n<div class=\"real-estate-contact-btn\"><a href=\"mailto:imovel@iibanks.cv\" target=\"_blank\" rel=\"noopener\">Contacte-nos<\/a><\/div>\n<div class=\"real-estate-close-btn\">X<\/div>\n<\/div>\n<\/div>\n<p>[\/vc_column_text][\/vc_column_inner][\/vc_row_inner][\/vc_column][\/vc_row][vc_row tm_bgimagefixed=&#8221;&#8221; break_in_responsive=&#8221;1200&#8243;][vc_column width=&#8221;1\/2&#8243;][vc_row_inner css=&#8221;.vc_custom_1665403480032{padding-right: 17.5px !important;padding-left: 17.5px !important;}&#8221; tm_responsive_css=&#8221;64716387|colbreak_no||||||0||0|colbreak_no|||||||||colbreak_no||||||||||colbreak_no|||||||||&#8221;][vc_column_inner][vc_images_carousel images=&#8221;1114,1115&#8243; img_size=&#8221;full&#8221; onclick=&#8221;link_no&#8221; hide_pagination_control=&#8221;yes&#8221; css=&#8221;.vc_custom_1680602703236{margin-bottom: 0px !important;}&#8221;][vc_column_text el_class=&#8221;real-estate-custom-box&#8221; css=&#8221;.vc_custom_1697104214247{margin-bottom: 65px !important;padding-top: 45px !important;padding-right: 50px !important;padding-bottom: 45px !important;padding-left: 50px !important;background-color: #efefef !important;}&#8221;]<\/p>\n<h4 class=\"tm-custom-heading \">Terreno \u2013 S\u00e3o Vicente<\/h4>\n<ul class=\"rooms-listing\">\n<li>Mindelo | Lazareto<\/li>\n<li>32.500.000 CVE<br \/>\n294.744 \u20ac<\/li>\n<\/ul>\n<div class=\"custom-theme-button real-estate-theme-btn\"><a href=\"#\">Ler +<\/a><\/div>\n<div class=\"apartment-desc\">\n<ul>\n<li>\n<div class=\"apartment-one-desc-box\">\n<h4>Propriedades<\/h4>\n<p>\u00c1rea (m\u00b2): 20.000 m\u00b2<br \/>\nTipologia: Lote de Terreno<br \/>\nIndustrial<br \/>\nCondi\u00e7\u00e3o: N.A.<\/p>\n<\/div>\n<\/li>\n<li>\n<div class=\"apartment-one-desc-box\">\n<h4>Descri\u00e7\u00e3o<\/h4>\n<p>Lote de Terreno Industrial, destinado \u00e0 constru\u00e7\u00e3o de armaz\u00e9m.<\/p>\n<\/div>\n<\/li>\n<\/ul>\n<div class=\"apartment-one-desc-box\">\n<h4>Caracter\u00edsticas<\/h4>\n<p>Livre de \u00d3nus;<br \/>\nO terreno situa-se no parque industrial de Lazareto, com duas frentes de estrada.<\/p>\n<\/div>\n<div class=\"contact-us-close-btn-box\">\n<div class=\"real-estate-contact-btn\"><a href=\"mailto:imovel@iibanks.cv\" target=\"_blank\" rel=\"noopener\">Contacte-nos<\/a><\/div>\n<div class=\"real-estate-close-btn\">X<\/div>\n<\/div>\n<\/div>\n<p>[\/vc_column_text][\/vc_column_inner][\/vc_row_inner][\/vc_column][vc_column width=&#8221;1\/2&#8243;][vc_row_inner css=&#8221;.vc_custom_1665403494582{padding-right: 17.5px !important;padding-left: 17.5px !important;}&#8221; tm_responsive_css=&#8221;28323157|colbreak_no||||||0||0|colbreak_no|||||||||colbreak_no||||||||||colbreak_no|||||||||&#8221;][vc_column_inner][vc_images_carousel images=&#8221;1117,1118,1119,1120,1121,1122,1123,1124,1125&#8243; img_size=&#8221;full&#8221; onclick=&#8221;link_no&#8221; hide_pagination_control=&#8221;yes&#8221; css=&#8221;.vc_custom_1680602788892{margin-bottom: 0px !important;}&#8221;][vc_column_text el_class=&#8221;real-estate-custom-box&#8221; css=&#8221;.vc_custom_1697103091086{margin-bottom: 65px !important;padding-top: 45px !important;padding-right: 50px !important;padding-bottom: 45px !important;padding-left: 50px !important;background-color: #efefef !important;}&#8221;]<\/p>\n<h4 class=\"tm-custom-heading \">Espa\u00e7o Comercial &#8211; Santiago<\/h4>\n<ul class=\"rooms-listing\">\n<li>Palmarejo<\/li>\n<li>9.000.000 CVE<br \/>\n81.622 \u20ac<\/li>\n<\/ul>\n<div class=\"custom-theme-button real-estate-theme-btn\"><a href=\"#\">Ler +<\/a><\/div>\n<div class=\"apartment-desc\">\n<ul>\n<li>\n<div class=\"apartment-one-desc-box\">\n<h4>Propriedades<\/h4>\n<p>\u00c1rea (m\u00b2): 100 m\u00b2<br \/>\nTipologia: Open Space<br \/>\nCasa(s) de Banho: 2<br \/>\nCondi\u00e7\u00e3o: Usado<\/p>\n<\/div>\n<\/li>\n<li>\n<div class=\"apartment-one-desc-box\">\n<h4>Descri\u00e7\u00e3o<\/h4>\n<p>Espa\u00e7o comercial, situado no R\u00e9s do Ch\u00e3o Esquerdo, composto por um open space, 2 lavabos e 1 escrit\u00f3rio.<\/p>\n<\/div>\n<\/li>\n<\/ul>\n<div class=\"apartment-one-desc-box\">\n<h4>Caracter\u00edsticas<\/h4>\n<p>Livre de \u00d3nus;<br \/>\nO im\u00f3vel encontra-se localizado no Palmarejo, pr\u00f3ximo da Avenida Principal, com bons acessos.<\/p>\n<\/div>\n<div class=\"contact-us-close-btn-box\">\n<div class=\"real-estate-contact-btn\"><a href=\"mailto:imovel@iibanks.cv\" target=\"_blank\" rel=\"noopener\">Contacte-nos<\/a><\/div>\n<div class=\"real-estate-close-btn\">X<\/div>\n<\/div>\n<\/div>\n<p>[\/vc_column_text][\/vc_column_inner][\/vc_row_inner][\/vc_column][\/vc_row][vc_row tm_bgimagefixed=&#8221;&#8221; break_in_responsive=&#8221;1200&#8243;][vc_column width=&#8221;1\/2&#8243;][vc_row_inner css=&#8221;.vc_custom_1665403480032{padding-right: 17.5px !important;padding-left: 17.5px !important;}&#8221; tm_responsive_css=&#8221;64716387|colbreak_no||||||0||0|colbreak_no|||||||||colbreak_no||||||||||colbreak_no|||||||||&#8221;][vc_column_inner][vc_images_carousel images=&#8221;1127,1128,1129,1130,1131&#8243; img_size=&#8221;full&#8221; onclick=&#8221;link_no&#8221; hide_pagination_control=&#8221;yes&#8221; css=&#8221;.vc_custom_1682505122228{margin-bottom: 0px !important;}&#8221;][vc_column_text el_class=&#8221;real-estate-custom-box&#8221; css=&#8221;.vc_custom_1697102457008{margin-bottom: 65px !important;padding-top: 45px !important;padding-right: 50px !important;padding-bottom: 45px !important;padding-left: 50px !important;background-color: #efefef !important;}&#8221;]<\/p>\n<h4 class=\"tm-custom-heading \">Armaz\u00e9m &#8211; Santiago<\/h4>\n<ul class=\"rooms-listing\">\n<li>Palmarejo<\/li>\n<li>4.000.000 CVE<br \/>\n36.276 \u20ac<\/li>\n<\/ul>\n<div class=\"custom-theme-button real-estate-theme-btn\"><a href=\"#\">Ler +<\/a><\/div>\n<div class=\"apartment-desc\">\n<ul>\n<li>\n<div class=\"apartment-one-desc-box\">\n<h4>Propriedades<\/h4>\n<p>\u00c1rea (m\u00b2): 80 m\u00b2<br \/>\nTipologia: Open space<br \/>\nCondi\u00e7\u00e3o: Usado<\/p>\n<\/div>\n<\/li>\n<li>\n<div class=\"apartment-one-desc-box\">\n<h4>Descri\u00e7\u00e3o<\/h4>\n<p>Armaz\u00e9m em open space na Cave Esquerda.<\/p>\n<\/div>\n<\/li>\n<\/ul>\n<div class=\"apartment-one-desc-box\">\n<h4>Caracter\u00edsticas<\/h4>\n<p>Livre de \u00d3nus;<br \/>\nO im\u00f3vel encontra-se localizado no Palmarejo, pr\u00f3ximo da Avenida Principal, com bons acessos.<\/p>\n<\/div>\n<div class=\"contact-us-close-btn-box\">\n<div class=\"real-estate-contact-btn\"><a href=\"mailto:imovel@iibanks.cv\" target=\"_blank\" rel=\"noopener\">Contacte-nos<\/a><\/div>\n<div class=\"real-estate-close-btn\">X<\/div>\n<\/div>\n<\/div>\n<p>[\/vc_column_text][\/vc_column_inner][\/vc_row_inner][\/vc_column][vc_column width=&#8221;1\/2&#8243;][vc_row_inner css=&#8221;.vc_custom_1665403494582{padding-right: 17.5px !important;padding-left: 17.5px !important;}&#8221; tm_responsive_css=&#8221;28323157|colbreak_no||||||0||0|colbreak_no|||||||||colbreak_no||||||||||colbreak_no|||||||||&#8221;][vc_column_inner][vc_images_carousel images=&#8221;1136,1137,1138,1139,1140,1141,1142,1143,1144&#8243; img_size=&#8221;full&#8221; onclick=&#8221;link_no&#8221; hide_pagination_control=&#8221;yes&#8221; css=&#8221;.vc_custom_1680603013199{margin-bottom: 0px !important;}&#8221;][vc_column_text el_class=&#8221;real-estate-custom-box&#8221; css=&#8221;.vc_custom_1697102575638{margin-bottom: 65px !important;padding-top: 45px !important;padding-right: 50px !important;padding-bottom: 45px !important;padding-left: 50px !important;background-color: #efefef !important;}&#8221;]<\/p>\n<h4 class=\"tm-custom-heading \">Vivenda T3 &#8211; SAL<\/h4>\n<ul class=\"rooms-listing\">\n<li>Murdeira<\/li>\n<li>14.600.000 CVE<br \/>\n132.408 \u20ac<\/li>\n<\/ul>\n<div class=\"custom-theme-button real-estate-theme-btn\"><a href=\"#\">Ler +<\/a><\/div>\n<div class=\"apartment-desc\">\n<ul>\n<li>\n<div class=\"apartment-one-desc-box\">\n<h4>Propriedades<\/h4>\n<p>\u00c1rea (m\u00b2): 128 m\u00b2<br \/>\nTipologia: T3 Duplex<br \/>\nCasa(s) de banho: 2<br \/>\nCondi\u00e7\u00e3o: Usado<\/p>\n<\/div>\n<\/li>\n<li>\n<div class=\"apartment-one-desc-box\">\n<h4>Descri\u00e7\u00e3o<\/h4>\n<p>Vivenda V29 composta por 1 sala, 1 cozinha, 3 quartos, 2 casas de banho e 2 varandas.<\/p>\n<\/div>\n<\/li>\n<\/ul>\n<div class=\"apartment-one-desc-box\">\n<h4>Caracter\u00edsticas<\/h4>\n<p>Livre de \u00d4nus;<br \/>\nA propriedade est\u00e1 localizada na aldeia tur\u00edstica Murdeira Village Resort, uma zona habitacional infra-estruturada, com espa\u00e7os verdes e de lazer, bons acessos e instala\u00e7\u00f5es sociais, nomeadamente, piscinas, restaurantes e instala\u00e7\u00f5es desportivas.<\/p>\n<\/div>\n<div class=\"contact-us-close-btn-box\">\n<div class=\"real-estate-contact-btn\"><a href=\"mailto:imovel@iibanks.cv\" target=\"_blank\" rel=\"noopener\">Contacte-nos<\/a><\/div>\n<div class=\"real-estate-close-btn\">X<\/div>\n<\/div>\n<\/div>\n<p>[\/vc_column_text][\/vc_column_inner][\/vc_row_inner][\/vc_column][\/vc_row][\/vc_section]<\/p>\n<\/section>","protected":false},"excerpt":{"rendered":"<p>[vc_section full_width=&#8221;stretch_row_content&#8221; el_class=&#8221;image-banner-with-text&#8221; css=&#8221;.vc_custom_1661774187895{padding-top: 0px !important;padding-bottom: 0px !important;}&#8221;][vc_row tm_bgimagefixed=&#8221;&#8221; full_width=&#8221;stretch_row_content_no_spaces&#8221;][vc_column][vc_row_inner][vc_column_inner css=&#8221;.vc_custom_1659424244579{padding-left: 0px !important;}&#8221;][vc_single_image image=&#8221;283&#8243; img_size=&#8221;full&#8221; alignment=&#8221;center&#8221; css=&#8221;.vc_custom_1678960148919{margin-bottom: 0px !important;}&#8221;][vc_column_text css=&#8221;.vc_custom_1680607689606{margin-bottom: 0px !important;padding-top: 15px !important;padding-bottom: 15px !important;background-color: rgba(10,10,10,0.35) !important;*background-color: rgb(10,10,10) !important;}&#8221; el_class=&#8221;white-text banner-heading banner-text-box&#8221;]Im\u00f3veis[\/vc_column_text][\/vc_column_inner][\/vc_row_inner][\/vc_column][\/vc_row][\/vc_section][vc_section el_class=&#8221;button-style-box custom-news-box custom-container-1299-width estateroW1&#8243; css=&#8221;.vc_custom_1738074782885{margin-top: 65px !important;margin-bottom: 65px !important;}&#8221;][vc_row tm_bgimagefixed=&#8221;&#8221; break_in_responsive=&#8221;1200&#8243;][vc_column][vc_row_inner css=&#8221;.vc_custom_1665403494582{padding-right: 17.5px !important;padding-left: 17.5px !important;}&#8221; tm_responsive_css=&#8221;28323157|colbreak_no||||||0||0|colbreak_no|||||||||colbreak_no||||||||||colbreak_no|||||||||&#8221;][vc_column_inner][vc_custom_heading text=&#8221;Navegue pelo nosso invent\u00e1rio dispon\u00edvel [&hellip;]<\/p>\n","protected":false},"author":1,"featured_media":0,"parent":659,"menu_order":0,"comment_status":"closed","ping_status":"closed","template":"realstate-template.php","meta":[],"acf":[],"_links":{"self":[{"href":"https:\/\/dev2.iibanks.com\/westafrica\/wp-json\/wp\/v2\/pages\/1440"}],"collection":[{"href":"https:\/\/dev2.iibanks.com\/westafrica\/wp-json\/wp\/v2\/pages"}],"about":[{"href":"https:\/\/dev2.iibanks.com\/westafrica\/wp-json\/wp\/v2\/types\/page"}],"author":[{"embeddable":true,"href":"https:\/\/dev2.iibanks.com\/westafrica\/wp-json\/wp\/v2\/users\/1"}],"replies":[{"embeddable":true,"href":"https:\/\/dev2.iibanks.com\/westafrica\/wp-json\/wp\/v2\/comments?post=1440"}],"version-history":[{"count":11,"href":"https:\/\/dev2.iibanks.com\/westafrica\/wp-json\/wp\/v2\/pages\/1440\/revisions"}],"predecessor-version":[{"id":12756,"href":"https:\/\/dev2.iibanks.com\/westafrica\/wp-json\/wp\/v2\/pages\/1440\/revisions\/12756"}],"up":[{"embeddable":true,"href":"https:\/\/dev2.iibanks.com\/westafrica\/wp-json\/wp\/v2\/pages\/659"}],"wp:attachment":[{"href":"https:\/\/dev2.iibanks.com\/westafrica\/wp-json\/wp\/v2\/media?parent=1440"}],"curies":[{"name":"wp","href":"https:\/\/api.w.org\/{rel}","templated":true}]}}