
{"id":19,"date":"2022-12-29T07:12:18","date_gmt":"2022-12-29T07:12:18","guid":{"rendered":"https:\/\/iibanks.mediaidee.com\/?page_id=9323"},"modified":"2025-01-03T10:46:21","modified_gmt":"2025-01-03T10:46:21","slug":"news","status":"publish","type":"page","link":"https:\/\/dev2.iibanks.com\/westafrica\/en\/media\/news\/","title":{"rendered":"News"},"content":{"rendered":"<section class=\"wpb-content-wrapper\"><p>[vc_section full_width=&#8221;stretch_row_content&#8221; el_class=&#8221;image-banner-with-text&#8221; css=&#8221;.vc_custom_1661774187895{padding-top: 0px !important;padding-bottom: 0px !important;}&#8221;][vc_row tm_bgimagefixed=&#8221;&#8221; full_width=&#8221;stretch_row_content_no_spaces&#8221;][vc_column][vc_row_inner][vc_column_inner css=&#8221;.vc_custom_1659424244579{padding-left: 0px !important;}&#8221;][vc_single_image image=&#8221;361&#8243; img_size=&#8221;full&#8221; alignment=&#8221;center&#8221; css=&#8221;.vc_custom_1678963043524{margin-bottom: 0px !important;}&#8221;][vc_column_text css=&#8221;.vc_custom_1662530609018{margin-bottom: 0px !important;padding-top: 15px !important;padding-bottom: 15px !important;background-color: rgba(10,10,10,0.35) !important;*background-color: rgb(10,10,10) !important;}&#8221; el_class=&#8221;white-text banner-heading banner-text-box&#8221;]News[\/vc_column_text][\/vc_column_inner][\/vc_row_inner][\/vc_column][\/vc_row][\/vc_section][vc_section css=&#8221;.vc_custom_1735901169213{padding-top: 50px !important;padding-right: 15px !important;padding-bottom: 50px !important;padding-left: 15px !important;background-color: #1a2159 !important;}&#8221; el_class=&#8221;our-purpose-text-box greyroW bluetoproW&#8221;][vc_row tm_bgimagefixed=&#8221;&#8221;][vc_column][vc_row_inner][vc_column_inner][vc_column_text el_class=&#8221;white-text&#8221; css=&#8221;.vc_custom_1661229194900{margin-bottom: 0px !important;}&#8221;]All the latest updates from our Banks and other entities, including our Sustainability efforts to help build a better planet.[\/vc_column_text][\/vc_column_inner][\/vc_row_inner][\/vc_column][\/vc_row][\/vc_section][vc_row tm_bgimagefixed=&#8221;&#8221; tm_zindex=&#8221;&#8221; css=&#8221;.vc_custom_1735900662367{padding-top: 65px !important;}&#8221; el_class=&#8221;paddingTop65 newsroWs&#8221;][vc_column][vc_column_text el_class=&#8221;container margin&#8221;]<\/p>\n<div id=\"news\"><div class=\"row\"><div class=\"col-6\">\n                        <img src=\"https:\/\/dev2.iibanks.com\/westafrica\/wp-content\/uploads\/sites\/4\/2026\/04\/iibAFC-585x585-1.jpg\" alt=\"A Africa Finance Corporation e o Intercontinental Investment Bank assinam um memorando de entendimento para um acordo-quadro de linha de cr\u00e9dito a prazo no valor de 50 milh\u00f5es de euros\" \/>\n                        <div class=\"custom-white-text-box\">\n                            <p class=\"newsDate\">15 April 2026<\/p>\n                            <h4 class=\"tm-custom-heading \">A Africa Finance Corporation e o Intercontinental Investment Bank assinam um memorando de entendimento para um acordo-quadro de linha de cr\u00e9dito a prazo no valor de 50 milh\u00f5es de euros<\/h4>\n                            <p><\/p>\n                            <div class=\"custom-theme-button\">                                \n                                <a href=\"https:\/\/dev2.iibanks.com\/westafrica\/pt\/iibank-news\/a-africa-finance-corporation-e-o-intercontinental-investment-bank-assinam-um-memorando-de-entendimento-para-um-acordo-quadro-de-linha-de-credito-a-prazo-no-valor-de-50-milhoes-de-euros\/\">Read More<\/a>\n                            <\/div>\n                        <\/div>\n                    <\/div><div class=\"col-6\">\n                        <img src=\"https:\/\/dev2.iibanks.com\/westafrica\/wp-content\/uploads\/sites\/4\/2026\/04\/iibAFC-585x585-1.jpg\" alt=\"Africa Finance Corporation and Intercontinental Investment Bank Sign a Memorandum of Understanding for a EUR 50 Million Term Loan Facility Framework\" \/>\n                        <div class=\"custom-white-text-box\">\n                            <p class=\"newsDate\">15 April 2026<\/p>\n                            <h4 class=\"tm-custom-heading \">Africa Finance Corporation and Intercontinental Investment Bank Sign a Memorandum of Understanding for a EUR 50 Million Term Loan Facility Framework<\/h4>\n                            <p><\/p>\n                            <div class=\"custom-theme-button\">                                \n                                <a href=\"https:\/\/dev2.iibanks.com\/westafrica\/en\/iibank-news\/africa-finance-corporation-and-intercontinental-investment-bank-sign-a-memorandum-of-understanding-for-a-eur-50-million-term-loan-facility-framework\/\">Read More<\/a>\n                            <\/div>\n                        <\/div>\n                    <\/div><div class=\"col-6\">\n                        <img src=\"https:\/\/dev2.iibanks.com\/westafrica\/wp-content\/uploads\/sites\/4\/2026\/04\/585x585.png\" alt=\"iib West Africa inaugura novo escrit\u00f3rio de representa\u00e7\u00e3o na Ilha do Sal\" \/>\n                        <div class=\"custom-white-text-box\">\n                            <p class=\"newsDate\">9 April 2026<\/p>\n                            <h4 class=\"tm-custom-heading \">iib West Africa inaugura novo escrit\u00f3rio de representa\u00e7\u00e3o na Ilha do Sal<\/h4>\n                            <p><\/p>\n                            <div class=\"custom-theme-button\">                                \n                                <a href=\"https:\/\/dev2.iibanks.com\/westafrica\/pt\/iibank-news\/iib-west-africa-inaugura-novo-escritorio-de-representacao-na-ilha-do-sal\/\">Read More<\/a>\n                            <\/div>\n                        <\/div>\n                    <\/div><div class=\"col-6\">\n                        <img src=\"https:\/\/dev2.iibanks.com\/westafrica\/wp-content\/uploads\/sites\/4\/2026\/04\/585x585.png\" alt=\"iib West Africa Opens New Banking Office in Sal Island\" \/>\n                        <div class=\"custom-white-text-box\">\n                            <p class=\"newsDate\">9 April 2026<\/p>\n                            <h4 class=\"tm-custom-heading \">iib West Africa Opens New Banking Office in Sal Island<\/h4>\n                            <p><\/p>\n                            <div class=\"custom-theme-button\">                                \n                                <a href=\"https:\/\/dev2.iibanks.com\/westafrica\/en\/iibank-news\/iib-west-africa-opens-new-banking-office-in-sal-island\/\">Read More<\/a>\n                            <\/div>\n                        <\/div>\n                    <\/div><div class=\"col-6\">\n                        <img src=\"https:\/\/dev2.iibanks.com\/westafrica\/wp-content\/uploads\/sites\/4\/2026\/03\/585x585-1.png\" alt=\"O iib conquista dois pr\u00eamios do Euromoney Private Banking Awards 2026\" \/>\n                        <div class=\"custom-white-text-box\">\n                            <p class=\"newsDate\">19 March 2026<\/p>\n                            <h4 class=\"tm-custom-heading \">O iib conquista dois pr\u00eamios do Euromoney Private Banking Awards 2026<\/h4>\n                            <p><\/p>\n                            <div class=\"custom-theme-button\">                                \n                                <a href=\"https:\/\/dev2.iibanks.com\/westafrica\/pt\/iibank-news\/o-iib-conquista-dois-premios-do-euromoney-private-banking-awards-2026\/\">Read More<\/a>\n                            <\/div>\n                        <\/div>\n                    <\/div><div class=\"col-6\">\n                        <img src=\"https:\/\/dev2.iibanks.com\/westafrica\/wp-content\/uploads\/sites\/4\/2026\/03\/585x585-1.png\" alt=\"iib Wins Two Euromoney Private Banking Awards 2026\" \/>\n                        <div class=\"custom-white-text-box\">\n                            <p class=\"newsDate\">19 March 2026<\/p>\n                            <h4 class=\"tm-custom-heading \">iib Wins Two Euromoney Private Banking Awards 2026<\/h4>\n                            <p><\/p>\n                            <div class=\"custom-theme-button\">                                \n                                <a href=\"https:\/\/dev2.iibanks.com\/westafrica\/en\/iibank-news\/iib-wins-two-euromoney-private-banking-awards-2026\/\">Read More<\/a>\n                            <\/div>\n                        <\/div>\n                    <\/div><div class=\"col-6\">\n                        <img src=\"https:\/\/dev2.iibanks.com\/westafrica\/wp-content\/uploads\/sites\/4\/2025\/11\/N-585x585-3.png\" alt=\"Sohail Sultan, presidente do iibGroup, conversa com Joseph Giarraputo, fundador e diretor editorial da Global Finance, sobre finan\u00e7as sustent\u00e1veis e governan\u00e7a no iib.\" \/>\n                        <div class=\"custom-white-text-box\">\n                            <p class=\"newsDate\">November 17, 2025<\/p>\n                            <h4 class=\"tm-custom-heading \">Sohail Sultan, presidente do iibGroup, conversa com Joseph Giarraputo, fundador e diretor editorial da Global Finance, sobre finan\u00e7as sustent\u00e1veis e governan\u00e7a no iib.<\/h4>\n                            <p><\/p>\n                            <div class=\"custom-theme-button\">                                \n                                <a href=\"https:\/\/dev2.iibanks.com\/westafrica\/pt\/iibank-news\/sohail-sultan-presidente-do-iibgroup-conversa-com-joseph-giarraputo-fundador-e-diretor-editorial-da-global-finance-sobre-financas-sustentaveis-e-governanca-no-iib\/\">Read More<\/a>\n                            <\/div>\n                        <\/div>\n                    <\/div><div class=\"col-6\">\n                        <img src=\"https:\/\/dev2.iibanks.com\/westafrica\/wp-content\/uploads\/sites\/4\/2025\/11\/N-585x585-3.png\" alt=\"Sohail Sultan Chairman, iibGroup In conversation with Joseph Giarraputo, Founder &#038; Editorial Director of Global Finance, on Sustainable Finance &#038; Governance at iib.\" \/>\n                        <div class=\"custom-white-text-box\">\n                            <p class=\"newsDate\">November 17, 2025<\/p>\n                            <h4 class=\"tm-custom-heading \">Sohail Sultan Chairman, iibGroup In conversation with Joseph Giarraputo, Founder &#038; Editorial Director of Global Finance, on Sustainable Finance &#038; Governance at iib.<\/h4>\n                            <p><\/p>\n                            <div class=\"custom-theme-button\">                                \n                                <a href=\"https:\/\/dev2.iibanks.com\/westafrica\/en\/iibank-news\/sohail-sultan-chairman-iibgroup-in-conversation-with-joseph-giarraputo-founder-editorial-director-of-global-finance-on-sustainable-finance-governance-at-iib\/\">Read More<\/a>\n                            <\/div>\n                        <\/div>\n                    <\/div><div class=\"col-6\">\n                        <img src=\"https:\/\/dev2.iibanks.com\/westafrica\/wp-content\/uploads\/sites\/4\/2025\/11\/WA-585x585-1.png\" alt=\"O IIB obt\u00e9m uma linha de cr\u00e9dito de 10 milh\u00f5es de euros do BADEA para apoiar as PME de Cabo Verde\" \/>\n                        <div class=\"custom-white-text-box\">\n                            <p class=\"newsDate\">05 November 2025<\/p>\n                            <h4 class=\"tm-custom-heading \">O IIB obt\u00e9m uma linha de cr\u00e9dito de 10 milh\u00f5es de euros do BADEA para apoiar as PME de Cabo Verde<\/h4>\n                            <p><\/p>\n                            <div class=\"custom-theme-button\">                                \n                                <a href=\"https:\/\/dev2.iibanks.com\/westafrica\/pt\/iibank-news\/o-iib-obtem-uma-linha-de-credito-de-10-milhoes-de-euros-do-badea-para-apoiar-as-pme-de-cabo-verde\/\">Read More<\/a>\n                            <\/div>\n                        <\/div>\n                    <\/div><div class=\"col-6\">\n                        <img src=\"https:\/\/dev2.iibanks.com\/westafrica\/wp-content\/uploads\/sites\/4\/2025\/11\/WA-585x585-1.png\" alt=\"iib Secures EUR 10 Million Line of Credit from BADEA to Empower Cabo Verde\u2019s SMEs\" \/>\n                        <div class=\"custom-white-text-box\">\n                            <p class=\"newsDate\">05 NOV 2025<\/p>\n                            <h4 class=\"tm-custom-heading \">iib Secures EUR 10 Million Line of Credit from BADEA to Empower Cabo Verde\u2019s SMEs<\/h4>\n                            <p><\/p>\n                            <div class=\"custom-theme-button\">                                \n                                <a href=\"https:\/\/dev2.iibanks.com\/westafrica\/en\/iibank-news\/iib-secures-eur-10-million-line-of-credit-from-badea-to-empower-cabo-verdes-smes\/\">Read More<\/a>\n                            <\/div>\n                        <\/div>\n                    <\/div><div class=\"col-6\">\n                        <img src=\"https:\/\/dev2.iibanks.com\/westafrica\/wp-content\/uploads\/sites\/4\/2025\/10\/585x585.png\" alt=\"O iib \u00c1frica Ocidental foi distinguido com o pr\u00e9mio \u201cTop Innovation in Finance in Africa\u201d pela Global Finance.\" \/>\n                        <div class=\"custom-white-text-box\">\n                            <p class=\"newsDate\">07 October 2025<\/p>\n                            <h4 class=\"tm-custom-heading \">O iib \u00c1frica Ocidental foi distinguido com o pr\u00e9mio \u201cTop Innovation in Finance in Africa\u201d pela Global Finance.<\/h4>\n                            <p><\/p>\n                            <div class=\"custom-theme-button\">                                \n                                <a href=\"https:\/\/dev2.iibanks.com\/westafrica\/pt\/iibank-news\/o-iib-africa-ocidental-foi-distinguido-com-o-premio-top-innovation-in-finance-in-africa-pela-global-finance\/\">Read More<\/a>\n                            <\/div>\n                        <\/div>\n                    <\/div><div class=\"col-6\">\n                        <img src=\"https:\/\/dev2.iibanks.com\/westafrica\/wp-content\/uploads\/sites\/4\/2025\/10\/585x585.png\" alt=\"iib West Africa Honored with \u201cTop Innovation in Finance in Africa\u201d Award by Global Finance\" \/>\n                        <div class=\"custom-white-text-box\">\n                            <p class=\"newsDate\">07 October 2025<\/p>\n                            <h4 class=\"tm-custom-heading \">iib West Africa Honored with \u201cTop Innovation in Finance in Africa\u201d Award by Global Finance<\/h4>\n                            <p><\/p>\n                            <div class=\"custom-theme-button\">                                \n                                <a href=\"https:\/\/dev2.iibanks.com\/westafrica\/en\/iibank-news\/iib-west-africa-honored-with-top-innovation-in-finance-in-africa-award-by-global-finance\/\">Read More<\/a>\n                            <\/div>\n                        <\/div>\n                    <\/div><\/div><\/div><div class=\"pagination minepaginatioN\"><span aria-current=\"page\" class=\"page-numbers current\">1<\/span>\n<a class=\"page-numbers\" href=\"https:\/\/dev2.iibanks.com\/westafrica\/wp-json\/wp\/v2\/pages\/19\/page\/2\/\">2<\/a>\n<a class=\"page-numbers\" href=\"https:\/\/dev2.iibanks.com\/westafrica\/wp-json\/wp\/v2\/pages\/19\/page\/3\/\">3<\/a>\n<span class=\"page-numbers dots\">&hellip;<\/span>\n<a class=\"page-numbers\" href=\"https:\/\/dev2.iibanks.com\/westafrica\/wp-json\/wp\/v2\/pages\/19\/page\/5\/\">5<\/a>\n<a class=\"next page-numbers\" href=\"https:\/\/dev2.iibanks.com\/westafrica\/wp-json\/wp\/v2\/pages\/19\/page\/2\/\">Next &raquo;<\/a><\/div>\n<p>[\/vc_column_text][\/vc_column][\/vc_row]<\/p>\n<\/section>","protected":false},"excerpt":{"rendered":"<p>[vc_section full_width=&#8221;stretch_row_content&#8221; el_class=&#8221;image-banner-with-text&#8221; css=&#8221;.vc_custom_1661774187895{padding-top: 0px !important;padding-bottom: 0px !important;}&#8221;][vc_row tm_bgimagefixed=&#8221;&#8221; full_width=&#8221;stretch_row_content_no_spaces&#8221;][vc_column][vc_row_inner][vc_column_inner css=&#8221;.vc_custom_1659424244579{padding-left: 0px !important;}&#8221;][vc_single_image image=&#8221;361&#8243; img_size=&#8221;full&#8221; alignment=&#8221;center&#8221; css=&#8221;.vc_custom_1678963043524{margin-bottom: 0px !important;}&#8221;][vc_column_text css=&#8221;.vc_custom_1662530609018{margin-bottom: 0px !important;padding-top: 15px !important;padding-bottom: 15px !important;background-color: rgba(10,10,10,0.35) !important;*background-color: rgb(10,10,10) !important;}&#8221; el_class=&#8221;white-text banner-heading banner-text-box&#8221;]News[\/vc_column_text][\/vc_column_inner][\/vc_row_inner][\/vc_column][\/vc_row][\/vc_section][vc_section css=&#8221;.vc_custom_1735901169213{padding-top: 50px !important;padding-right: 15px !important;padding-bottom: 50px !important;padding-left: 15px !important;background-color: #1a2159 !important;}&#8221; el_class=&#8221;our-purpose-text-box greyroW bluetoproW&#8221;][vc_row tm_bgimagefixed=&#8221;&#8221;][vc_column][vc_row_inner][vc_column_inner][vc_column_text el_class=&#8221;white-text&#8221; css=&#8221;.vc_custom_1661229194900{margin-bottom: 0px !important;}&#8221;]All the latest updates [&hellip;]<\/p>\n","protected":false},"author":1,"featured_media":0,"parent":1070,"menu_order":0,"comment_status":"closed","ping_status":"closed","template":"","meta":[],"acf":[],"_links":{"self":[{"href":"https:\/\/dev2.iibanks.com\/westafrica\/wp-json\/wp\/v2\/pages\/19"}],"collection":[{"href":"https:\/\/dev2.iibanks.com\/westafrica\/wp-json\/wp\/v2\/pages"}],"about":[{"href":"https:\/\/dev2.iibanks.com\/westafrica\/wp-json\/wp\/v2\/types\/page"}],"author":[{"embeddable":true,"href":"https:\/\/dev2.iibanks.com\/westafrica\/wp-json\/wp\/v2\/users\/1"}],"replies":[{"embeddable":true,"href":"https:\/\/dev2.iibanks.com\/westafrica\/wp-json\/wp\/v2\/comments?post=19"}],"version-history":[{"count":5,"href":"https:\/\/dev2.iibanks.com\/westafrica\/wp-json\/wp\/v2\/pages\/19\/revisions"}],"predecessor-version":[{"id":11754,"href":"https:\/\/dev2.iibanks.com\/westafrica\/wp-json\/wp\/v2\/pages\/19\/revisions\/11754"}],"up":[{"embeddable":true,"href":"https:\/\/dev2.iibanks.com\/westafrica\/wp-json\/wp\/v2\/pages\/1070"}],"wp:attachment":[{"href":"https:\/\/dev2.iibanks.com\/westafrica\/wp-json\/wp\/v2\/media?parent=19"}],"curies":[{"name":"wp","href":"https:\/\/api.w.org\/{rel}","templated":true}]}}