
{"id":2264,"date":"2023-10-25T14:08:44","date_gmt":"2023-10-25T14:08:44","guid":{"rendered":"https:\/\/dev2.iibanks.com\/westafrica\/?page_id=2264"},"modified":"2025-08-27T13:50:15","modified_gmt":"2025-08-27T13:50:15","slug":"in-the-press","status":"publish","type":"page","link":"https:\/\/dev2.iibanks.com\/westafrica\/en\/media\/in-the-press\/","title":{"rendered":"In the Press"},"content":{"rendered":"<section class=\"wpb-content-wrapper\"><p>[vc_row tm_bgimagefixed=&#8221;&#8221; tm_zindex=&#8221;&#8221; css=&#8221;.vc_custom_1735829496251{padding-top: 65px !important;}&#8221; el_class=&#8221;pressroW&#8221;][vc_column]<div id=\"ultimate-heading-444069deefafdc6f8\" class=\"uvc-heading ult-adjust-bottom-margin ultimate-heading-444069deefafdc6f8 uvc-2544 pressconT\" data-hspacer=\"no_spacer\"  data-halign=\"left\" style=\"text-align:left\"><div class=\"uvc-heading-spacer no_spacer\" style=\"top\"><\/div><div class=\"uvc-main-heading ult-responsive\"  data-ultimate-target='.uvc-heading.ultimate-heading-444069deefafdc6f8 h2'  data-responsive-json-new='{\"font-size\":\"desktop:62px;\",\"line-height\":\"\"}' ><h2 style=\"font-weight:normal;margin-bottom:10px;\">In the Press<\/h2><\/div><div class=\"uvc-sub-heading ult-responsive\"  data-ultimate-target='.uvc-heading.ultimate-heading-444069deefafdc6f8 .uvc-sub-heading '  data-responsive-json-new='{\"font-size\":\"desktop:28px;\",\"line-height\":\"\"}'  style=\"font-weight:normal;margin-bottom:50px;\">Read the latest press releases and coverage about iibGroup and its subsidiaries in global publications from around the world.<\/div><\/div>[vc_column_text]<table class=\"table presstablE\">\n            <thead>\n                <tr>\n                    <th scope=\"col\">Date<\/th>\n                    <th scope=\"col\">Title<\/th>\n                <\/tr>\n            <\/thead>\n            <tbody><tr>\n                <td>13 Apr 2026<\/td>\n                <td>infor press &#8211; Ilha de Sal: a iib \u00c1frica Ocidental inaugura escrit\u00f3rio de representa\u00e7\u00e3o para refor\u00e7ar o apoio ao investimento e ao turismo.\n                    <div class=\"custom-readmorE\">\n                        <a href=\"https:\/\/inforpress.cv\/pt\/ilha-do-sal-iib-west-africa-inaugura-escritorio-de-representacao-para-reforcar-apoio-ao-investimento-e-turismo\" target=\"_blank\" rel=\"noopener\">Read More<\/a>\n                    <\/div>\n                <\/td>\n            <\/tr><tr>\n                <td>13 Apr 2026<\/td>\n                <td>OPAIS.cv &#8211; A iib West Africa inaugura um ponto de atendimento em Santa Maria para refor\u00e7ar sua presen\u00e7a em Sal.\n                    <div class=\"custom-readmorE\">\n                        <a href=\"https:\/\/opais.cv\/iib-west-africa-abre-escritorio-em-santa-maria-para-reforcar-presenca-no-sal\/13\/04\/2026\/\" target=\"_blank\" rel=\"noopener\">Read More<\/a>\n                    <\/div>\n                <\/td>\n            <\/tr><tr>\n                <td>13 Apr 2026<\/td>\n                <td>O Jornal Econ\u00f3mico &#8211; O banco comercial iib West Africa expande-se em Cabo Verde com uma nova ag\u00eancia na Ilha de Sal.\n                    <div class=\"custom-readmorE\">\n                        <a href=\"https:\/\/jornaleconomico.sapo.pt\/noticias\/banco-comercial-ibb-west-africa-cresce-em-cabo-verde-com-novo-escritorio-na-ilha-do-sal\/\" target=\"_blank\" rel=\"noopener\">Read More<\/a>\n                    <\/div>\n                <\/td>\n            <\/tr><tr>\n                <td>13 Apr 2026<\/td>\n                <td>infor press &#8211; Sal Island: iib West Africa opens representative office to strengthen support for investment and tourism.\n                    <div class=\"custom-readmorE\">\n                        <a href=\"https:\/\/inforpress.cv\/pt\/ilha-do-sal-iib-west-africa-inaugura-escritorio-de-representacao-para-reforcar-apoio-ao-investimento-e-turismo\" target=\"_blank\" rel=\"noopener\">Read More<\/a>\n                    <\/div>\n                <\/td>\n            <\/tr><tr>\n                <td>13 Apr 2026<\/td>\n                <td>OPAIS.cv &#8211; iib West Africa opens a service point in Santa Maria to reinforce its presence in Sal.\n                    <div class=\"custom-readmorE\">\n                        <a href=\"https:\/\/opais.cv\/iib-west-africa-abre-escritorio-em-santa-maria-para-reforcar-presenca-no-sal\/13\/04\/2026\/\" target=\"_blank\" rel=\"noopener\">Read More<\/a>\n                    <\/div>\n                <\/td>\n            <\/tr><tr>\n                <td>13 Apr 2026<\/td>\n                <td>O Jornal Econ\u00f3mico &#8211; Commercial bank iib West Africa expands in Cape Verde with a new branch on Sal Island.\n                    <div class=\"custom-readmorE\">\n                        <a href=\"https:\/\/jornaleconomico.sapo.pt\/noticias\/banco-comercial-ibb-west-africa-cresce-em-cabo-verde-com-novo-escritorio-na-ilha-do-sal\/\" target=\"_blank\" rel=\"noopener\">Read More<\/a>\n                    <\/div>\n                <\/td>\n            <\/tr><tr>\n                <td>6 Apr 2026<\/td>\n                <td>THE Reporter &#8211; O iibGroup recebe licen\u00e7a do NBE para abrir um escrit\u00f3rio de representa\u00e7\u00e3o em Adis Abeba, refor\u00e7ando sua presen\u00e7a no setor financeiro emergente da Eti\u00f3pia\n                    <div class=\"custom-readmorE\">\n                        <a href=\"https:\/\/www.thereporterethiopia.com\/50111\/\" target=\"_blank\" rel=\"noopener\">Read More<\/a>\n                    <\/div>\n                <\/td>\n            <\/tr><tr>\n                <td>6 Apr 2026<\/td>\n                <td>THE Reporter &#8211; iibGroup Receives License from NBE for a Representative Office in Addis Ababa, Strengthening Presence into Ethiopia\u2019s Emerging Financial Sector\n                    <div class=\"custom-readmorE\">\n                        <a href=\"https:\/\/www.thereporterethiopia.com\/50111\/\" target=\"_blank\" rel=\"noopener\">Read More<\/a>\n                    <\/div>\n                <\/td>\n            <\/tr><tr>\n                <td>6 Apr 2026<\/td>\n                <td>EZ Newswire &#8211; O iibGroup recebe licen\u00e7a da NBE para abrir um escrit\u00f3rio de representa\u00e7\u00e3o em Adis Abeba, refor\u00e7ando sua presen\u00e7a no setor financeiro emergente da Eti\u00f3pia\n                    <div class=\"custom-readmorE\">\n                        <a href=\"https:\/\/www.eznewswire.com\/newsroom\/iibgroup-receives-license-nbe-representative-office-addis-ababa\" target=\"_blank\" rel=\"noopener\">Read More<\/a>\n                    <\/div>\n                <\/td>\n            <\/tr><tr>\n                <td>6 Apr 2026<\/td>\n                <td>Reuters &#8211; O iibGroup recebe licen\u00e7a da NBE para abrir um escrit\u00f3rio de representa\u00e7\u00e3o em Adis Abeba, refor\u00e7ando sua presen\u00e7a no setor financeiro emergente da Eti\u00f3pia\n                    <div class=\"custom-readmorE\">\n                        <a href=\"https:\/\/www.reuters.com\/press-releases\/iibgroup-receives-license-nbe-representative-office-addis-ababa-2026-04-06\/\" target=\"_blank\" rel=\"noopener\">Read More<\/a>\n                    <\/div>\n                <\/td>\n            <\/tr><tr>\n                <td>6 Apr 2026<\/td>\n                <td>EZ Newswire &#8211; iibGroup Receives License from NBE for a Representative Office in Addis Ababa, Strengthening Presence into Ethiopia\u2019s Emerging Financial Sector\n                    <div class=\"custom-readmorE\">\n                        <a href=\"https:\/\/www.eznewswire.com\/newsroom\/iibgroup-receives-license-nbe-representative-office-addis-ababa\" target=\"_blank\" rel=\"noopener\">Read More<\/a>\n                    <\/div>\n                <\/td>\n            <\/tr><tr>\n                <td>6 Apr 2026<\/td>\n                <td>Reuters &#8211; iibGroup Receives License from NBE for a Representative Office in Addis Ababa, Strengthening Presence into Ethiopia\u2019s Emerging Financial Sector\n                    <div class=\"custom-readmorE\">\n                        <a href=\"https:\/\/www.reuters.com\/press-releases\/iibgroup-receives-license-nbe-representative-office-addis-ababa-2026-04-06\/\" target=\"_blank\" rel=\"noopener\">Read More<\/a>\n                    <\/div>\n                <\/td>\n            <\/tr><tr>\n                <td>6 Apr 2026<\/td>\n                <td>Capital &#8211; O iibGroup recebe licen\u00e7a da NBE para abrir um escrit\u00f3rio de representa\u00e7\u00e3o em Adis Abeba, refor\u00e7ando sua presen\u00e7a no setor financeiro emergente da Eti\u00f3pia\n                    <div class=\"custom-readmorE\">\n                        <a href=\"https:\/\/capitalethiopia.com\/2026\/04\/06\/iibgroup-receives-license-from-nbe-for-a-representative-office-in-addis-ababa-strengthening-presence-into-ethiopias-emerging-financial-sector-2\/\" target=\"_blank\" rel=\"noopener\">Read More<\/a>\n                    <\/div>\n                <\/td>\n            <\/tr><tr>\n                <td>6 Apr 2026<\/td>\n                <td>Capital &#8211; iibGroup Receives License from NBE for a Representative Office in Addis Ababa, Strengthening Presence into Ethiopia\u2019s Emerging Financial Sector\n                    <div class=\"custom-readmorE\">\n                        <a href=\"https:\/\/capitalethiopia.com\/2026\/04\/06\/iibgroup-receives-license-from-nbe-for-a-representative-office-in-addis-ababa-strengthening-presence-into-ethiopias-emerging-financial-sector-2\/\" target=\"_blank\" rel=\"noopener\">Read More<\/a>\n                    <\/div>\n                <\/td>\n            <\/tr><tr>\n                <td>6 Apr 2026<\/td>\n                <td>Fortune &#8211; iibGroup Receives License from NBE for a Representative Office in Addis Ababa, Strengthening Presence into Ethiopia\u2019s Emerging Financial Sector.\n                    <div class=\"custom-readmorE\">\n                        <a href=\"https:\/\/addisfortune.news\/iibgroup-receives-license-from-nbe-for-a-representative-office-in-addis-ababa-strengthening-presence-into-ethiopias-emerging-financial-sector\" target=\"_blank\" rel=\"noopener\">Read More<\/a>\n                    <\/div>\n                <\/td>\n            <\/tr><tr>\n                <td>6 Apr 2026<\/td>\n                <td>Fortune &#8211; O iibGroup recebe licen\u00e7a da NBE para abrir um escrit\u00f3rio de representa\u00e7\u00e3o em Adis Abeba, refor\u00e7ando sua presen\u00e7a no setor financeiro emergente da Eti\u00f3pia.\n                    <div class=\"custom-readmorE\">\n                        <a href=\"https:\/\/addisfortune.news\/iibgroup-receives-license-from-nbe-for-a-representative-office-in-addis-ababa-strengthening-presence-into-ethiopias-emerging-financial-sector\" target=\"_blank\" rel=\"noopener\">Read More<\/a>\n                    <\/div>\n                <\/td>\n            <\/tr><\/tbody>\n            <\/table><div class=\"pagination minepaginatioN\"><span aria-current=\"page\" class=\"page-numbers current\">1<\/span>\n<a class=\"page-numbers\" href=\"https:\/\/dev2.iibanks.com\/westafrica\/wp-json\/wp\/v2\/pages\/2264\/page\/2\/\">2<\/a>\n<a class=\"page-numbers\" href=\"https:\/\/dev2.iibanks.com\/westafrica\/wp-json\/wp\/v2\/pages\/2264\/page\/3\/\">3<\/a>\n<span class=\"page-numbers dots\">&hellip;<\/span>\n<a class=\"page-numbers\" href=\"https:\/\/dev2.iibanks.com\/westafrica\/wp-json\/wp\/v2\/pages\/2264\/page\/12\/\">12<\/a>\n<a class=\"next page-numbers\" href=\"https:\/\/dev2.iibanks.com\/westafrica\/wp-json\/wp\/v2\/pages\/2264\/page\/2\/\">Next &raquo;<\/a><\/div>[\/vc_column_text][\/vc_column][\/vc_row][vc_section el_class=&#8221;grey-content-box post-content-box button-style-box&#8221; css=&#8221;.vc_custom_1665142010687{padding-top: 65px !important;}&#8221;][vc_row tm_bgimagefixed=&#8221;&#8221; el_class=&#8221;financial-focus-left-right-box&#8221;][vc_column][vc_row_inner][vc_column_inner el_class=&#8221;left-image-right-content line-clamp-3 left-image-right-content-1010&#8243;][vc_single_image image=&#8221;2265&#8243; img_size=&#8221;full&#8221; alignment=&#8221;center&#8221; css=&#8221;.vc_custom_1698242918519{margin-bottom: 0px !important;}&#8221;][vc_column_text el_class=&#8221;one-column-white-text-box flex-center-box&#8221; css=&#8221;.vc_custom_1697638394893{background-color: #efefef !important;}&#8221;]<\/p>\n<h4 class=\"tm-custom-heading \">Media Contacts<\/h4>\n<p>Members of the media who would like to get in touch can connect with us on the email given below:<\/p>\n<div class=\"custom-theme-button loweR\"><a title=\"\" href=\"mailto:media@iibanks.com\">media@iibanks.com<\/a><\/div>\n<p>[\/vc_column_text][\/vc_column_inner][\/vc_row_inner][\/vc_column][\/vc_row][\/vc_section]<\/p>\n<\/section>","protected":false},"excerpt":{"rendered":"<p>[vc_row tm_bgimagefixed=&#8221;&#8221; tm_zindex=&#8221;&#8221; css=&#8221;.vc_custom_1735829496251{padding-top: 65px !important;}&#8221; el_class=&#8221;pressroW&#8221;][vc_column][vc_column_text][\/vc_column_text][\/vc_column][\/vc_row][vc_section el_class=&#8221;grey-content-box post-content-box button-style-box&#8221; css=&#8221;.vc_custom_1665142010687{padding-top: 65px !important;}&#8221;][vc_row tm_bgimagefixed=&#8221;&#8221; el_class=&#8221;financial-focus-left-right-box&#8221;][vc_column][vc_row_inner][vc_column_inner el_class=&#8221;left-image-right-content line-clamp-3 left-image-right-content-1010&#8243;][vc_single_image image=&#8221;2265&#8243; img_size=&#8221;full&#8221; alignment=&#8221;center&#8221; css=&#8221;.vc_custom_1698242918519{margin-bottom: 0px !important;}&#8221;][vc_column_text el_class=&#8221;one-column-white-text-box flex-center-box&#8221; css=&#8221;.vc_custom_1697638394893{background-color: #efefef !important;}&#8221;] Media Contacts Members of the media who would like to get in touch can connect with us on the email given below: media@iibanks.com [\/vc_column_text][\/vc_column_inner][\/vc_row_inner][\/vc_column][\/vc_row][\/vc_section]<\/p>\n","protected":false},"author":1,"featured_media":0,"parent":1070,"menu_order":0,"comment_status":"closed","ping_status":"closed","template":"","meta":[],"acf":[],"_links":{"self":[{"href":"https:\/\/dev2.iibanks.com\/westafrica\/wp-json\/wp\/v2\/pages\/2264"}],"collection":[{"href":"https:\/\/dev2.iibanks.com\/westafrica\/wp-json\/wp\/v2\/pages"}],"about":[{"href":"https:\/\/dev2.iibanks.com\/westafrica\/wp-json\/wp\/v2\/types\/page"}],"author":[{"embeddable":true,"href":"https:\/\/dev2.iibanks.com\/westafrica\/wp-json\/wp\/v2\/users\/1"}],"replies":[{"embeddable":true,"href":"https:\/\/dev2.iibanks.com\/westafrica\/wp-json\/wp\/v2\/comments?post=2264"}],"version-history":[{"count":13,"href":"https:\/\/dev2.iibanks.com\/westafrica\/wp-json\/wp\/v2\/pages\/2264\/revisions"}],"predecessor-version":[{"id":12743,"href":"https:\/\/dev2.iibanks.com\/westafrica\/wp-json\/wp\/v2\/pages\/2264\/revisions\/12743"}],"up":[{"embeddable":true,"href":"https:\/\/dev2.iibanks.com\/westafrica\/wp-json\/wp\/v2\/pages\/1070"}],"wp:attachment":[{"href":"https:\/\/dev2.iibanks.com\/westafrica\/wp-json\/wp\/v2\/media?parent=2264"}],"curies":[{"name":"wp","href":"https:\/\/api.w.org\/{rel}","templated":true}]}}