
{"id":635,"date":"2023-03-28T06:41:53","date_gmt":"2023-03-28T06:41:53","guid":{"rendered":"https:\/\/dev2.iibanks.com\/westafrica\/?page_id=635"},"modified":"2025-01-27T14:56:00","modified_gmt":"2025-01-27T14:56:00","slug":"lideranca","status":"publish","type":"page","link":"https:\/\/dev2.iibanks.com\/westafrica\/pt\/quem-somos\/lideranca\/","title":{"rendered":"Lideran\u00e7a"},"content":{"rendered":"<section class=\"wpb-content-wrapper\"><p>[vc_section full_width=&#8221;stretch_row_content&#8221; el_class=&#8221;image-banner-with-text&#8221; css=&#8221;.vc_custom_1664516163430{padding-top: 0px !important;padding-bottom: 0px !important;}&#8221;][vc_row tm_bgimagefixed=&#8221;&#8221; full_width=&#8221;stretch_row_content_no_spaces&#8221;][vc_column][vc_row_inner][vc_column_inner css=&#8221;.vc_custom_1659424244579{padding-left: 0px !important;}&#8221;][vc_single_image image=&#8221;174&#8243; img_size=&#8221;full&#8221; alignment=&#8221;center&#8221; css=&#8221;.vc_custom_1678957518097{margin-bottom: 0px !important;}&#8221;][\/vc_column_inner][\/vc_row_inner][\/vc_column][\/vc_row][\/vc_section][vc_section css=&#8221;.vc_custom_1737988783517{padding-top: 50px !important;padding-right: 15px !important;padding-bottom: 50px !important;padding-left: 15px !important;background-color: #1a2159 !important;}&#8221; el_class=&#8221;our-purpose-text-box greyroW ouroW&#8221;][vc_row tm_bgimagefixed=&#8221;&#8221; tm_zindex=&#8221;&#8221; el_class=&#8221;blueBar&#8221;][vc_column][vc_row_inner][vc_column_inner][vc_column_text el_class=&#8221;white-text purpose-values-text-box&#8221; css=&#8221;.vc_custom_1680246619965{margin-bottom: 0px !important;}&#8221;]<\/p>\n<h4>Lideran\u00e7a<\/h4>\n<h4>Uma equipa de profissionais com vasta experi\u00eancia em finan\u00e7as<\/h4>\n<p>[\/vc_column_text][\/vc_column_inner][\/vc_row_inner][\/vc_column][\/vc_row][\/vc_section][vc_section css=&#8221;.vc_custom_1681296289914{padding-top: 0px !important;}&#8221;][vc_row tm_bgcolor=&#8221;white&#8221; tm_bgimagefixed=&#8221;&#8221; tm_zindex=&#8221;&#8221; full_width=&#8221;stretch_row_content&#8221;][vc_column][vc_column_text]<div id=\"leadershipTeam\">\n\t\t\t\t\t<div class=\"row\"><div class=\"single-officer-box\">\n\t\t\t\t\t\t\t<div class=\"container\">\n\t\t\t\t\t\t\t\t<a href=\"https:\/\/dev2.iibanks.com\/westafrica\/pt\/leadership\/joseph-carasso-junior-2\/\">\n\t\t\t\t\t\t\t\t\t<div class=\"single-officer-content-box\">\t\n\t\t\t\t\t\t\t\t\t\t<div class=\"wpb_wrapper\">\n\t\t\t\t\t\t\t\t\t\t\t<div class=\"single-image\">\n\t\t\t\t\t\t\t\t\t\t\t\t<img src=\"https:\/\/dev2.iibanks.com\/westafrica\/wp-content\/uploads\/sites\/4\/2024\/08\/Joseph-1.jpg\" \/>\n\t\t\t\t\t\t\t\t\t\t\t<\/div>\n\t\t\t\t\t\t\t\t\t\t\t<div class=\"single-officer-name-box\">\n\t\t\t\t\t\t\t\t\t\t\t\t<h4 class=\"tm-custom-heading \">Joseph Carasso Junior<\/h4>\n\t\t\t\t\t\t\t\t\t\t\t\t<p class=\"tm-custom-heading \">CEO <\/p>\n\t\t\t\t\t\t\t\t\t\t\t<\/div>\n\t\t\t\t\t\t\t\t\t\t<\/div>\n\t\t\t\t\t\t\t\t\t<\/div>\n\t\t\t\t\t\t\t\t<\/a>\n\t\t\t\t\t\t\t<\/div>\n\t\t\t\t\t\t<\/div><div class=\"single-officer-box\">\n\t\t\t\t\t\t\t<div class=\"container\">\n\t\t\t\t\t\t\t\t<a href=\"https:\/\/dev2.iibanks.com\/westafrica\/en\/leadership\/joseph-carasso-junior\/\">\n\t\t\t\t\t\t\t\t\t<div class=\"single-officer-content-box\">\t\n\t\t\t\t\t\t\t\t\t\t<div class=\"wpb_wrapper\">\n\t\t\t\t\t\t\t\t\t\t\t<div class=\"single-image\">\n\t\t\t\t\t\t\t\t\t\t\t\t<img src=\"https:\/\/dev2.iibanks.com\/westafrica\/wp-content\/uploads\/sites\/4\/2024\/08\/Joseph-1.jpg\" \/>\n\t\t\t\t\t\t\t\t\t\t\t<\/div>\n\t\t\t\t\t\t\t\t\t\t\t<div class=\"single-officer-name-box\">\n\t\t\t\t\t\t\t\t\t\t\t\t<h4 class=\"tm-custom-heading \">Joseph Carasso Junior<\/h4>\n\t\t\t\t\t\t\t\t\t\t\t\t<p class=\"tm-custom-heading \">CEO <\/p>\n\t\t\t\t\t\t\t\t\t\t\t<\/div>\n\t\t\t\t\t\t\t\t\t\t<\/div>\n\t\t\t\t\t\t\t\t\t<\/div>\n\t\t\t\t\t\t\t\t<\/a>\n\t\t\t\t\t\t\t<\/div>\n\t\t\t\t\t\t<\/div><div class=\"single-officer-box\">\n\t\t\t\t\t\t\t<div class=\"container\">\n\t\t\t\t\t\t\t\t<a href=\"https:\/\/dev2.iibanks.com\/westafrica\/pt\/leadership\/manuel-fernandes-2\/\">\n\t\t\t\t\t\t\t\t\t<div class=\"single-officer-content-box\">\t\n\t\t\t\t\t\t\t\t\t\t<div class=\"wpb_wrapper\">\n\t\t\t\t\t\t\t\t\t\t\t<div class=\"single-image\">\n\t\t\t\t\t\t\t\t\t\t\t\t<img src=\"https:\/\/dev2.iibanks.com\/westafrica\/wp-content\/uploads\/sites\/4\/2024\/07\/manuel-369-369.jpg\" \/>\n\t\t\t\t\t\t\t\t\t\t\t<\/div>\n\t\t\t\t\t\t\t\t\t\t\t<div class=\"single-officer-name-box\">\n\t\t\t\t\t\t\t\t\t\t\t\t<h4 class=\"tm-custom-heading \">Manuel Fernandes<\/h4>\n\t\t\t\t\t\t\t\t\t\t\t\t<p class=\"tm-custom-heading \">COO<\/p>\n\t\t\t\t\t\t\t\t\t\t\t<\/div>\n\t\t\t\t\t\t\t\t\t\t<\/div>\n\t\t\t\t\t\t\t\t\t<\/div>\n\t\t\t\t\t\t\t\t<\/a>\n\t\t\t\t\t\t\t<\/div>\n\t\t\t\t\t\t<\/div><div class=\"single-officer-box\">\n\t\t\t\t\t\t\t<div class=\"container\">\n\t\t\t\t\t\t\t\t<a href=\"https:\/\/dev2.iibanks.com\/westafrica\/en\/leadership\/manuel-fernandes\/\">\n\t\t\t\t\t\t\t\t\t<div class=\"single-officer-content-box\">\t\n\t\t\t\t\t\t\t\t\t\t<div class=\"wpb_wrapper\">\n\t\t\t\t\t\t\t\t\t\t\t<div class=\"single-image\">\n\t\t\t\t\t\t\t\t\t\t\t\t<img src=\"https:\/\/dev2.iibanks.com\/westafrica\/wp-content\/uploads\/sites\/4\/2024\/07\/manuel-369-369.jpg\" \/>\n\t\t\t\t\t\t\t\t\t\t\t<\/div>\n\t\t\t\t\t\t\t\t\t\t\t<div class=\"single-officer-name-box\">\n\t\t\t\t\t\t\t\t\t\t\t\t<h4 class=\"tm-custom-heading \">Manuel Fernandes<\/h4>\n\t\t\t\t\t\t\t\t\t\t\t\t<p class=\"tm-custom-heading \">COO<\/p>\n\t\t\t\t\t\t\t\t\t\t\t<\/div>\n\t\t\t\t\t\t\t\t\t\t<\/div>\n\t\t\t\t\t\t\t\t\t<\/div>\n\t\t\t\t\t\t\t\t<\/a>\n\t\t\t\t\t\t\t<\/div>\n\t\t\t\t\t\t<\/div><div class=\"single-officer-box\">\n\t\t\t\t\t\t\t<div class=\"container\">\n\t\t\t\t\t\t\t\t<a href=\"https:\/\/dev2.iibanks.com\/westafrica\/pt\/leadership\/aicha-correia-2\/\">\n\t\t\t\t\t\t\t\t\t<div class=\"single-officer-content-box\">\t\n\t\t\t\t\t\t\t\t\t\t<div class=\"wpb_wrapper\">\n\t\t\t\t\t\t\t\t\t\t\t<div class=\"single-image\">\n\t\t\t\t\t\t\t\t\t\t\t\t<img src=\"https:\/\/dev2.iibanks.com\/westafrica\/wp-content\/uploads\/sites\/4\/2024\/07\/AICHA-CORREIA-369-369-1.jpg\" \/>\n\t\t\t\t\t\t\t\t\t\t\t<\/div>\n\t\t\t\t\t\t\t\t\t\t\t<div class=\"single-officer-name-box\">\n\t\t\t\t\t\t\t\t\t\t\t\t<h4 class=\"tm-custom-heading \">Aicha Correia<\/h4>\n\t\t\t\t\t\t\t\t\t\t\t\t<p class=\"tm-custom-heading \">CFO<\/p>\n\t\t\t\t\t\t\t\t\t\t\t<\/div>\n\t\t\t\t\t\t\t\t\t\t<\/div>\n\t\t\t\t\t\t\t\t\t<\/div>\n\t\t\t\t\t\t\t\t<\/a>\n\t\t\t\t\t\t\t<\/div>\n\t\t\t\t\t\t<\/div><div class=\"single-officer-box\">\n\t\t\t\t\t\t\t<div class=\"container\">\n\t\t\t\t\t\t\t\t<a href=\"https:\/\/dev2.iibanks.com\/westafrica\/en\/leadership\/aicha-correia\/\">\n\t\t\t\t\t\t\t\t\t<div class=\"single-officer-content-box\">\t\n\t\t\t\t\t\t\t\t\t\t<div class=\"wpb_wrapper\">\n\t\t\t\t\t\t\t\t\t\t\t<div class=\"single-image\">\n\t\t\t\t\t\t\t\t\t\t\t\t<img src=\"https:\/\/dev2.iibanks.com\/westafrica\/wp-content\/uploads\/sites\/4\/2024\/07\/AICHA-CORREIA-369-369-1.jpg\" \/>\n\t\t\t\t\t\t\t\t\t\t\t<\/div>\n\t\t\t\t\t\t\t\t\t\t\t<div class=\"single-officer-name-box\">\n\t\t\t\t\t\t\t\t\t\t\t\t<h4 class=\"tm-custom-heading \">Aicha Correia<\/h4>\n\t\t\t\t\t\t\t\t\t\t\t\t<p class=\"tm-custom-heading \">CFO<\/p>\n\t\t\t\t\t\t\t\t\t\t\t<\/div>\n\t\t\t\t\t\t\t\t\t\t<\/div>\n\t\t\t\t\t\t\t\t\t<\/div>\n\t\t\t\t\t\t\t\t<\/a>\n\t\t\t\t\t\t\t<\/div>\n\t\t\t\t\t\t<\/div><\/div><\/div>[\/vc_column_text][\/vc_column][\/vc_row][\/vc_section][vc_section css=&#8221;.vc_custom_1737989751095{margin-top: 65px !important;}&#8221; el_class=&#8221;quoteroW pt0&#8243;][vc_row][vc_column][vc_row_inner][vc_column_inner el_class=&#8221;transform-accelerate-text-box&#8221;][vc_column_text el_class=&#8221;font-size-36 font-size-18&#8243; css=&#8221;.vc_custom_1680246687286{margin-bottom: 0px !important;}&#8221;]<\/p>\n<h4>\u201cO nosso esp\u00edrito empreendedor \u00e9 impulsionado por diversas perspectivas e compet\u00eancias \u00fanicas\u201d.<\/h4>\n<p>Sohail Sultan, CEO[\/vc_column_text][\/vc_column_inner][\/vc_row_inner][\/vc_column][\/vc_row][\/vc_section][vc_section el_class=&#8221;post-content-box button-style-box custom-container-1299-width boX2 ldrbtmroW&#8221; css=&#8221;.vc_custom_1737989593173{padding-top: 65px !important;}&#8221;][vc_row tm_bgimagefixed=&#8221;&#8221; break_in_responsive=&#8221;1200&#8243; el_class=&#8221;grey-content-box who-we-are-content-box&#8221;][vc_column width=&#8221;1\/2&#8243;][vc_row_inner css=&#8221;.vc_custom_1665387546485{padding-right: 17.5px !important;padding-left: 17.5px !important;}&#8221; tm_responsive_css=&#8221;45908895|colbreak_no||||||0||0|colbreak_no|||||||||colbreak_no||||||||||colbreak_no|||||||||&#8221;][vc_column_inner][vc_single_image image=&#8221;170&#8243; img_size=&#8221;full&#8221; alignment=&#8221;center&#8221; css=&#8221;.vc_custom_1678957555491{margin-bottom: 0px !important;}&#8221;][vc_column_text el_class=&#8221;custom-white-text-box&#8221; css=&#8221;.vc_custom_1680771068960{background-color: #efefef !important;}&#8221;]<\/p>\n<h4 class=\"tm-custom-heading \">Prop\u00f3sito e Valores<\/h4>\n<p>Nosso posicionamento nos diferencia, nos sustenta e nos motiva. \u00c9 o que queremos que as pessoas associem quando pensam em n\u00f3s.<\/p>\n<div class=\"custom-theme-button\"><a title=\"\" href=\"\/westafrica\/pt\/quem-somos\/proposito-e-valores\/\">Ler +<\/a><\/div>\n<p>[\/vc_column_text][\/vc_column_inner][\/vc_row_inner][\/vc_column][vc_column width=&#8221;1\/2&#8243;][vc_row_inner css=&#8221;.vc_custom_1665387546485{padding-right: 17.5px !important;padding-left: 17.5px !important;}&#8221; tm_responsive_css=&#8221;45908895|colbreak_no||||||0||0|colbreak_no|||||||||colbreak_no||||||||||colbreak_no|||||||||&#8221;][vc_column_inner][vc_single_image image=&#8221;172&#8243; img_size=&#8221;full&#8221; alignment=&#8221;center&#8221; css=&#8221;.vc_custom_1678957562756{margin-bottom: 0px !important;}&#8221;][vc_column_text el_class=&#8221;custom-white-text-box&#8221; css=&#8221;.vc_custom_1680771047959{background-color: #efefef !important;}&#8221;]<\/p>\n<h4 class=\"tm-custom-heading \">Sustentabilidade no iib<\/h4>\n<p>No iib, integramos proactivamente os nossos objectivos de Sustentabilidade em tudo o que fazemos. Alinhados com os ODS da ONU, compreendemos que a mudan\u00e7a real e duradoura se realiza atrav\u00e9s do esfor\u00e7o colectivo.<\/p>\n<div class=\"custom-theme-button\"><a title=\"\" href=\"\/westafrica\/pt\/sustentabilidade\/\">Ler +<\/a><\/div>\n<p>[\/vc_column_text][\/vc_column_inner][\/vc_row_inner][\/vc_column][\/vc_row][\/vc_section]<\/p>\n<\/section>","protected":false},"excerpt":{"rendered":"<p>[vc_section full_width=&#8221;stretch_row_content&#8221; el_class=&#8221;image-banner-with-text&#8221; css=&#8221;.vc_custom_1664516163430{padding-top: 0px !important;padding-bottom: 0px !important;}&#8221;][vc_row tm_bgimagefixed=&#8221;&#8221; full_width=&#8221;stretch_row_content_no_spaces&#8221;][vc_column][vc_row_inner][vc_column_inner css=&#8221;.vc_custom_1659424244579{padding-left: 0px !important;}&#8221;][vc_single_image image=&#8221;174&#8243; img_size=&#8221;full&#8221; alignment=&#8221;center&#8221; css=&#8221;.vc_custom_1678957518097{margin-bottom: 0px !important;}&#8221;][\/vc_column_inner][\/vc_row_inner][\/vc_column][\/vc_row][\/vc_section][vc_section css=&#8221;.vc_custom_1737988783517{padding-top: 50px !important;padding-right: 15px !important;padding-bottom: 50px !important;padding-left: 15px !important;background-color: #1a2159 !important;}&#8221; el_class=&#8221;our-purpose-text-box greyroW ouroW&#8221;][vc_row tm_bgimagefixed=&#8221;&#8221; tm_zindex=&#8221;&#8221; el_class=&#8221;blueBar&#8221;][vc_column][vc_row_inner][vc_column_inner][vc_column_text el_class=&#8221;white-text purpose-values-text-box&#8221; css=&#8221;.vc_custom_1680246619965{margin-bottom: 0px !important;}&#8221;] Lideran\u00e7a Uma equipa de profissionais com vasta experi\u00eancia em finan\u00e7as [\/vc_column_text][\/vc_column_inner][\/vc_row_inner][\/vc_column][\/vc_row][\/vc_section][vc_section css=&#8221;.vc_custom_1681296289914{padding-top: 0px !important;}&#8221;][vc_row [&hellip;]<\/p>\n","protected":false},"author":1,"featured_media":0,"parent":619,"menu_order":0,"comment_status":"closed","ping_status":"closed","template":"","meta":[],"acf":[],"_links":{"self":[{"href":"https:\/\/dev2.iibanks.com\/westafrica\/wp-json\/wp\/v2\/pages\/635"}],"collection":[{"href":"https:\/\/dev2.iibanks.com\/westafrica\/wp-json\/wp\/v2\/pages"}],"about":[{"href":"https:\/\/dev2.iibanks.com\/westafrica\/wp-json\/wp\/v2\/types\/page"}],"author":[{"embeddable":true,"href":"https:\/\/dev2.iibanks.com\/westafrica\/wp-json\/wp\/v2\/users\/1"}],"replies":[{"embeddable":true,"href":"https:\/\/dev2.iibanks.com\/westafrica\/wp-json\/wp\/v2\/comments?post=635"}],"version-history":[{"count":4,"href":"https:\/\/dev2.iibanks.com\/westafrica\/wp-json\/wp\/v2\/pages\/635\/revisions"}],"predecessor-version":[{"id":11978,"href":"https:\/\/dev2.iibanks.com\/westafrica\/wp-json\/wp\/v2\/pages\/635\/revisions\/11978"}],"up":[{"embeddable":true,"href":"https:\/\/dev2.iibanks.com\/westafrica\/wp-json\/wp\/v2\/pages\/619"}],"wp:attachment":[{"href":"https:\/\/dev2.iibanks.com\/westafrica\/wp-json\/wp\/v2\/media?parent=635"}],"curies":[{"name":"wp","href":"https:\/\/api.w.org\/{rel}","templated":true}]}}