
{"id":644,"date":"2023-03-28T06:44:06","date_gmt":"2023-03-28T06:44:06","guid":{"rendered":"https:\/\/dev2.iibanks.com\/westafrica\/?page_id=644"},"modified":"2025-12-24T07:15:13","modified_gmt":"2025-12-24T07:15:13","slug":"politicas","status":"publish","type":"page","link":"https:\/\/dev2.iibanks.com\/westafrica\/pt\/quem-somos\/politicas\/","title":{"rendered":"Pol\u00edticas"},"content":{"rendered":"<section class=\"wpb-content-wrapper\"><p>[vc_section css=&#8221;.vc_custom_1737966233409{padding-top: 62.5px !important;padding-right: 15px !important;padding-left: 15px !important;}&#8221; el_class=&#8221;annual-report-text-box rportroW&#8221;][vc_row tm_bgimagefixed=&#8221;&#8221;][vc_column][vc_row_inner][vc_column_inner]<div id=\"ultimate-heading-123169df66000390c\" class=\"uvc-heading ult-adjust-bottom-margin ultimate-heading-123169df66000390c uvc-7553 h2font65\" data-hspacer=\"no_spacer\"  data-halign=\"left\" style=\"text-align:left\"><div class=\"uvc-heading-spacer no_spacer\" style=\"top\"><\/div><div class=\"uvc-main-heading ult-responsive\"  data-ultimate-target='.uvc-heading.ultimate-heading-123169df66000390c h2'  data-responsive-json-new='{\"font-size\":\"desktop:65px;\",\"line-height\":\"desktop:78px;\"}' ><h2 style=\"font-weight:normal;\">Pol\u00edticas<\/h2><\/div><\/div>[\/vc_column_inner][\/vc_row_inner][vc_row_inner css=&#8221;.vc_custom_1672220462753{margin-bottom: 75px !important;padding-right: 50px !important;padding-left: 50px !important;}&#8221; tm_responsive_css=&#8221;10398870|colbreak_no|||35|||15||15|colbreak_no|||||||||colbreak_no||||||||||colbreak_no|||||||||&#8221;][vc_column_inner width=&#8221;1\/2&#8243;][vc_custom_heading text=&#8221;Pol\u00edtica de Gest\u00e3o de Risco PLCFT&#8221;][vc_column_text el_class=&#8221;download-default-button&#8221; css=&#8221;.vc_custom_1755761601275{margin-bottom: 0px !important;}&#8221;]<\/p>\n<ul>\n<li>Portugu\u00eas (312KB) <a href=\"\/westafrica\/wp-content\/uploads\/sites\/4\/2025\/08\/Politica-De-Gestao-De-Riscos-de-Lavagem-de-Capitais-e-Financiamento-do-Terrorismo_VF48.pdf\" download=\"\">Descarregar pdf<\/a><\/li>\n<\/ul>\n<p>[\/vc_column_text][\/vc_column_inner][vc_column_inner width=&#8221;1\/2&#8243; tm_responsive_css=&#8221;71369083|colbreak_no|||||||||colbreak_no|||||||||colbreak_no|||||65|||||colbreak_no|||||||||&#8221;][vc_custom_heading text=&#8221;Pol\u00edtica de Conflito de Interesses&#8221;][vc_column_text el_class=&#8221;download-default-button&#8221; css=&#8221;.vc_custom_1755761812139{margin-bottom: 0px !important;}&#8221;]<\/p>\n<ul>\n<li>Portugu\u00eas (412KB) <a href=\"\/westafrica\/wp-content\/uploads\/sites\/4\/2025\/08\/Politica-de-Prevencao-e-Gestao-de-Conflito-de-Interesses_VFinal.pdf\" download=\"\">Descarregar pdf<\/a><\/li>\n<\/ul>\n<p>[\/vc_column_text][\/vc_column_inner][\/vc_row_inner][vc_row_inner css=&#8221;.vc_custom_1672221094827{margin-bottom: 75px !important;padding-right: 50px !important;padding-left: 50px !important;}&#8221; tm_responsive_css=&#8221;10398870|colbreak_no|||35px|||15px||15px|colbreak_no|||||||||colbreak_no||||||||||colbreak_no|||||||||&#8221;][vc_column_inner width=&#8221;1\/2&#8243;][vc_custom_heading text=&#8221;Relat\u00f3rio de Governo Societ\u00e1rio&#8221;][vc_column_text el_class=&#8221;download-default-button&#8221; css=&#8221;.vc_custom_1755761672122{margin-bottom: 0px !important;}&#8221;]<\/p>\n<ul>\n<li>Portugu\u00eas (2.21MB) <a href=\"\/westafrica\/wp-content\/uploads\/sites\/4\/2025\/08\/iibCV_Relatorio-Governo-Societario-2024.pdf\" download=\"\">Descarregar pdf<\/a><\/li>\n<\/ul>\n<p>[\/vc_column_text][\/vc_column_inner][vc_column_inner width=&#8221;1\/2&#8243; tm_responsive_css=&#8221;71369083|colbreak_no|||||||||colbreak_no|||||||||colbreak_no|||||65|||||colbreak_no|||||||||&#8221;][vc_custom_heading text=&#8221;Question\u00e1rio de Due Diligence Banc\u00e1ria para Correspondentes do Grupo Wolfsberg&#8221;][vc_column_text el_class=&#8221;download-default-button&#8221; css=&#8221;.vc_custom_1755761718286{margin-bottom: 0px !important;}&#8221;]<\/p>\n<ul>\n<li>Portugu\u00eas (5.2MB) <a href=\"\/westafrica\/wp-content\/uploads\/sites\/4\/2025\/08\/WOLFSBERG-IIBCV-2025.pdf\" download=\"\">Descarregar pdf<\/a><\/li>\n<\/ul>\n<p>[\/vc_column_text][\/vc_column_inner][\/vc_row_inner][vc_row_inner tm_zindex=&#8221;&#8221; disable_element=&#8221;yes&#8221; css=&#8221;.vc_custom_1766560505073{margin-bottom: 75px !important;padding-right: 50px !important;padding-left: 50px !important;}&#8221; tm_responsive_css=&#8221;&#8221;][vc_column_inner width=&#8221;1\/2&#8243;][vc_custom_heading text=&#8221;C\u00f3digo de Conduta&#8221;][vc_column_text el_class=&#8221;download-default-button&#8221; css=&#8221;.vc_custom_1755761762987{margin-bottom: 0px !important;}&#8221;]<\/p>\n<ul>\n<li>Portugu\u00eas (658KB) <a href=\"\/westafrica\/wp-content\/uploads\/sites\/4\/2025\/08\/Codigo-Etica-e-Conduta_VF.pdf\" download=\"\">Descarregar pdf<\/a><\/li>\n<\/ul>\n<p>[\/vc_column_text][\/vc_column_inner][\/vc_row_inner][\/vc_column][\/vc_row][\/vc_section][vc_section el_class=&#8221;values-purpose-bank-sec&#8221; css=&#8221;.vc_custom_1660816927837{padding-top: 65px !important;}&#8221;][vc_row tm_bgimagefixed=&#8221;&#8221; break_in_responsive=&#8221;1200&#8243; equal_height=&#8221;yes&#8221; rtl_reverse=&#8221;yes&#8221; el_class=&#8221;max-width-980&#8243;][vc_column][vc_row_inner css=&#8221;.vc_custom_1660198241980{padding-right: 0px !important;padding-left: 0px !important;}&#8221; el_class=&#8221;font-size-36&#8243;][vc_column_inner el_class=&#8221;left-image-right-content&#8221; css=&#8221;.vc_custom_1659521442123{padding-right: 0px !important;padding-left: 0px !important;}&#8221;][vc_single_image image=&#8221;560&#8243; img_size=&#8221;full&#8221; alignment=&#8221;center&#8221; css=&#8221;.vc_custom_1679909122384{margin-bottom: 0px !important;}&#8221;][vc_column_text el_class=&#8221;custom-white-text-box&#8221; css=&#8221;.vc_custom_1680247617546{background-color: #efefef !important;}&#8221;]<\/p>\n<h4 class=\"tm-custom-heading \">O Seu Banco,<br \/>\nO Seu Futuro<\/h4>\n<p>O nosso Slogan \u00e9 a manifesta\u00e7\u00e3o exterior da nossa Ess\u00eancia e Prop\u00f3sito.[\/vc_column_text][\/vc_column_inner][\/vc_row_inner][\/vc_column][\/vc_row][\/vc_section][vc_section css=&#8221;.vc_custom_1737966270739{padding-top: 50px !important;padding-right: 15px !important;padding-bottom: 50px !important;padding-left: 15px !important;background-color: #1a2159 !important;}&#8221; el_class=&#8221;our-purpose-text-box letter-spacing-1 greyroW posotionroW&#8221;][vc_row tm_bgimagefixed=&#8221;&#8221;][vc_column][vc_row_inner][vc_column_inner][vc_column_text el_class=&#8221;white-text font-size-36&#8243; css=&#8221;.vc_custom_1680247630169{margin-bottom: 0px !important;}&#8221;]<\/p>\n<h4 style=\"text-align: left;\">O nosso posicionamento nos diferencia, nos sustenta e nos motiva. \u00c9 isso que queremos que as pessoas associem quando pensam em n\u00f3s.<\/h4>\n<p>[\/vc_column_text][\/vc_column_inner][\/vc_row_inner][\/vc_column][\/vc_row][\/vc_section][vc_section el_class=&#8221;explore-our-locations custom-container-1301-width-three&#8221; css=&#8221;.vc_custom_1665394278930{padding-top: 55px !important;background-color: #efefef !important;}&#8221;][vc_row][vc_column][vc_row_inner el_class=&#8221;font-size-36&#8243;][vc_column_inner][vc_custom_heading text=&#8221;Os Nossos Valores&#8221; font_container=&#8221;tag:h4|text_align:center&#8221; use_theme_fonts=&#8221;yes&#8221; css=&#8221;.vc_custom_1681296602617{margin-bottom: 55px !important;}&#8221;][\/vc_column_inner][\/vc_row_inner][\/vc_column][\/vc_row][vc_row tm_bgimagefixed=&#8221;&#8221; break_in_responsive=&#8221;1200&#8243; tm_zindex=&#8221;&#8221; el_class=&#8221;our-values-section boX3 three_into_two&#8221;][vc_column width=&#8221;1\/3&#8243;][vc_row_inner css=&#8221;.vc_custom_1663569843114{padding-right: 17.5px !important;padding-left: 17.5px !important;}&#8221; tm_responsive_css=&#8221;87547761|colbreak_no||||||0||0|colbreak_no|||||||||colbreak_no||||||||||colbreak_no|||||||||&#8221;][vc_column_inner][vc_single_image image=&#8221;565&#8243; img_size=&#8221;full&#8221; alignment=&#8221;center&#8221; css=&#8221;.vc_custom_1679909132466{margin-bottom: 0px !important;}&#8221;][vc_column_text css=&#8221;.vc_custom_1680247664016{padding-top: 30px !important;padding-right: 30px !important;padding-bottom: 30px !important;padding-left: 30px !important;background-color: #ffffff !important;}&#8221; el_class=&#8221;font-size-36 font-size-18 custom-text-box&#8221;]<\/p>\n<h4>Inova\u00e7\u00e3o<\/h4>\n<p>Com o Conhecimento vem a Inova\u00e7\u00e3o. Acreditamos que qualquer problema tem uma solu\u00e7\u00e3o e esta pode ser alcan\u00e7ada atrav\u00e9s da l\u00f3gica e da raz\u00e3o. A nossa m\u00e3o-de-obra diversificada gera criatividade org\u00e2nica, levando \u00e0 inova\u00e7\u00e3o nas nossas ofertas de produtos e servi\u00e7os.[\/vc_column_text][\/vc_column_inner][\/vc_row_inner][\/vc_column][vc_column width=&#8221;1\/3&#8243;][vc_row_inner css=&#8221;.vc_custom_1663569854783{padding-right: 17.5px !important;padding-left: 17.5px !important;}&#8221; tm_responsive_css=&#8221;20659142|colbreak_no||||||0||0|colbreak_no|||||||||colbreak_no||||||||||colbreak_no|||||||||&#8221;][vc_column_inner][vc_single_image image=&#8221;566&#8243; img_size=&#8221;full&#8221; alignment=&#8221;center&#8221; css=&#8221;.vc_custom_1679909139368{margin-bottom: 0px !important;}&#8221;][vc_column_text css=&#8221;.vc_custom_1680247680684{padding-top: 30px !important;padding-right: 30px !important;padding-bottom: 30px !important;padding-left: 30px !important;background-color: #ffffff !important;}&#8221; el_class=&#8221;font-size-36 font-size-18 custom-text-box&#8221;]<\/p>\n<h4>Parceria<\/h4>\n<p>A parceria significa que colaboramos, e isso traz-nos sucesso. Todas as nossas rela\u00e7\u00f5es s\u00e3o mutuamente ben\u00e9ficas, dando aos clientes e colegas um verdadeiro sentido de posse.[\/vc_column_text][\/vc_column_inner][\/vc_row_inner][\/vc_column][vc_column width=&#8221;1\/3&#8243;][vc_row_inner css=&#8221;.vc_custom_1663569867399{padding-right: 17.5px !important;padding-left: 17.5px !important;}&#8221; tm_responsive_css=&#8221;37718171|colbreak_no||||||0||0|colbreak_no|||||||||colbreak_no||||||||||colbreak_no|||||||||&#8221;][vc_column_inner][vc_single_image image=&#8221;567&#8243; img_size=&#8221;full&#8221; alignment=&#8221;center&#8221; css=&#8221;.vc_custom_1679909146600{margin-bottom: 0px !important;}&#8221;][vc_column_text css=&#8221;.vc_custom_1680247698550{padding-top: 30px !important;padding-right: 30px !important;padding-bottom: 30px !important;padding-left: 30px !important;background-color: #ffffff !important;}&#8221; el_class=&#8221;font-size-36 font-size-18 custom-text-box&#8221;]<\/p>\n<h4>Compromisso<\/h4>\n<p>Estamos comprometidos com os nossos colaboradores, os nossos clientes e os nossos stakeholders. Acreditamos que com o compromisso vem a excel\u00eancia, orientando-nos para o melhor resultado poss\u00edvel em qualquer cen\u00e1rio.[\/vc_column_text][\/vc_column_inner][\/vc_row_inner][\/vc_column][\/vc_row][\/vc_section][vc_section full_width=&#8221;stretch_row&#8221; el_class=&#8221;button-style-box absolute-read-more contact-us-media-box custom-container-1299-width boX2&#8243; css=&#8221;.vc_custom_1737966319556{padding-top: 65px !important;}&#8221;][vc_row tm_bgimagefixed=&#8221;&#8221; break_in_responsive=&#8221;1200&#8243; full_width=&#8221;stretch_row&#8221; full_height=&#8221;yes&#8221;][vc_column width=&#8221;1\/2&#8243;][vc_row_inner css=&#8221;.vc_custom_1665405898975{padding-right: 17.5px !important;padding-left: 17.5px !important;}&#8221; tm_responsive_css=&#8221;99269579|colbreak_no||||||0||0|colbreak_no|||||||||colbreak_no||||||||||colbreak_no|||||||||&#8221;][vc_column_inner][vc_single_image image=&#8221;1631&#8243; img_size=&#8221;full&#8221; alignment=&#8221;center&#8221; css=&#8221;.vc_custom_1683561916466{margin-bottom: 0px !important;}&#8221;][vc_column_text el_class=&#8221;personal-islamic-bank&#8221; css=&#8221;.vc_custom_1690981061958{padding-top: 45px !important;padding-right: 50px !important;padding-bottom: 65px !important;padding-left: 50px !important;background-color: #e6e6e6 !important;}&#8221;]<\/p>\n<h4 class=\"tm-custom-heading \">Carreiras no iib<\/h4>\n<p>Interessado em candidatar-se a um emprego no iib? Entre em contacto com as nossas equipas de RH atrav\u00e9s do e-mail abaixo indicado:<\/p>\n<div class=\"absolute-btn\"><a title=\"\" href=\"mailto:recrutamento@iibanks.com\">recrutamento@iibanks.com<\/a><\/div>\n<p>[\/vc_column_text][\/vc_column_inner][\/vc_row_inner][\/vc_column][vc_column width=&#8221;1\/2&#8243;][vc_row_inner css=&#8221;.vc_custom_1665405906607{padding-right: 17.5px !important;padding-left: 17.5px !important;}&#8221; tm_responsive_css=&#8221;62228480|colbreak_no||||||0||0|colbreak_no|||||||||colbreak_no||||||||||colbreak_no|||||||||&#8221;][vc_column_inner][vc_single_image image=&#8221;563&#8243; img_size=&#8221;full&#8221; alignment=&#8221;center&#8221; css=&#8221;.vc_custom_1679910804786{margin-bottom: 0px !important;}&#8221;][vc_column_text el_class=&#8221;personal-islamic-bank&#8221; css=&#8221;.vc_custom_1680247782842{padding-top: 45px !important;padding-right: 50px !important;padding-bottom: 65px !important;padding-left: 50px !important;background-color: #e6e6e6 !important;}&#8221;]<\/p>\n<h4>Contactos para a Comunica\u00e7\u00e3o Social<\/h4>\n<p>Os membros da comunica\u00e7\u00e3o social que desejem entrar em contacto, poder\u00e1 faze-lo atrav\u00e9s do e-mail abaixo:<\/p>\n<div class=\"absolute-btn\"><a title=\"\" href=\"mailto:marketingcv@iibanks.com\">marketingcv@iibanks.com<\/a><\/div>\n<p>[\/vc_column_text][\/vc_column_inner][\/vc_row_inner][\/vc_column][\/vc_row][\/vc_section]<\/p>\n<\/section>","protected":false},"excerpt":{"rendered":"<p>[vc_section css=&#8221;.vc_custom_1737966233409{padding-top: 62.5px !important;padding-right: 15px !important;padding-left: 15px !important;}&#8221; el_class=&#8221;annual-report-text-box rportroW&#8221;][vc_row tm_bgimagefixed=&#8221;&#8221;][vc_column][vc_row_inner][vc_column_inner][\/vc_column_inner][\/vc_row_inner][vc_row_inner css=&#8221;.vc_custom_1672220462753{margin-bottom: 75px !important;padding-right: 50px !important;padding-left: 50px !important;}&#8221; tm_responsive_css=&#8221;10398870|colbreak_no|||35|||15||15|colbreak_no|||||||||colbreak_no||||||||||colbreak_no|||||||||&#8221;][vc_column_inner width=&#8221;1\/2&#8243;][vc_custom_heading text=&#8221;Pol\u00edtica de Gest\u00e3o de Risco PLCFT&#8221;][vc_column_text el_class=&#8221;download-default-button&#8221; css=&#8221;.vc_custom_1755761601275{margin-bottom: 0px !important;}&#8221;] Portugu\u00eas (312KB) Descarregar pdf [\/vc_column_text][\/vc_column_inner][vc_column_inner width=&#8221;1\/2&#8243; tm_responsive_css=&#8221;71369083|colbreak_no|||||||||colbreak_no|||||||||colbreak_no|||||65|||||colbreak_no|||||||||&#8221;][vc_custom_heading text=&#8221;Pol\u00edtica de Conflito de Interesses&#8221;][vc_column_text el_class=&#8221;download-default-button&#8221; css=&#8221;.vc_custom_1755761812139{margin-bottom: 0px !important;}&#8221;] Portugu\u00eas (412KB) Descarregar pdf [\/vc_column_text][\/vc_column_inner][\/vc_row_inner][vc_row_inner css=&#8221;.vc_custom_1672221094827{margin-bottom: 75px !important;padding-right: 50px [&hellip;]<\/p>\n","protected":false},"author":1,"featured_media":0,"parent":619,"menu_order":0,"comment_status":"closed","ping_status":"closed","template":"","meta":[],"acf":[],"_links":{"self":[{"href":"https:\/\/dev2.iibanks.com\/westafrica\/wp-json\/wp\/v2\/pages\/644"}],"collection":[{"href":"https:\/\/dev2.iibanks.com\/westafrica\/wp-json\/wp\/v2\/pages"}],"about":[{"href":"https:\/\/dev2.iibanks.com\/westafrica\/wp-json\/wp\/v2\/types\/page"}],"author":[{"embeddable":true,"href":"https:\/\/dev2.iibanks.com\/westafrica\/wp-json\/wp\/v2\/users\/1"}],"replies":[{"embeddable":true,"href":"https:\/\/dev2.iibanks.com\/westafrica\/wp-json\/wp\/v2\/comments?post=644"}],"version-history":[{"count":17,"href":"https:\/\/dev2.iibanks.com\/westafrica\/wp-json\/wp\/v2\/pages\/644\/revisions"}],"predecessor-version":[{"id":12937,"href":"https:\/\/dev2.iibanks.com\/westafrica\/wp-json\/wp\/v2\/pages\/644\/revisions\/12937"}],"up":[{"embeddable":true,"href":"https:\/\/dev2.iibanks.com\/westafrica\/wp-json\/wp\/v2\/pages\/619"}],"wp:attachment":[{"href":"https:\/\/dev2.iibanks.com\/westafrica\/wp-json\/wp\/v2\/media?parent=644"}],"curies":[{"name":"wp","href":"https:\/\/api.w.org\/{rel}","templated":true}]}}