
{"id":912,"date":"2023-03-30T12:57:03","date_gmt":"2023-03-30T12:57:03","guid":{"rendered":"https:\/\/dev2.iibanks.com\/westafrica\/?page_id=912"},"modified":"2025-08-15T11:19:14","modified_gmt":"2025-08-15T11:19:14","slug":"conta-junior","status":"publish","type":"page","link":"https:\/\/dev2.iibanks.com\/westafrica\/pt\/particular\/contas\/conta-junior\/","title":{"rendered":"Conta J\u00fanior iib"},"content":{"rendered":"<section class=\"wpb-content-wrapper\"><p>[vc_section full_width=&#8221;stretch_row_content&#8221; el_class=&#8221;image-banner-with-text bottom-203-banner-text&#8221; css=&#8221;.vc_custom_1665060976256{padding-top: 0px !important;padding-bottom: 0px !important;}&#8221;][vc_row tm_bgimagefixed=&#8221;&#8221; full_width=&#8221;stretch_row_content_no_spaces&#8221;][vc_column][vc_row_inner][vc_column_inner css=&#8221;.vc_custom_1659424244579{padding-left: 0px !important;}&#8221;][vc_single_image image=&#8221;11544&#8243; img_size=&#8221;full&#8221; alignment=&#8221;center&#8221; css=&#8221;.vc_custom_1732180672100{margin-bottom: 0px !important;}&#8221;][vc_column_text el_class=&#8221;white-text banner-heading banner-text-box banner-caption-btn-135px&#8221; css=&#8221;.vc_custom_1683562748543{margin-bottom: 0px !important;padding-top: 15px !important;padding-bottom: 15px !important;background-color: rgba(10,10,10,0.35) !important;*background-color: rgb(10,10,10) !important;}&#8221;]<\/p>\n<p style=\"text-align: right;\">Conta J\u00fanior iib<\/p>\n<p class=\"iib-sub-caption\" style=\"text-align: right;\">fazer da poupan\u00e7a um h\u00e1bito<\/p>\n<p>[\/vc_column_text][\/vc_column_inner][\/vc_row_inner][\/vc_column][\/vc_row][\/vc_section][vc_section css=&#8221;.vc_custom_1737712115743{padding-top: 65px !important;padding-bottom: 0px !important;}&#8221; el_class=&#8221;our-purpose-text-box ouroW&#8221;][vc_row tm_bgimagefixed=&#8221;&#8221; css=&#8221;.vc_custom_1667365774121{margin-bottom: 0px !important;}&#8221;][vc_column css=&#8221;.vc_custom_1667365779824{margin-bottom: 0px !important;}&#8221;][vc_column_text el_class=&#8221;font-34px&#8221; css=&#8221;.vc_custom_1680252946194{margin-bottom: 0px !important;}&#8221;]Comece a desenvolver bons h\u00e1bitos financeiros desde tenra idade. Abra uma conta para o seu filho e ensine-o a poupar.[\/vc_column_text][\/vc_column][\/vc_row][\/vc_section][vc_section css=&#8221;.vc_custom_1737712135817{padding-top: 65px !important;padding-bottom: 0px !important;}&#8221; el_class=&#8221;our-purpose-text-box applyroW absltE bgnonE&#8221;][vc_row tm_bgimagefixed=&#8221;&#8221; break_in_responsive=&#8221;991&#8243; el_class=&#8221;font-size-24&#8243;][vc_column tm_col_bg_expand=&#8221;left&#8221; width=&#8221;1\/2&#8243; css=&#8221;.vc_custom_1667370558252{padding-right: 17.5px !important;background-color: #eeeeee !important;}&#8221; el_id=&#8221;requirement-box-bg-right&#8221;][vc_row_inner break_in_responsive=&#8221;1200&#8243; css=&#8221;.vc_custom_1667366560047{padding-right: 17.5px !important;}&#8221; tm_responsive_css=&#8221;33209346|colbreak_no||||||0|||colbreak_no|||||||||colbreak_no||||||||||colbreak_no|||||||||&#8221;][vc_column_inner el_class=&#8221;Who-Can-Apply-iib&#8221;][vc_custom_heading text=&#8221;Quem pode solicitar?&#8221; font_container=&#8221;tag:h4|font_size:34px|text_align:left&#8221; use_theme_fonts=&#8221;yes&#8221; el_class=&#8221;fontFamily&#8221; css=&#8221;.vc_custom_1680252963703{margin-bottom: 15px !important;}&#8221;][vc_column_text el_class=&#8221;who-can-apply-border requirements-iib&#8221;]<\/p>\n<p>0 a 18 anos de idade<\/p>\n<p>M\u00ednimo 5.000 CVE<\/p>\n<p>M\u00e1ximo 2.500.000 CVE<\/p>\n<p>[\/vc_column_text][\/vc_column_inner][\/vc_row_inner][\/vc_column][vc_column tm_col_bg_expand=&#8221;right&#8221; width=&#8221;1\/2&#8243; el_id=&#8221;requirement-box-bg-left&#8221; css=&#8221;.vc_custom_1667370600202{background-color: #eeeeee !important;}&#8221;][vc_row_inner break_in_responsive=&#8221;1200&#8243; css=&#8221;.vc_custom_1675081537150{padding-bottom: 0px !important;padding-left: 17.5px !important;}&#8221; tm_responsive_css=&#8221;33209346|colbreak_no||||||0|||colbreak_no|||||||||colbreak_no||||||||||colbreak_no|||||||||&#8221;][vc_column_inner el_class=&#8221;Who-Can-Apply-iib Who-Can-Apply-iib-special&#8221; css=&#8221;.vc_custom_1675081762620{padding-bottom: 0px !important;padding-left: 65px !important;}&#8221;][vc_custom_heading text=&#8221;Abra uma conta hoje&#8221; font_container=&#8221;tag:h4|font_size:34px|text_align:center&#8221; use_theme_fonts=&#8221;yes&#8221; el_class=&#8221;fontFamily&#8221; css=&#8221;.vc_custom_1680252987740{margin-bottom: 10px !important;}&#8221;][vc_custom_heading text=&#8221;\u00c9 r\u00e1pido e f\u00e1cil de solicitar&#8221; font_container=&#8221;tag:h2|font_size:24|text_align:center|line_height:1&#8243; use_theme_fonts=&#8221;yes&#8221; el_class=&#8221;fontFamily&#8221; css=&#8221;.vc_custom_1680252996984{margin-bottom: 20px !important;}&#8221;][\/vc_column_inner][\/vc_row_inner][vc_row_inner css=&#8221;.vc_custom_1675082379196{padding-bottom: 25px !important;padding-left: 65px !important;}&#8221;][vc_column_inner][vc_column_text el_class=&#8221;download-default-button&#8221; css=&#8221;.vc_custom_1755256744230{margin-bottom: 0px !important;}&#8221;]<\/p>\n<ul>\n<li>Formul\u00e1rio de Abertura de Conta <a href=\"\/westafrica\/wp-content\/uploads\/sites\/4\/2025\/08\/Formulario-de-abertura-de-conta.pdf\" download=\"\">Descarregar pdf<\/a><\/li>\n<\/ul>\n<p>[\/vc_column_text][\/vc_column_inner][\/vc_row_inner][\/vc_column][\/vc_row][\/vc_section][vc_section css=&#8221;.vc_custom_1737712156262{padding-top: 65px !important;padding-bottom: 0px !important;}&#8221; el_class=&#8221;font-size-36 custom-section-policy-box blugreY usdroWolD&#8221;][vc_row tm_bgimagefixed=&#8221;&#8221; break_in_responsive=&#8221;1200&#8243; tm_zindex=&#8221;&#8221; el_class=&#8221;fontFamily_table&#8221;][vc_column width=&#8221;1\/4&#8243; css=&#8221;.vc_custom_1667372152445{padding-right: 5px !important;padding-left: 0px !important;}&#8221;][vc_custom_heading text=&#8221;Documentos&#8221; font_container=&#8221;tag:h2|font_size:24px|text_align:right|color:%23ffffff&#8221; use_theme_fonts=&#8221;yes&#8221; css=&#8221;.vc_custom_1680253206274{margin-bottom: 0px !important;padding-top: 3px !important;padding-right: 15px !important;padding-bottom: 3px !important;padding-left: 15px !important;background-color: #1a2159 !important;}&#8221;][\/vc_column][vc_column width=&#8221;3\/4&#8243; css=&#8221;.vc_custom_1667372159612{padding-right: 0px !important;padding-left: 5px !important;}&#8221;][vc_custom_heading text=&#8221;Toda a documenta\u00e7\u00e3o necess\u00e1ria deve ser apresentada no prazo de 45 dias ap\u00f3s a abertura da conta&#8221; font_container=&#8221;tag:h2|font_size:22px|text_align:left|color:%23575757&#8243; use_theme_fonts=&#8221;yes&#8221; css=&#8221;.vc_custom_1680253215277{margin-bottom: 10px !important;padding-top: 3px !important;padding-right: 15px !important;padding-bottom: 3px !important;padding-left: 15px !important;background-color: #e5e5e5 !important;}&#8221;][\/vc_column][\/vc_row][vc_row tm_bgimagefixed=&#8221;&#8221; break_in_responsive=&#8221;1200&#8243; tm_zindex=&#8221;&#8221; el_class=&#8221;fontFamily_table&#8221;][vc_column width=&#8221;1\/4&#8243; css=&#8221;.vc_custom_1667372152445{padding-right: 5px !important;padding-left: 0px !important;}&#8221;][vc_custom_heading text=&#8221;Valor&#8221; font_container=&#8221;tag:h2|font_size:24px|text_align:right|color:%23ffffff&#8221; use_theme_fonts=&#8221;yes&#8221; css=&#8221;.vc_custom_1680253254301{margin-bottom: 0px !important;padding-top: 3px !important;padding-right: 15px !important;padding-bottom: 3px !important;padding-left: 15px !important;background-color: #1a2159 !important;}&#8221;][\/vc_column][vc_column width=&#8221;3\/4&#8243; css=&#8221;.vc_custom_1667372159612{padding-right: 0px !important;padding-left: 5px !important;}&#8221;][vc_custom_heading text=&#8221;Saldo m\u00ednimo de 5.000 CVE&#8221; font_container=&#8221;tag:h2|font_size:23px|text_align:left|color:%23575757&#8243; use_theme_fonts=&#8221;yes&#8221; css=&#8221;.vc_custom_1680253236054{margin-bottom: 10px !important;padding-top: 3px !important;padding-right: 15px !important;padding-bottom: 3px !important;padding-left: 15px !important;background-color: #e5e5e5 !important;}&#8221;][\/vc_column][\/vc_row][vc_row tm_bgimagefixed=&#8221;&#8221; break_in_responsive=&#8221;1200&#8243; tm_zindex=&#8221;&#8221; el_class=&#8221;fontFamily_table&#8221;][vc_column width=&#8221;1\/4&#8243; css=&#8221;.vc_custom_1667372152445{padding-right: 5px !important;padding-left: 0px !important;}&#8221;][vc_custom_heading text=&#8221;Prazo&#8221; font_container=&#8221;tag:h2|font_size:24px|text_align:right|color:%23ffffff&#8221; use_theme_fonts=&#8221;yes&#8221; css=&#8221;.vc_custom_1680253320180{margin-bottom: 0px !important;padding-top: 3px !important;padding-right: 15px !important;padding-bottom: 3px !important;padding-left: 15px !important;background-color: #1a2159 !important;}&#8221;][\/vc_column][vc_column width=&#8221;3\/4&#8243; css=&#8221;.vc_custom_1667372159612{padding-right: 0px !important;padding-left: 5px !important;}&#8221;][vc_custom_heading text=&#8221;365 dias, renov\u00e1veis por iguais per\u00edodos&#8221; font_container=&#8221;tag:h2|font_size:24px|text_align:left|color:%23575757&#8243; use_theme_fonts=&#8221;yes&#8221; css=&#8221;.vc_custom_1680253274196{margin-bottom: 10px !important;padding-top: 3px !important;padding-right: 15px !important;padding-bottom: 3px !important;padding-left: 15px !important;background-color: #e5e5e5 !important;}&#8221;][\/vc_column][\/vc_row][vc_row tm_bgimagefixed=&#8221;&#8221; break_in_responsive=&#8221;1200&#8243; tm_zindex=&#8221;&#8221; el_class=&#8221;fontFamily_table&#8221;][vc_column width=&#8221;1\/4&#8243; css=&#8221;.vc_custom_1667372152445{padding-right: 5px !important;padding-left: 0px !important;}&#8221;][vc_custom_heading text=&#8221;Juros&#8221; font_container=&#8221;tag:h2|font_size:24px|text_align:right|color:%23ffffff&#8221; use_theme_fonts=&#8221;yes&#8221; css=&#8221;.vc_custom_1680253354576{margin-bottom: 0px !important;padding-top: 3px !important;padding-right: 15px !important;padding-bottom: 3px !important;padding-left: 15px !important;background-color: #1a2159 !important;}&#8221;][\/vc_column][vc_column width=&#8221;3\/4&#8243; css=&#8221;.vc_custom_1667372159612{padding-right: 0px !important;padding-left: 5px !important;}&#8221;][vc_custom_heading text=&#8221;Taxas de juro conforme pre\u00e7\u00e1rio em vigor.&#8221; font_container=&#8221;tag:h2|font_size:24px|text_align:left|color:%23575757&#8243; use_theme_fonts=&#8221;yes&#8221; css=&#8221;.vc_custom_1680253283238{margin-bottom: 10px !important;padding-top: 3px !important;padding-right: 15px !important;padding-bottom: 3px !important;padding-left: 15px !important;background-color: #e5e5e5 !important;}&#8221;][\/vc_column][\/vc_row][vc_row tm_bgimagefixed=&#8221;&#8221; break_in_responsive=&#8221;1200&#8243; tm_zindex=&#8221;&#8221; el_class=&#8221;fontFamily_table&#8221;][vc_column width=&#8221;1\/4&#8243; css=&#8221;.vc_custom_1667372152445{padding-right: 5px !important;padding-left: 0px !important;}&#8221;][vc_custom_heading text=&#8221;Opera\u00e7\u00f5es&#8221; font_container=&#8221;tag:h2|font_size:24px|text_align:right|color:%23ffffff&#8221; use_theme_fonts=&#8221;yes&#8221; css=&#8221;.vc_custom_1680253376829{margin-bottom: 0px !important;padding-top: 3px !important;padding-right: 15px !important;padding-bottom: 3px !important;padding-left: 15px !important;background-color: #1a2159 !important;}&#8221; el_class=&#8221;double-line-box&#8221;][\/vc_column][vc_column width=&#8221;3\/4&#8243; css=&#8221;.vc_custom_1667372159612{padding-right: 0px !important;padding-left: 5px !important;}&#8221;][vc_custom_heading text=&#8221;As opera\u00e7\u00f5es de d\u00e9bito s\u00f3 s\u00e3o permitidas aos pais ou encarregados de educa\u00e7\u00e3o do menor que participem da conta.&#8221; font_container=&#8221;tag:h2|font_size:24px|text_align:left|color:%23575757&#8243; use_theme_fonts=&#8221;yes&#8221; css=&#8221;.vc_custom_1680253364763{margin-bottom: 10px !important;padding-top: 3px !important;padding-right: 15px !important;padding-bottom: 3px !important;padding-left: 15px !important;background-color: #e5e5e5 !important;}&#8221;][\/vc_column][\/vc_row][vc_row tm_bgimagefixed=&#8221;&#8221; break_in_responsive=&#8221;1200&#8243; tm_zindex=&#8221;&#8221; el_class=&#8221;fontFamily_table&#8221;][vc_column width=&#8221;1\/4&#8243; css=&#8221;.vc_custom_1667372152445{padding-right: 5px !important;padding-left: 0px !important;}&#8221;][vc_custom_heading text=&#8221;Transfer\u00eancias&#8221; font_container=&#8221;tag:h2|font_size:24px|text_align:right|color:%23ffffff&#8221; use_theme_fonts=&#8221;yes&#8221; css=&#8221;.vc_custom_1680253386997{margin-bottom: 0px !important;padding-top: 3px !important;padding-right: 15px !important;padding-bottom: 3px !important;padding-left: 15px !important;background-color: #1a2159 !important;}&#8221; el_class=&#8221;double-line-box&#8221;][\/vc_column][vc_column width=&#8221;3\/4&#8243; css=&#8221;.vc_custom_1667372159612{padding-right: 0px !important;padding-left: 5px !important;}&#8221;][vc_custom_heading text=&#8221;Transfer\u00eancias autom\u00e1ticas entre contas de dep\u00f3sito \u00e0 ordem e de poupan\u00e7a por um per\u00edodo de at\u00e9 12 meses atrav\u00e9s do servi\u00e7o banc\u00e1rio online iib ou atrav\u00e9s de qualquer uma das nossas ag\u00eancias.&#8221; font_container=&#8221;tag:h2|font_size:24px|text_align:left|color:%23575757&#8243; use_theme_fonts=&#8221;yes&#8221; css=&#8221;.vc_custom_1680253396676{margin-bottom: 10px !important;padding-top: 3px !important;padding-right: 15px !important;padding-bottom: 3px !important;padding-left: 15px !important;background-color: #e5e5e5 !important;}&#8221;][\/vc_column][\/vc_row][vc_row tm_bgimagefixed=&#8221;&#8221; break_in_responsive=&#8221;1200&#8243; tm_zindex=&#8221;&#8221; el_class=&#8221;fontFamily_table&#8221;][vc_column width=&#8221;1\/4&#8243; css=&#8221;.vc_custom_1667372152445{padding-right: 5px !important;padding-left: 0px !important;}&#8221;][vc_custom_heading text=&#8221;Levantamentos Antecipados&#8221; font_container=&#8221;tag:h2|font_size:24px|text_align:right|color:%23ffffff&#8221; use_theme_fonts=&#8221;yes&#8221; css=&#8221;.vc_custom_1680253419463{margin-bottom: 0px !important;padding-top: 3px !important;padding-right: 15px !important;padding-bottom: 3px !important;padding-left: 15px !important;background-color: #1a2159 !important;}&#8221; el_class=&#8221;double-line-box&#8221;][\/vc_column][vc_column width=&#8221;3\/4&#8243; css=&#8221;.vc_custom_1667372159612{padding-right: 0px !important;padding-left: 5px !important;}&#8221;][vc_custom_heading text=&#8221;Levantamentos totais ou parciais permitidas, desde que mantenha um saldo com o respectivo montante m\u00ednimo&#8221; font_container=&#8221;tag:h2|font_size:24px|text_align:left|color:%23575757&#8243; use_theme_fonts=&#8221;yes&#8221; css=&#8221;.vc_custom_1680253406058{margin-bottom: 10px !important;padding-top: 3px !important;padding-right: 15px !important;padding-bottom: 3px !important;padding-left: 15px !important;background-color: #e5e5e5 !important;}&#8221;][\/vc_column][\/vc_row][\/vc_section][vc_section el_class=&#8221;button-style-box custom-news-box custom-container-1299-width boX2&#8243; css=&#8221;.vc_custom_1737712202596{padding-top: 65px !important;}&#8221;][vc_row tm_bgimagefixed=&#8221;&#8221; break_in_responsive=&#8221;1200&#8243;][vc_column width=&#8221;1\/2&#8243;][vc_row_inner css=&#8221;.vc_custom_1665399177732{padding-right: 17.5px !important;padding-left: 17.5px !important;}&#8221; tm_responsive_css=&#8221;51053834|colbreak_no||||||0||0|colbreak_no|||||||||colbreak_no||||||||||colbreak_no|||||||||&#8221;][vc_column_inner][vc_single_image image=&#8221;293&#8243; img_size=&#8221;full&#8221; alignment=&#8221;center&#8221; css=&#8221;.vc_custom_1678960656014{margin-bottom: 0px !important;}&#8221;][vc_column_text el_class=&#8221;custom-white-text-box&#8221; css=&#8221;.vc_custom_1680772627828{background-color: #efefef !important;}&#8221;]<\/p>\n<h4 class=\"tm-custom-heading \">Conta de dep\u00f3sito \u00e0 ordem iib<\/h4>\n<p>Fa\u00e7a de forma f\u00e1cil a gest\u00e3o das suas finan\u00e7as di\u00e1rias onde quer que esteja. A conta de dep\u00f3sito \u00e0 ordem iib simplifica a verifica\u00e7\u00e3o do seu saldo, o pagamento das suas contas e o envio de dinheiro a amigos e familiares.<\/p>\n<div class=\"custom-theme-button mt-45\"><a title=\"\" href=\"\/westafrica\/pt\/particular\/contas\/conta-corrente\/\">Ler +<\/a><\/div>\n<p>[\/vc_column_text][\/vc_column_inner][\/vc_row_inner][\/vc_column][vc_column width=&#8221;1\/2&#8243;][vc_row_inner css=&#8221;.vc_custom_1665399193555{padding-right: 17.5px !important;padding-left: 17.5px !important;}&#8221; tm_responsive_css=&#8221;58412134|colbreak_no||||||0||0|colbreak_no|||||||||colbreak_no||||||||||colbreak_no|||||||||&#8221;][vc_column_inner][vc_single_image image=&#8221;11568&#8243; img_size=&#8221;full&#8221; alignment=&#8221;center&#8221; css=&#8221;.vc_custom_1732185379570{margin-bottom: 0px !important;}&#8221;][vc_column_text el_class=&#8221;custom-white-text-box&#8221; css=&#8221;.vc_custom_1680772647634{background-color: #efefef !important;}&#8221;]<\/p>\n<h4>Super dep\u00f3sito a prazo iib<\/h4>\n<p>Com o super dep\u00f3sito iib, beneficie de uma taxa de juro elevada, sem perder autonomia financeira.<\/p>\n<div class=\"custom-theme-button mt-45\"><a title=\"\" href=\"\/westafrica\/pt\/particular\/contas\/super-deposito\/\">Ler +<\/a><\/div>\n<p>[\/vc_column_text][\/vc_column_inner][\/vc_row_inner][\/vc_column][\/vc_row][\/vc_section][vc_section el_class=&#8221;plscntcT vertcenteR&#8221;][vc_row tm_bgimagefixed=&#8221;&#8221; el_id=&#8221;pic-with-text-box-right&#8221;][vc_column css=&#8221;.vc_custom_1667376019123{padding-right: 0px !important;padding-left: 0px !important;}&#8221;][vc_row_inner break_in_responsive=&#8221;1200&#8243; tm_zindex=&#8221;&#8221; content_placement=&#8221;middle&#8221; css=&#8221;.vc_custom_1737712240882{margin-bottom: 0px !important;padding-right: 0px !important;padding-left: 0px !important;background-color: #e6e6e6 !important;}&#8221; el_class=&#8221;plscntcT vertcenteR&#8221;][vc_column_inner tm_zindex=&#8221;&#8221; width=&#8221;2\/3&#8243; css=&#8221;.vc_custom_1679998108923{margin-bottom: 0px !important;padding-top: 0px !important;padding-right: 0px !important;padding-left: 0px !important;}&#8221;][vc_single_image image=&#8221;296&#8243; img_size=&#8221;full&#8221; css=&#8221;.vc_custom_1678960673123{margin-bottom: 0px !important;}&#8221;][\/vc_column_inner][vc_column_inner width=&#8221;1\/3&#8243; css=&#8221;.vc_custom_1672228527381{padding-left: 20px !important;}&#8221; tm_responsive_css=&#8221;54307665|colbreak_no|||||65||65||colbreak_no|||||||||colbreak_no||||||||||colbreak_no|||||||||&#8221;][vc_custom_heading text=&#8221;Contacte-nos para qualquer quest\u00e3o&#8221; font_container=&#8221;tag:h2|font_size:36px|text_align:left|color:%23575757&#8243; use_theme_fonts=&#8221;yes&#8221; css=&#8221;.vc_custom_1680253492801{margin-bottom: 50px !important;}&#8221; el_class=&#8221;fontFamily&#8221;]<div id=\"ultimate-heading-560069e4ae2954921\" class=\"uvc-heading ult-adjust-bottom-margin ultimate-heading-560069e4ae2954921 uvc-9431 \" data-hspacer=\"no_spacer\"  data-halign=\"center\" style=\"text-align:center\"><div class=\"uvc-heading-spacer no_spacer\" style=\"top\"><\/div><div class=\"uvc-main-heading ult-responsive\"  data-ultimate-target='.uvc-heading.ultimate-heading-560069e4ae2954921 h2'  data-responsive-json-new='{\"font-size\":\"desktop:36px;\",\"line-height\":\"desktop:40px;\"}' ><h2 style=\"font-weight:normal;margin-bottom:0px;\">+238 260 2626<\/h2><\/div><\/div>[\/vc_column_inner][\/vc_row_inner][\/vc_column][\/vc_row][\/vc_section]<\/p>\n<\/section>","protected":false},"excerpt":{"rendered":"<p>[vc_section full_width=&#8221;stretch_row_content&#8221; el_class=&#8221;image-banner-with-text bottom-203-banner-text&#8221; css=&#8221;.vc_custom_1665060976256{padding-top: 0px !important;padding-bottom: 0px !important;}&#8221;][vc_row tm_bgimagefixed=&#8221;&#8221; full_width=&#8221;stretch_row_content_no_spaces&#8221;][vc_column][vc_row_inner][vc_column_inner css=&#8221;.vc_custom_1659424244579{padding-left: 0px !important;}&#8221;][vc_single_image image=&#8221;11544&#8243; img_size=&#8221;full&#8221; alignment=&#8221;center&#8221; css=&#8221;.vc_custom_1732180672100{margin-bottom: 0px !important;}&#8221;][vc_column_text el_class=&#8221;white-text banner-heading banner-text-box banner-caption-btn-135px&#8221; css=&#8221;.vc_custom_1683562748543{margin-bottom: 0px !important;padding-top: 15px !important;padding-bottom: 15px !important;background-color: rgba(10,10,10,0.35) !important;*background-color: rgb(10,10,10) !important;}&#8221;] Conta J\u00fanior iib fazer da poupan\u00e7a um h\u00e1bito [\/vc_column_text][\/vc_column_inner][\/vc_row_inner][\/vc_column][\/vc_row][\/vc_section][vc_section css=&#8221;.vc_custom_1737712115743{padding-top: 65px !important;padding-bottom: 0px !important;}&#8221; el_class=&#8221;our-purpose-text-box ouroW&#8221;][vc_row tm_bgimagefixed=&#8221;&#8221; css=&#8221;.vc_custom_1667365774121{margin-bottom: 0px !important;}&#8221;][vc_column [&hellip;]<\/p>\n","protected":false},"author":1,"featured_media":0,"parent":651,"menu_order":0,"comment_status":"closed","ping_status":"closed","template":"","meta":[],"acf":[],"_links":{"self":[{"href":"https:\/\/dev2.iibanks.com\/westafrica\/wp-json\/wp\/v2\/pages\/912"}],"collection":[{"href":"https:\/\/dev2.iibanks.com\/westafrica\/wp-json\/wp\/v2\/pages"}],"about":[{"href":"https:\/\/dev2.iibanks.com\/westafrica\/wp-json\/wp\/v2\/types\/page"}],"author":[{"embeddable":true,"href":"https:\/\/dev2.iibanks.com\/westafrica\/wp-json\/wp\/v2\/users\/1"}],"replies":[{"embeddable":true,"href":"https:\/\/dev2.iibanks.com\/westafrica\/wp-json\/wp\/v2\/comments?post=912"}],"version-history":[{"count":6,"href":"https:\/\/dev2.iibanks.com\/westafrica\/wp-json\/wp\/v2\/pages\/912\/revisions"}],"predecessor-version":[{"id":12597,"href":"https:\/\/dev2.iibanks.com\/westafrica\/wp-json\/wp\/v2\/pages\/912\/revisions\/12597"}],"up":[{"embeddable":true,"href":"https:\/\/dev2.iibanks.com\/westafrica\/wp-json\/wp\/v2\/pages\/651"}],"wp:attachment":[{"href":"https:\/\/dev2.iibanks.com\/westafrica\/wp-json\/wp\/v2\/media?parent=912"}],"curies":[{"name":"wp","href":"https:\/\/api.w.org\/{rel}","templated":true}]}}