
{"id":918,"date":"2023-03-30T13:02:42","date_gmt":"2023-03-30T13:02:42","guid":{"rendered":"https:\/\/dev2.iibanks.com\/westafrica\/?page_id=918"},"modified":"2025-08-15T11:25:47","modified_gmt":"2025-08-15T11:25:47","slug":"super-deposito","status":"publish","type":"page","link":"https:\/\/dev2.iibanks.com\/westafrica\/pt\/particular\/contas\/super-deposito\/","title":{"rendered":"Super Deposito"},"content":{"rendered":"<section class=\"wpb-content-wrapper\"><p>[vc_section full_width=&#8221;stretch_row_content&#8221; el_class=&#8221;image-banner-with-text bottom-203-banner-text&#8221; css=&#8221;.vc_custom_1665060976256{padding-top: 0px !important;padding-bottom: 0px !important;}&#8221;][vc_row tm_bgimagefixed=&#8221;&#8221; full_width=&#8221;stretch_row_content_no_spaces&#8221;][vc_column][vc_row_inner][vc_column_inner css=&#8221;.vc_custom_1659424244579{padding-left: 0px !important;}&#8221;][vc_single_image image=&#8221;11556&#8243; img_size=&#8221;full&#8221; alignment=&#8221;center&#8221; css=&#8221;.vc_custom_1732183416805{margin-bottom: 0px !important;}&#8221;][vc_column_text el_class=&#8221;white-text banner-heading banner-text-box banner-caption-btn-135px&#8221; css=&#8221;.vc_custom_1680254668205{margin-bottom: 0px !important;padding-top: 15px !important;padding-bottom: 15px !important;background-color: rgba(10,10,10,0.35) !important;*background-color: rgb(10,10,10) !important;}&#8221;]<\/p>\n<p style=\"text-align: right;\">super dep\u00f3sito iib<\/p>\n<p class=\"iib-sub-caption\" style=\"text-align: right;\">com cr\u00e9dito pr\u00e9-aprovado<\/p>\n<p>[\/vc_column_text][\/vc_column_inner][\/vc_row_inner][\/vc_column][\/vc_row][\/vc_section][vc_section css=&#8221;.vc_custom_1737640132214{padding-top: 65px !important;padding-bottom: 0px !important;}&#8221; el_class=&#8221;our-purpose-text-box ouroW&#8221;][vc_row tm_bgimagefixed=&#8221;&#8221; css=&#8221;.vc_custom_1667365774121{margin-bottom: 0px !important;}&#8221;][vc_column css=&#8221;.vc_custom_1667365779824{margin-bottom: 0px !important;}&#8221;][vc_column_text el_class=&#8221;font-34px&#8221; css=&#8221;.vc_custom_1737640826324{margin-bottom: 0px !important;}&#8221;]Com o super dep\u00f3sito iib, beneficie de uma elevada taxa de juros sem perder autonomia financeira. Com uma linha de cr\u00e9dito pr\u00e9-aprovada que d\u00e1-lhe flexibilidade adicional para o seu planeamento futuro.[\/vc_column_text][\/vc_column][\/vc_row][\/vc_section][vc_section css=&#8221;.vc_custom_1737640151611{padding-top: 65px !important;padding-bottom: 0px !important;}&#8221; el_class=&#8221;our-purpose-text-box ptboX2 applyroW absltE bgnonE&#8221;][vc_row tm_bgimagefixed=&#8221;&#8221; break_in_responsive=&#8221;991&#8243; el_class=&#8221;font-size-24&#8243;][vc_column tm_col_bg_expand=&#8221;left&#8221; width=&#8221;1\/2&#8243; css=&#8221;.vc_custom_1667370558252{padding-right: 17.5px !important;background-color: #eeeeee !important;}&#8221; el_id=&#8221;requirement-box-bg-right&#8221;][vc_row_inner break_in_responsive=&#8221;1200&#8243; css=&#8221;.vc_custom_1667366560047{padding-right: 17.5px !important;}&#8221; tm_responsive_css=&#8221;33209346|colbreak_no||||||0|||colbreak_no|||||||||colbreak_no||||||||||colbreak_no|||||||||&#8221;][vc_column_inner el_class=&#8221;Who-Can-Apply-iib&#8221;][vc_custom_heading text=&#8221;Quem pode solicitar?&#8221; font_container=&#8221;tag:h2|font_size:34px|text_align:left&#8221; use_theme_fonts=&#8221;yes&#8221; css=&#8221;.vc_custom_1680254692993{margin-bottom: 15px !important;}&#8221;][vc_column_text el_class=&#8221;who-can-apply-border requirements-iib&#8221;]A partir dos 18 anos de idade<\/p>\n<p>Residentes ou n\u00e3o residentes em CV<\/p>\n<p>M\u00ednimo 100.000 CVE[\/vc_column_text][\/vc_column_inner][\/vc_row_inner][\/vc_column][vc_column tm_col_bg_expand=&#8221;right&#8221; width=&#8221;1\/2&#8243; el_id=&#8221;requirement-box-bg-left&#8221; css=&#8221;.vc_custom_1667370600202{background-color: #eeeeee !important;}&#8221;][vc_row_inner break_in_responsive=&#8221;1200&#8243; css=&#8221;.vc_custom_1667369534893{padding-left: 17.5px !important;}&#8221; tm_responsive_css=&#8221;33209346|colbreak_no||||||0|||colbreak_no|||||||||colbreak_no||||||||||colbreak_no|||||||||&#8221;][vc_column_inner el_class=&#8221;Who-Can-Apply-iib Who-Can-Apply-iib-special&#8221; css=&#8221;.vc_custom_1675084963442{padding-left: 65px !important;}&#8221;][vc_custom_heading text=&#8221;Prazos flex\u00edveis e taxas de juros competitivas&#8221; font_container=&#8221;tag:h2|font_size:34px|text_align:center&#8221; use_theme_fonts=&#8221;yes&#8221; css=&#8221;.vc_custom_1680254737266{margin-bottom: 10px !important;}&#8221;][\/vc_column_inner][\/vc_row_inner][vc_row_inner css=&#8221;.vc_custom_1675084987410{padding-bottom: 25px !important;padding-left: 65px !important;}&#8221;][vc_column_inner][vc_column_text el_class=&#8221;download-default-button&#8221; css=&#8221;.vc_custom_1755257137983{margin-bottom: 0px !important;}&#8221;]<\/p>\n<ul>\n<li>Formul\u00e1rio Subscri\u00e7\u00e3o <a href=\"\/westafrica\/wp-content\/uploads\/sites\/4\/2025\/08\/Formulario-de-abertura-de-conta.pdf\" download=\"\">Descarregar pdf<\/a><\/li>\n<\/ul>\n<p>[\/vc_column_text][\/vc_column_inner][\/vc_row_inner][\/vc_column][\/vc_row][\/vc_section][vc_section el_class=&#8221;custom-container-1299-width blugreY intrstrateroW&#8221; css=&#8221;.vc_custom_1737640174086{padding-top: 65px !important;}&#8221;][vc_row][vc_column][vc_custom_heading text=&#8221;Taxa de juros&#8221; font_container=&#8221;tag:h2|font_size:36px|text_align:center|color:%23575757&#8243; use_theme_fonts=&#8221;yes&#8221; css=&#8221;.vc_custom_1680254771675{margin-bottom: 10px !important;}&#8221;][\/vc_column][\/vc_row][vc_row tm_bgimagefixed=&#8221;&#8221; break_in_responsive=&#8221;1200&#8243;][vc_column width=&#8221;1\/4&#8243;][\/vc_column][vc_column width=&#8221;1\/4&#8243;][vc_row_inner css=&#8221;.vc_custom_1667389040785{padding-right: 17.5px !important;padding-left: 17.5px !important;}&#8221;][vc_column_inner][vc_custom_heading text=&#8221;2.50%&#8221; font_container=&#8221;tag:h2|font_size:36px|text_align:center|color:%23ffffff|line_height:25px&#8221; use_theme_fonts=&#8221;yes&#8221; css=&#8221;.vc_custom_1680000866634{margin-bottom: 0px !important;padding-top: 30px !important;padding-bottom: 30px !important;background-color: #1a2159 !important;}&#8221;][vc_custom_heading text=&#8221;1 ano&#8221; font_container=&#8221;tag:h2|font_size:24px|text_align:center|color:%23575757|line_height:25px&#8221; use_theme_fonts=&#8221;yes&#8221; css=&#8221;.vc_custom_1680254790375{padding-top: 10px !important;padding-bottom: 10px !important;background-color: #efefef !important;}&#8221;][\/vc_column_inner][\/vc_row_inner][\/vc_column][vc_column width=&#8221;1\/4&#8243;][vc_row_inner css=&#8221;.vc_custom_1667389070456{padding-right: 17.5px !important;padding-left: 17.5px !important;}&#8221;][vc_column_inner][vc_custom_heading text=&#8221;2.75%&#8221; font_container=&#8221;tag:h2|font_size:36px|text_align:center|color:%23ffffff|line_height:25px&#8221; use_theme_fonts=&#8221;yes&#8221; css=&#8221;.vc_custom_1680000883914{margin-bottom: 0px !important;padding-top: 30px !important;padding-bottom: 30px !important;background-color: #1a2159 !important;}&#8221;][vc_custom_heading text=&#8221;2 ano&#8221; font_container=&#8221;tag:h2|font_size:24px|text_align:center|color:%23575757|line_height:25px&#8221; use_theme_fonts=&#8221;yes&#8221; css=&#8221;.vc_custom_1680254797905{padding-top: 10px !important;padding-bottom: 10px !important;background-color: #efefef !important;}&#8221;][\/vc_column_inner][\/vc_row_inner][\/vc_column][vc_column width=&#8221;1\/4&#8243;][\/vc_column][\/vc_row][vc_row][vc_column width=&#8221;1\/4&#8243;][\/vc_column][vc_column width=&#8221;1\/2&#8243;][vc_column_text css=&#8221;.vc_custom_1737640748758{padding-top: 20px !important;}&#8221;]<\/p>\n<p style=\"text-align: center;\">* Para todas as taxas de juro, aplicam-se os Termos e Condi\u00e7\u00f5es.<\/p>\n<p>[\/vc_column_text][\/vc_column][vc_column width=&#8221;1\/4&#8243;][\/vc_column][\/vc_row][\/vc_section][vc_section css=&#8221;.vc_custom_1737640198428{padding-top: 65px !important;padding-bottom: 0px !important;}&#8221; el_class=&#8221;font-size-36 custom-section-policy-box blugreY usdroWolD&#8221;][vc_row tm_bgimagefixed=&#8221;&#8221; break_in_responsive=&#8221;1200&#8243; tm_zindex=&#8221;&#8221; el_class=&#8221;fontFamily_table&#8221;][vc_column width=&#8221;1\/4&#8243; css=&#8221;.vc_custom_1667372152445{padding-right: 5px !important;padding-left: 0px !important;}&#8221;][vc_custom_heading text=&#8221;Benef\u00edcios&#8221; font_container=&#8221;tag:h2|font_size:24px|text_align:right|color:%23ffffff&#8221; use_theme_fonts=&#8221;yes&#8221; css=&#8221;.vc_custom_1680254826319{margin-bottom: 0px !important;padding-top: 3px !important;padding-right: 15px !important;padding-bottom: 3px !important;padding-left: 15px !important;background-color: #1a2159 !important;}&#8221;][\/vc_column][vc_column width=&#8221;3\/4&#8243; css=&#8221;.vc_custom_1667372159612{padding-right: 0px !important;padding-left: 5px !important;}&#8221;][vc_custom_heading text=&#8221;M\u00e1ximo 500.000.000 CVE&#8221; font_container=&#8221;tag:h2|font_size:22px|text_align:left|color:%23575757&#8243; use_theme_fonts=&#8221;yes&#8221; css=&#8221;.vc_custom_1680254842738{margin-bottom: 10px !important;padding-top: 3px !important;padding-right: 15px !important;padding-bottom: 3px !important;padding-left: 15px !important;background-color: #e5e5e5 !important;}&#8221;][vc_custom_heading text=&#8221;Taxa de juros atractiva, a pagar no vencimento na sua conta \u00e0 ordem ou de poupan\u00e7a&#8221; font_container=&#8221;tag:h2|font_size:22px|text_align:left|color:%23575757&#8243; use_theme_fonts=&#8221;yes&#8221; css=&#8221;.vc_custom_1680254848672{margin-bottom: 10px !important;padding-top: 3px !important;padding-right: 15px !important;padding-bottom: 3px !important;padding-left: 15px !important;background-color: #e5e5e5 !important;}&#8221;][\/vc_column][\/vc_row][vc_row tm_bgimagefixed=&#8221;&#8221; break_in_responsive=&#8221;1200&#8243; tm_zindex=&#8221;&#8221; el_class=&#8221;fontFamily_table&#8221;][vc_column width=&#8221;1\/4&#8243; css=&#8221;.vc_custom_1667372152445{padding-right: 5px !important;padding-left: 0px !important;}&#8221;][vc_custom_heading text=&#8221;Caracter\u00edsticas&#8221; font_container=&#8221;tag:h2|font_size:24px|text_align:right|color:%23ffffff&#8221; use_theme_fonts=&#8221;yes&#8221; css=&#8221;.vc_custom_1680254858667{margin-bottom: 0px !important;padding-top: 3px !important;padding-right: 15px !important;padding-bottom: 3px !important;padding-left: 15px !important;background-color: #1a2159 !important;}&#8221;][\/vc_column][vc_column width=&#8221;3\/4&#8243; css=&#8221;.vc_custom_1667372159612{padding-right: 0px !important;padding-left: 5px !important;}&#8221;][vc_raw_html css=&#8221;.vc_custom_1683560058224{margin-bottom: 10px !important;padding-top: 3px !important;padding-right: 15px !important;padding-bottom: 3px !important;padding-left: 15px !important;background-color: #e6e6e6 !important;}&#8221; el_class=&#8221;font-size-22 fontFamily&#8221;]JTNDZGl2JTIwY2xhc3MlM0QlMjIlMjIlM0UlMEElMjAlMjAlMjAlMjAlMjAlMjAlMjAlMjBQb2RlJTIwZmluYW5jaWFyJTIwYXQlQzMlQTklMjA5MCUyNSUyMGRvJTIwc2V1JTIwRGVwJUMzJUIzc2l0byUzQSUwQSUwQSUzQ3NwYW4lM0UlMjBQcmF6byUzQSUyMGF0JUMzJUE5JTIwJUMzJUEwJTIwZGF0YSUyMGRlJTIwdmVuY2ltZW50byUyMGRhJTIwYXBsaWNhJUMzJUE3JUMzJUEzbyUyMCUzQyUyRnNwYW4lM0UlMEElM0NzcGFuJTNFVGF4YSUyMGRlJTIwanVybyUzQSUyMDQlMkM2MCUyNSUyMHBhcmElMjAzNjAlMjBkaWFzJTIwZSUyMDQlMkM2NzUlMjUlMjBwYXJhJTIwNzMwJTIwZGlhcyUzQyUyRnNwYW4lM0UlMEElMjAlMjAlMjAlMjAlM0MlMkZkaXYlM0U=[\/vc_raw_html][vc_custom_heading text=&#8221;Taxa de Montagem: 0,25%&#8221; font_container=&#8221;tag:h2|font_size:22px|text_align:left|color:%23575757&#8243; use_theme_fonts=&#8221;yes&#8221; css=&#8221;.vc_custom_1680254928937{margin-bottom: 10px !important;padding-top: 3px !important;padding-right: 15px !important;padding-bottom: 3px !important;padding-left: 15px !important;background-color: #e5e5e5 !important;}&#8221;][vc_custom_heading text=&#8221;Taxa de Utiliza\u00e7\u00e3o: 0,10%&#8221; font_container=&#8221;tag:h2|font_size:22px|text_align:left|color:%23575757&#8243; use_theme_fonts=&#8221;yes&#8221; css=&#8221;.vc_custom_1680254934691{margin-bottom: 10px !important;padding-top: 3px !important;padding-right: 15px !important;padding-bottom: 3px !important;padding-left: 15px !important;background-color: #e5e5e5 !important;}&#8221;][\/vc_column][\/vc_row][\/vc_section][vc_section el_class=&#8221;button-style-box custom-news-box custom-container-1299-width boX2&#8243; css=&#8221;.vc_custom_1680603879716{padding-top: 65px !important;}&#8221;][vc_row tm_bgimagefixed=&#8221;&#8221; break_in_responsive=&#8221;1200&#8243;][vc_column width=&#8221;1\/2&#8243;][vc_row_inner css=&#8221;.vc_custom_1665399177732{padding-right: 17.5px !important;padding-left: 17.5px !important;}&#8221; tm_responsive_css=&#8221;51053834|colbreak_no||||||0||0|colbreak_no|||||||||colbreak_no||||||||||colbreak_no|||||||||&#8221;][vc_column_inner][vc_single_image image=&#8221;312&#8243; img_size=&#8221;full&#8221; alignment=&#8221;center&#8221; css=&#8221;.vc_custom_1678961494638{margin-bottom: 0px !important;}&#8221;][vc_column_text el_class=&#8221;custom-white-text-box&#8221; css=&#8221;.vc_custom_1680773665319{background-color: #efefef !important;}&#8221;]<\/p>\n<h4 class=\"tm-custom-heading \">Conta de dep\u00f3sito \u00e0 ordem iib<\/h4>\n<p>Fa\u00e7a de forma f\u00e1cil a gest\u00e3o das suas finan\u00e7as di\u00e1rias onde quer que esteja. A conta de dep\u00f3sito \u00e0 ordem iib simplifica a verifica\u00e7\u00e3o do seu saldo, o pagamento das suas contas e o envio de dinheiro a amigos e familiares.<\/p>\n<div class=\"custom-theme-button mt-45\"><a title=\"\" href=\"\/westafrica\/pt\/particular\/contas\/conta-corrente\/\">Ler +<\/a><\/div>\n<p>[\/vc_column_text][\/vc_column_inner][\/vc_row_inner][\/vc_column][vc_column width=&#8221;1\/2&#8243;][vc_row_inner css=&#8221;.vc_custom_1665399193555{padding-right: 17.5px !important;padding-left: 17.5px !important;}&#8221; tm_responsive_css=&#8221;58412134|colbreak_no||||||0||0|colbreak_no|||||||||colbreak_no||||||||||colbreak_no|||||||||&#8221;][vc_column_inner][vc_single_image image=&#8221;11565&#8243; img_size=&#8221;full&#8221; alignment=&#8221;center&#8221; css=&#8221;.vc_custom_1732184731409{margin-bottom: 0px !important;}&#8221;][vc_column_text el_class=&#8221;custom-white-text-box&#8221; css=&#8221;.vc_custom_1680773680325{background-color: #efefef !important;}&#8221;]<\/p>\n<h4>Dep\u00f3sito a prazo taxa crescente iib<\/h4>\n<p>Com o dep\u00f3sito a prazo taxa crescente iib, pode beneficiar de uma taxa de juro crescente durante 1 ano. Disfrute de um rendimento seguro e regular para ajudar a fazer face \u00e0s suas despesas.<\/p>\n<div class=\"custom-theme-button mt-45\"><a title=\"\" href=\"\/westafrica\/pt\/particular\/contas\/dep-taxa-crescente\/\">Ler +<\/a><\/div>\n<p>[\/vc_column_text][\/vc_column_inner][\/vc_row_inner][\/vc_column][\/vc_row][\/vc_section][vc_section el_class=&#8221;plscntcT vertcenteR&#8221;][vc_row tm_bgimagefixed=&#8221;&#8221; el_id=&#8221;pic-with-text-box-right&#8221;][vc_column css=&#8221;.vc_custom_1667376019123{padding-right: 0px !important;padding-left: 0px !important;}&#8221;][vc_row_inner break_in_responsive=&#8221;1200&#8243; tm_zindex=&#8221;&#8221; content_placement=&#8221;middle&#8221; css=&#8221;.vc_custom_1737641452324{margin-bottom: 0px !important;padding-right: 0px !important;padding-left: 0px !important;background-color: #e6e6e6 !important;}&#8221;][vc_column_inner tm_zindex=&#8221;&#8221; width=&#8221;2\/3&#8243; css=&#8221;.vc_custom_1680000927288{margin-bottom: 0px !important;padding-top: 0px !important;padding-right: 0px !important;padding-left: 0px !important;}&#8221;][vc_single_image image=&#8221;314&#8243; img_size=&#8221;full&#8221; css=&#8221;.vc_custom_1678961510902{margin-bottom: 0px !important;}&#8221;][\/vc_column_inner][vc_column_inner tm_zindex=&#8221;&#8221; width=&#8221;1\/3&#8243; css=&#8221;.vc_custom_1737641255108{margin-bottom: 0px !important;padding-left: 20px !important;}&#8221;][vc_custom_heading text=&#8221;Contacte-nos para qualquer quest\u00e3o&#8221; font_container=&#8221;tag:h2|font_size:36px|text_align:left|color:%23575757&#8243; use_theme_fonts=&#8221;yes&#8221; css=&#8221;.vc_custom_1680255003324{margin-bottom: 50px !important;}&#8221;]<div id=\"ultimate-heading-701769df662d17ab1\" class=\"uvc-heading ult-adjust-bottom-margin ultimate-heading-701769df662d17ab1 uvc-5714 \" data-hspacer=\"no_spacer\"  data-halign=\"left\" style=\"text-align:left\"><div class=\"uvc-heading-spacer no_spacer\" style=\"top\"><\/div><div class=\"uvc-main-heading ult-responsive\"  data-ultimate-target='.uvc-heading.ultimate-heading-701769df662d17ab1 h2'  data-responsive-json-new='{\"font-size\":\"desktop:36px;\",\"line-height\":\"\"}' ><h2 style=\"font-weight:normal;color:#575757;margin-bottom:0px;\">+238 260 2626<\/h2><\/div><\/div>[\/vc_column_inner][\/vc_row_inner][\/vc_column][\/vc_row][\/vc_section]<\/p>\n<\/section>","protected":false},"excerpt":{"rendered":"<p>[vc_section full_width=&#8221;stretch_row_content&#8221; el_class=&#8221;image-banner-with-text bottom-203-banner-text&#8221; css=&#8221;.vc_custom_1665060976256{padding-top: 0px !important;padding-bottom: 0px !important;}&#8221;][vc_row tm_bgimagefixed=&#8221;&#8221; full_width=&#8221;stretch_row_content_no_spaces&#8221;][vc_column][vc_row_inner][vc_column_inner css=&#8221;.vc_custom_1659424244579{padding-left: 0px !important;}&#8221;][vc_single_image image=&#8221;11556&#8243; img_size=&#8221;full&#8221; alignment=&#8221;center&#8221; css=&#8221;.vc_custom_1732183416805{margin-bottom: 0px !important;}&#8221;][vc_column_text el_class=&#8221;white-text banner-heading banner-text-box banner-caption-btn-135px&#8221; css=&#8221;.vc_custom_1680254668205{margin-bottom: 0px !important;padding-top: 15px !important;padding-bottom: 15px !important;background-color: rgba(10,10,10,0.35) !important;*background-color: rgb(10,10,10) !important;}&#8221;] super dep\u00f3sito iib com cr\u00e9dito pr\u00e9-aprovado [\/vc_column_text][\/vc_column_inner][\/vc_row_inner][\/vc_column][\/vc_row][\/vc_section][vc_section css=&#8221;.vc_custom_1737640132214{padding-top: 65px !important;padding-bottom: 0px !important;}&#8221; el_class=&#8221;our-purpose-text-box ouroW&#8221;][vc_row tm_bgimagefixed=&#8221;&#8221; css=&#8221;.vc_custom_1667365774121{margin-bottom: 0px !important;}&#8221;][vc_column css=&#8221;.vc_custom_1667365779824{margin-bottom: 0px [&hellip;]<\/p>\n","protected":false},"author":1,"featured_media":0,"parent":651,"menu_order":0,"comment_status":"closed","ping_status":"closed","template":"","meta":[],"acf":[],"_links":{"self":[{"href":"https:\/\/dev2.iibanks.com\/westafrica\/wp-json\/wp\/v2\/pages\/918"}],"collection":[{"href":"https:\/\/dev2.iibanks.com\/westafrica\/wp-json\/wp\/v2\/pages"}],"about":[{"href":"https:\/\/dev2.iibanks.com\/westafrica\/wp-json\/wp\/v2\/types\/page"}],"author":[{"embeddable":true,"href":"https:\/\/dev2.iibanks.com\/westafrica\/wp-json\/wp\/v2\/users\/1"}],"replies":[{"embeddable":true,"href":"https:\/\/dev2.iibanks.com\/westafrica\/wp-json\/wp\/v2\/comments?post=918"}],"version-history":[{"count":17,"href":"https:\/\/dev2.iibanks.com\/westafrica\/wp-json\/wp\/v2\/pages\/918\/revisions"}],"predecessor-version":[{"id":12605,"href":"https:\/\/dev2.iibanks.com\/westafrica\/wp-json\/wp\/v2\/pages\/918\/revisions\/12605"}],"up":[{"embeddable":true,"href":"https:\/\/dev2.iibanks.com\/westafrica\/wp-json\/wp\/v2\/pages\/651"}],"wp:attachment":[{"href":"https:\/\/dev2.iibanks.com\/westafrica\/wp-json\/wp\/v2\/media?parent=918"}],"curies":[{"name":"wp","href":"https:\/\/api.w.org\/{rel}","templated":true}]}}