
{"id":940,"date":"2023-03-30T13:16:56","date_gmt":"2023-03-30T13:16:56","guid":{"rendered":"https:\/\/dev2.iibanks.com\/westafrica\/?page_id=940"},"modified":"2025-08-07T12:24:15","modified_gmt":"2025-08-07T12:24:15","slug":"credito-investimento","status":"publish","type":"page","link":"https:\/\/dev2.iibanks.com\/westafrica\/pt\/empresas\/credito-investimento\/","title":{"rendered":"Cr\u00e9dito Investimento"},"content":{"rendered":"<section class=\"wpb-content-wrapper\"><p>[vc_section full_width=&#8221;stretch_row_content&#8221; el_class=&#8221;image-banner-with-text bottom-203-banner-text&#8221; css=&#8221;.vc_custom_1665060976256{padding-top: 0px !important;padding-bottom: 0px !important;}&#8221;][vc_row tm_bgimagefixed=&#8221;&#8221; full_width=&#8221;stretch_row_content_no_spaces&#8221;][vc_column][vc_row_inner][vc_column_inner css=&#8221;.vc_custom_1659424244579{padding-left: 0px !important;}&#8221;][vc_single_image image=&#8221;207&#8243; img_size=&#8221;full&#8221; alignment=&#8221;center&#8221; css=&#8221;.vc_custom_1678958521287{margin-bottom: 0px !important;}&#8221;][vc_column_text el_class=&#8221;white-text banner-heading banner-text-box banner-caption-btn-135px&#8221; css=&#8221;.vc_custom_1680508946212{margin-bottom: 0px !important;padding-top: 15px !important;padding-bottom: 15px !important;background-color: rgba(10,10,10,0.35) !important;*background-color: rgb(10,10,10) !important;}&#8221;]<\/p>\n<p style=\"text-align: right;\">cr\u00e9dito investimento<\/p>\n<p>[\/vc_column_text][\/vc_column_inner][\/vc_row_inner][\/vc_column][\/vc_row][\/vc_section][vc_section css=&#8221;.vc_custom_1738071953325{padding-top: 65px !important;padding-bottom: 0px !important;}&#8221; el_class=&#8221;font-34px greyroW toproW&#8221;][vc_row tm_bgimagefixed=&#8221;&#8221; css=&#8221;.vc_custom_1667365774121{margin-bottom: 0px !important;}&#8221;][vc_column css=&#8221;.vc_custom_1667365779824{margin-bottom: 0px !important;}&#8221;][vc_column_text el_class=&#8221;font-34px&#8221; css=&#8221;.vc_custom_1738071876205{margin-bottom: 0px !important;}&#8221;]Financiamento de projectos de investimento<\/p>\n<p>Um cr\u00e9dito de m\u00e9dio \/ longo prazo que apoia os projectos de investimento da sua empresa. Tamb\u00e9m pode solicitar um cr\u00e9dito hipotec\u00e1rio para apoiar investimentos na sua empresa destinados \u00e0 aquisi\u00e7\u00e3o, constru\u00e7\u00e3o ou reabilita\u00e7\u00e3o do seu espa\u00e7o de escrit\u00f3rio.[\/vc_column_text][\/vc_column][\/vc_row][\/vc_section][vc_section el_class=&#8221;chairman-cfo-box padding-23-21 custom-container-1301-width-three&#8221; css=&#8221;.vc_custom_1672808531899{margin-bottom: 0px !important;}&#8221;][vc_row][vc_column][vc_row_inner][vc_column_inner][vc_custom_heading text=&#8221;Caracter\u00edsticas&#8221; font_container=&#8221;tag:h2|font_size:36px|text_align:center|line_height:1&#8243; use_theme_fonts=&#8221;yes&#8221; el_class=&#8221;font-size-36&#8243; css=&#8221;.vc_custom_1680508971010{margin-bottom: 30px !important;}&#8221;][\/vc_column_inner][\/vc_row_inner][\/vc_column][\/vc_row][vc_row tm_bgimagefixed=&#8221;&#8221; break_in_responsive=&#8221;1200&#8243; tm_zindex=&#8221;&#8221; el_class=&#8221;featroW featroW2 featroW3&#8243;][vc_column width=&#8221;1\/4&#8243;][vc_row_inner css=&#8221;.vc_custom_1663569566597{padding-right: 17.5px !important;padding-left: 17.5px !important;}&#8221; tm_responsive_css=&#8221;58137381|colbreak_no||||||0||0|colbreak_no|||||||||colbreak_no||||||||||colbreak_no|||||||||&#8221;][vc_column_inner tm_zindex=&#8221;&#8221; el_id=&#8221;features&#8221;][vc_column_text el_class=&#8221;custom-text-box&#8221; css=&#8221;.vc_custom_1680508985578{margin-bottom: 0px !important;background-color: #1a2159 !important;}&#8221;]<\/p>\n<h4 class=\"tm-custom-heading\">Valor<\/h4>\n<p>[\/vc_column_text][vc_column_text el_class=&#8221;three-column-white-text-box bio-pages-download-box&#8221; css=&#8221;.vc_custom_1680509053776{margin-bottom: 65px !important;}&#8221;]<\/p>\n<p style=\"text-align: center;\">O valor m\u00e1ximo do cr\u00e9dito, garantias, juros associados, etc., ser\u00e3o analisados caso a caso.<\/p>\n<p>[\/vc_column_text][\/vc_column_inner][\/vc_row_inner][\/vc_column][vc_column width=&#8221;1\/4&#8243;][vc_row_inner css=&#8221;.vc_custom_1663569578098{padding-right: 17.5px !important;padding-left: 17.5px !important;}&#8221; tm_responsive_css=&#8221;42892269|colbreak_no||||||0||0|colbreak_no|||||||||colbreak_no||||||||||colbreak_no|||||||||&#8221;][vc_column_inner tm_zindex=&#8221;&#8221; el_id=&#8221;features&#8221;][vc_column_text el_class=&#8221;custom-text-box&#8221; css=&#8221;.vc_custom_1680509019265{margin-bottom: 0px !important;background-color: #1a2159 !important;}&#8221;]<\/p>\n<h4 class=\"tm-custom-heading\">Prazo<\/h4>\n<p>[\/vc_column_text][vc_column_text el_class=&#8221;three-column-white-text-box bio-pages-download-box&#8221; css=&#8221;.vc_custom_1680509062988{margin-bottom: 65px !important;}&#8221;]<\/p>\n<p style=\"text-align: center;\">Dependente do tipo de investimento, com uma responsabilidade de at\u00e9 5 anos.<\/p>\n<p>[\/vc_column_text][\/vc_column_inner][\/vc_row_inner][\/vc_column][vc_column width=&#8221;1\/4&#8243;][vc_row_inner css=&#8221;.vc_custom_1663569591032{padding-right: 17.5px !important;padding-left: 17.5px !important;}&#8221; tm_responsive_css=&#8221;50112867|colbreak_no||||||0||0|colbreak_no|||||||||colbreak_no||||||||||colbreak_no|||||||||&#8221;][vc_column_inner tm_zindex=&#8221;&#8221; el_id=&#8221;features&#8221;][vc_column_text el_class=&#8221;custom-text-box&#8221; css=&#8221;.vc_custom_1680509029283{margin-bottom: 0px !important;background-color: #1a2159 !important;}&#8221;]<\/p>\n<h4 class=\"tm-custom-heading\">Reembolso<\/h4>\n<p>[\/vc_column_text][vc_column_text el_class=&#8221;three-column-white-text-box bio-pages-download-box&#8221; css=&#8221;.vc_custom_1680509071792{margin-bottom: 65px !important;}&#8221;]<\/p>\n<p style=\"text-align: center;\">O reembolso ser\u00e1 efectuado atrav\u00e9s do pagamento de presta\u00e7\u00f5es de capital e dos respectivos juros em datas previamente agendadas.<\/p>\n<p>[\/vc_column_text][\/vc_column_inner][\/vc_row_inner][\/vc_column][vc_column width=&#8221;1\/4&#8243;][vc_row_inner css=&#8221;.vc_custom_1663569591032{padding-right: 17.5px !important;padding-left: 17.5px !important;}&#8221; tm_responsive_css=&#8221;50112867|colbreak_no||||||0||0|colbreak_no|||||||||colbreak_no||||||||||colbreak_no|||||||||&#8221;][vc_column_inner tm_zindex=&#8221;&#8221; el_id=&#8221;features&#8221;][vc_column_text el_class=&#8221;custom-text-box&#8221; css=&#8221;.vc_custom_1680509038568{margin-bottom: 0px !important;background-color: #1a2159 !important;}&#8221;]<\/p>\n<h4 class=\"tm-custom-heading\">Juros<\/h4>\n<p>[\/vc_column_text][vc_column_text el_class=&#8221;three-column-white-text-box bio-pages-download-box&#8221; css=&#8221;.vc_custom_1754569446502{margin-bottom: 65px !important;}&#8221;]<\/p>\n<p style=\"text-align: center;\">Para taxas de juro indicativas, por favor descarregar o pre\u00e7\u00e1rio do iib. As taxas finais s\u00e3o avaliadas caso a caso.<\/p>\n<p><a href=\"\/westafrica\/wp-content\/uploads\/sites\/4\/2025\/07\/PRECARIO-iibCV-2025.pdf\" download=\"\">Descarregar pdf<\/a>[\/vc_column_text][\/vc_column_inner][\/vc_row_inner][\/vc_column][\/vc_row][\/vc_section][vc_section el_class=&#8221;button-style-box custom-news-box custom-container-1299-width greyroW&#8221; css=&#8221;.vc_custom_1738071999594{padding-top: 30px !important;padding-bottom: 30px !important;background-color: #1a2159 !important;}&#8221;][vc_row][vc_column][vc_custom_heading text=&#8221;Your Bank, Your Future&#8221; font_container=&#8221;tag:h2|font_size:48px|text_align:center|color:%23ffffff&#8221; use_theme_fonts=&#8221;yes&#8221; el_class=&#8221;yourbank-font-bold&#8221; css=&#8221;.vc_custom_1667545067071{margin-bottom: 0px !important;}&#8221;][vc_separator color=&#8221;white&#8221; el_width=&#8221;30&#8243; el_class=&#8221;your-bank-border-width&#8221;][vc_custom_heading text=&#8221;O seu Banco, O seu Futuro&#8221; font_container=&#8221;tag:h2|font_size:48px|text_align:center|color:%23ffffff&#8221; use_theme_fonts=&#8221;yes&#8221; el_class=&#8221;yourbank-font-bold&#8221; css=&#8221;.vc_custom_1672813250177{margin-bottom: 0px !important;}&#8221;][\/vc_column][\/vc_row][\/vc_section][vc_section el_class=&#8221;post-content-box button-style-box custom-container-1299-width boX2&#8243; css=&#8221;.vc_custom_1738072016149{padding-top: 65px !important;}&#8221;][vc_row tm_bgimagefixed=&#8221;&#8221; break_in_responsive=&#8221;1200&#8243; el_class=&#8221;grey-content-box who-we-are-content-box&#8221;][vc_column width=&#8221;1\/2&#8243;][vc_row_inner css=&#8221;.vc_custom_1665387546485{padding-right: 17.5px !important;padding-left: 17.5px !important;}&#8221; tm_responsive_css=&#8221;45908895|colbreak_no||||||0||0|colbreak_no|||||||||colbreak_no||||||||||colbreak_no|||||||||&#8221;][vc_column_inner][vc_single_image image=&#8221;208&#8243; img_size=&#8221;full&#8221; alignment=&#8221;center&#8221; css=&#8221;.vc_custom_1678958540364{margin-bottom: 0px !important;}&#8221;][vc_column_text el_class=&#8221;custom-white-text-box&#8221; css=&#8221;.vc_custom_1680778625236{background-color: #efefef !important;}&#8221;]<\/p>\n<h4 class=\"tm-custom-heading \">Linha de Cr\u00e9dito<\/h4>\n<p>\u00c9 concedida uma linha de cr\u00e9dito contra uma conta de dep\u00f3sito \u00e0 ordem que pode ser utilizada para financiar as necessidades de liquidez da sua empresa.<\/p>\n<div class=\"custom-theme-button\"><a title=\"\" href=\"\/westafrica\/pt\/empresas\/linha-de-credito\/\">Ler +<\/a><\/div>\n<p>[\/vc_column_text][\/vc_column_inner][\/vc_row_inner][\/vc_column][vc_column width=&#8221;1\/2&#8243;][vc_row_inner css=&#8221;.vc_custom_1665387560516{padding-right: 17.5px !important;padding-left: 17.5px !important;}&#8221; tm_responsive_css=&#8221;16675962|colbreak_no||||||0||0|colbreak_no|||||||||colbreak_no||||||||||colbreak_no|||||||||&#8221;][vc_column_inner][vc_single_image image=&#8221;209&#8243; img_size=&#8221;full&#8221; alignment=&#8221;center&#8221; css=&#8221;.vc_custom_1678958548034{margin-bottom: 0px !important;}&#8221;][vc_column_text el_class=&#8221;custom-white-text-box&#8221; css=&#8221;.vc_custom_1680778643208{background-color: #efefef !important;}&#8221;]<\/p>\n<h4>Garantia e Avales<\/h4>\n<p>\u00c9 concedida uma linha de cr\u00e9dito contra uma conta de dep\u00f3sito \u00e0 ordem que pode ser utilizada para financiar as necessidades de liquidez da sua empresa.<\/p>\n<div class=\"custom-theme-button\"><a title=\"\" href=\"\/westafrica\/pt\/empresas\/garantias-e-avales\/\">Ler +<\/a><\/div>\n<p>[\/vc_column_text][\/vc_column_inner][\/vc_row_inner][\/vc_column][\/vc_row][\/vc_section][vc_section el_class=&#8221;plscntcT vertcenteR&#8221;][vc_row tm_bgimagefixed=&#8221;&#8221; el_id=&#8221;pic-with-text-box-right&#8221;][vc_column css=&#8221;.vc_custom_1667376019123{padding-right: 0px !important;padding-left: 0px !important;}&#8221;][vc_row_inner tm_zindex=&#8221;&#8221; content_placement=&#8221;middle&#8221; css=&#8221;.vc_custom_1738071917470{margin-bottom: 0px !important;padding-right: 0px !important;padding-left: 0px !important;background-color: #e6e6e6 !important;}&#8221;][vc_column_inner tm_zindex=&#8221;&#8221; width=&#8221;2\/3&#8243; css=&#8221;.vc_custom_1680157510519{margin-bottom: 0px !important;padding-top: 0px !important;padding-right: 0px !important;padding-left: 0px !important;}&#8221;][vc_single_image image=&#8221;210&#8243; img_size=&#8221;full&#8221; css=&#8221;.vc_custom_1678958557911{margin-bottom: 0px !important;}&#8221;][\/vc_column_inner][vc_column_inner width=&#8221;1\/3&#8243; css=&#8221;.vc_custom_1667376869127{padding-left: 20px !important;}&#8221;][vc_custom_heading text=&#8221;Contacte-nos para qualquer quest\u00e3o&#8221; font_container=&#8221;tag:h2|font_size:36px|text_align:left|color:%23575757&#8243; use_theme_fonts=&#8221;yes&#8221; css=&#8221;.vc_custom_1680509170427{margin-bottom: 50px !important;}&#8221;]<div id=\"ultimate-heading-425469df0fb29a457\" class=\"uvc-heading ult-adjust-bottom-margin ultimate-heading-425469df0fb29a457 uvc-3220 \" data-hspacer=\"no_spacer\"  data-halign=\"left\" style=\"text-align:left\"><div class=\"uvc-heading-spacer no_spacer\" style=\"top\"><\/div><div class=\"uvc-main-heading ult-responsive\"  data-ultimate-target='.uvc-heading.ultimate-heading-425469df0fb29a457 h2'  data-responsive-json-new='{\"font-size\":\"\",\"line-height\":\"\"}' ><h2 style=\"font-weight:normal;margin-bottom:0px;\">+238 260 2626<\/h2><\/div><\/div>[\/vc_column_inner][\/vc_row_inner][\/vc_column][\/vc_row][\/vc_section]<\/p>\n<\/section>","protected":false},"excerpt":{"rendered":"<p>[vc_section full_width=&#8221;stretch_row_content&#8221; el_class=&#8221;image-banner-with-text bottom-203-banner-text&#8221; css=&#8221;.vc_custom_1665060976256{padding-top: 0px !important;padding-bottom: 0px !important;}&#8221;][vc_row tm_bgimagefixed=&#8221;&#8221; full_width=&#8221;stretch_row_content_no_spaces&#8221;][vc_column][vc_row_inner][vc_column_inner css=&#8221;.vc_custom_1659424244579{padding-left: 0px !important;}&#8221;][vc_single_image image=&#8221;207&#8243; img_size=&#8221;full&#8221; alignment=&#8221;center&#8221; css=&#8221;.vc_custom_1678958521287{margin-bottom: 0px !important;}&#8221;][vc_column_text el_class=&#8221;white-text banner-heading banner-text-box banner-caption-btn-135px&#8221; css=&#8221;.vc_custom_1680508946212{margin-bottom: 0px !important;padding-top: 15px !important;padding-bottom: 15px !important;background-color: rgba(10,10,10,0.35) !important;*background-color: rgb(10,10,10) !important;}&#8221;] cr\u00e9dito investimento [\/vc_column_text][\/vc_column_inner][\/vc_row_inner][\/vc_column][\/vc_row][\/vc_section][vc_section css=&#8221;.vc_custom_1738071953325{padding-top: 65px !important;padding-bottom: 0px !important;}&#8221; el_class=&#8221;font-34px greyroW toproW&#8221;][vc_row tm_bgimagefixed=&#8221;&#8221; css=&#8221;.vc_custom_1667365774121{margin-bottom: 0px !important;}&#8221;][vc_column css=&#8221;.vc_custom_1667365779824{margin-bottom: 0px !important;}&#8221;][vc_column_text el_class=&#8221;font-34px&#8221; css=&#8221;.vc_custom_1738071876205{margin-bottom: [&hellip;]<\/p>\n","protected":false},"author":1,"featured_media":0,"parent":659,"menu_order":0,"comment_status":"closed","ping_status":"closed","template":"","meta":[],"acf":[],"_links":{"self":[{"href":"https:\/\/dev2.iibanks.com\/westafrica\/wp-json\/wp\/v2\/pages\/940"}],"collection":[{"href":"https:\/\/dev2.iibanks.com\/westafrica\/wp-json\/wp\/v2\/pages"}],"about":[{"href":"https:\/\/dev2.iibanks.com\/westafrica\/wp-json\/wp\/v2\/types\/page"}],"author":[{"embeddable":true,"href":"https:\/\/dev2.iibanks.com\/westafrica\/wp-json\/wp\/v2\/users\/1"}],"replies":[{"embeddable":true,"href":"https:\/\/dev2.iibanks.com\/westafrica\/wp-json\/wp\/v2\/comments?post=940"}],"version-history":[{"count":5,"href":"https:\/\/dev2.iibanks.com\/westafrica\/wp-json\/wp\/v2\/pages\/940\/revisions"}],"predecessor-version":[{"id":12589,"href":"https:\/\/dev2.iibanks.com\/westafrica\/wp-json\/wp\/v2\/pages\/940\/revisions\/12589"}],"up":[{"embeddable":true,"href":"https:\/\/dev2.iibanks.com\/westafrica\/wp-json\/wp\/v2\/pages\/659"}],"wp:attachment":[{"href":"https:\/\/dev2.iibanks.com\/westafrica\/wp-json\/wp\/v2\/media?parent=940"}],"curies":[{"name":"wp","href":"https:\/\/api.w.org\/{rel}","templated":true}]}}